{"id":501694,"date":"2025-07-12T17:51:08","date_gmt":"2025-07-12T15:51:08","guid":{"rendered":"https:\/\/lucacastelli.com\/prodotto\/milwaukee-fingerlose-arbeitshandschuhe-3\/"},"modified":"2025-07-12T17:51:08","modified_gmt":"2025-07-12T15:51:08","slug":"milwaukee-fingerlose-arbeitshandschuhe-3","status":"publish","type":"product","link":"https:\/\/lucacastelli.com\/de\/produkt\/milwaukee-fingerlose-arbeitshandschuhe-3\/","title":{"rendered":"MILWAUKEE Fingerlose Arbeitshandschuhe"},"content":{"rendered":"<p>Entwickelt, um Bewegungsfreiheit und Manipulation von kleinen Objekten zu gew\u00e4hrleisten; Verst\u00e4rkte Handfl\u00e4chen- und Daumennaht; Leicht und atmungsaktiv; Atmungsaktives Futter bietet ganzt\u00e4gigen Komfort; Ein Teil des Daumens ist mit einem Schwamm bedeckt, mit dem der Schwei\u00df von der Stirn abgewischt werden kann; Velcro-Verschluss f\u00fcr maximalen Halt w\u00e4hrend der Verarbeitung; Europ\u00e4ische Zertifizierung f\u00fcr mechanischen Schutz: EN ISO 21420:2020 und EN388:2016 (2121X)<\/p>\n","protected":false},"excerpt":{"rendered":"<p>Entwickelt, um Bewegungsfreiheit und Manipulation von kleinen Objekten zu gew\u00e4hrleisten; Verst\u00e4rkte Handfl\u00e4chen- und Daumennaht; Leicht und atmungsaktiv; Atmungsaktives Futter bietet<\/p>\n","protected":false},"featured_media":484101,"template":"","meta":{"_seopress_robots_primary_cat":"","_seopress_titles_title":"","_seopress_titles_desc":"","_seopress_robots_index":""},"product_brand":[3407],"product_cat":[29,558],"product_tag":[3270],"class_list":{"0":"post-501694","1":"product","2":"type-product","3":"status-publish","4":"has-post-thumbnail","6":"product_brand-milwaukee","7":"product_cat-macchinari","8":"product_cat-seghe-accessori-vari","9":"product_tag-import-milwau","10":"sws-gruppo-macchinari-de","11":"sws-conto-ricavi-merci-rivendita-macchinari-de","12":"sws-gruppo-iva-iva81-de","14":"first","15":"instock","16":"sale","17":"shipping-taxable","18":"purchasable","19":"product-type-simple"},"_links":{"self":[{"href":"https:\/\/lucacastelli.com\/de\/wp-json\/wp\/v2\/product\/501694","targetHints":{"allow":["GET"]}}],"collection":[{"href":"https:\/\/lucacastelli.com\/de\/wp-json\/wp\/v2\/product"}],"about":[{"href":"https:\/\/lucacastelli.com\/de\/wp-json\/wp\/v2\/types\/product"}],"wp:featuredmedia":[{"embeddable":true,"href":"https:\/\/lucacastelli.com\/de\/wp-json\/wp\/v2\/media\/484101"}],"wp:attachment":[{"href":"https:\/\/lucacastelli.com\/de\/wp-json\/wp\/v2\/media?parent=501694"}],"wp:term":[{"taxonomy":"product_brand","embeddable":true,"href":"https:\/\/lucacastelli.com\/de\/wp-json\/wp\/v2\/product_brand?post=501694"},{"taxonomy":"product_cat","embeddable":true,"href":"https:\/\/lucacastelli.com\/de\/wp-json\/wp\/v2\/product_cat?post=501694"},{"taxonomy":"product_tag","embeddable":true,"href":"https:\/\/lucacastelli.com\/de\/wp-json\/wp\/v2\/product_tag?post=501694"}],"curies":[{"name":"wp","href":"https:\/\/api.w.org\/{rel}","templated":true}]}}