{"id":501682,"date":"2025-07-12T17:51:06","date_gmt":"2025-07-12T15:51:06","guid":{"rendered":"https:\/\/lucacastelli.com\/prodotto\/milwaukee-arbeitshandschuhe-3\/"},"modified":"2025-07-12T17:51:06","modified_gmt":"2025-07-12T15:51:06","slug":"milwaukee-arbeitshandschuhe-3","status":"publish","type":"product","link":"https:\/\/lucacastelli.com\/de\/produkt\/milwaukee-arbeitshandschuhe-3\/","title":{"rendered":"MILWAUKEE Arbeitshandschuhe"},"content":{"rendered":"<p>ARMORTEX\u2122 verst\u00e4rkte Handfl\u00e4che und Fingerspitzen. Um die Haltbarkeit und den Schutz zu erh\u00f6hen; SMARTSWIPE- \u2122 Leitf\u00e4higer Stoffeinsatz, der am Kn\u00f6chel des Zeigefingers platziert ist und es Ihnen erm\u00f6glicht, Touchscreen-Ger\u00e4te zu verwenden, ohne den Handschuh auszuziehen; Atmungsaktives Synthetikgewebe auf der R\u00fcckseite f\u00fcr maximalen Komfort und Atmungsaktivit\u00e4t; Kn\u00f6chelschutz mit TPR-Verst\u00e4rkung (thermoplastischer Gummi); Ein Teil des Daumens ist mit einem Schwamm bedeckt, mit dem der Schwei\u00df von der Stirn abgewischt werden kann; Velcro-Verschluss f\u00fcr maximalen Halt und Komfort w\u00e4hrend der Anwendung; Europ\u00e4ische Zertifizierung f\u00fcr mechanischen Schutz: EN ISO 21420 und EN388:2016 (2121X) <\/p>\n","protected":false},"excerpt":{"rendered":"<p>ARMORTEX\u2122 verst\u00e4rkte Handfl\u00e4che und Fingerspitzen. Um die Haltbarkeit und den Schutz zu erh\u00f6hen; SMARTSWIPE- \u2122 Leitf\u00e4higer Stoffeinsatz, der am Kn\u00f6chel<\/p>\n","protected":false},"featured_media":484070,"template":"","meta":{"_seopress_robots_primary_cat":"","_seopress_titles_title":"","_seopress_titles_desc":"","_seopress_robots_index":""},"product_brand":[3407],"product_cat":[29,558],"product_tag":[3270],"class_list":{"0":"post-501682","1":"product","2":"type-product","3":"status-publish","4":"has-post-thumbnail","6":"product_brand-milwaukee","7":"product_cat-macchinari","8":"product_cat-seghe-accessori-vari","9":"product_tag-import-milwau","10":"sws-gruppo-macchinari-de","11":"sws-conto-ricavi-merci-rivendita-macchinari-de","12":"sws-gruppo-iva-iva81-de","14":"first","15":"instock","16":"sale","17":"shipping-taxable","18":"purchasable","19":"product-type-simple"},"_links":{"self":[{"href":"https:\/\/lucacastelli.com\/de\/wp-json\/wp\/v2\/product\/501682","targetHints":{"allow":["GET"]}}],"collection":[{"href":"https:\/\/lucacastelli.com\/de\/wp-json\/wp\/v2\/product"}],"about":[{"href":"https:\/\/lucacastelli.com\/de\/wp-json\/wp\/v2\/types\/product"}],"wp:featuredmedia":[{"embeddable":true,"href":"https:\/\/lucacastelli.com\/de\/wp-json\/wp\/v2\/media\/484070"}],"wp:attachment":[{"href":"https:\/\/lucacastelli.com\/de\/wp-json\/wp\/v2\/media?parent=501682"}],"wp:term":[{"taxonomy":"product_brand","embeddable":true,"href":"https:\/\/lucacastelli.com\/de\/wp-json\/wp\/v2\/product_brand?post=501682"},{"taxonomy":"product_cat","embeddable":true,"href":"https:\/\/lucacastelli.com\/de\/wp-json\/wp\/v2\/product_cat?post=501682"},{"taxonomy":"product_tag","embeddable":true,"href":"https:\/\/lucacastelli.com\/de\/wp-json\/wp\/v2\/product_tag?post=501682"}],"curies":[{"name":"wp","href":"https:\/\/api.w.org\/{rel}","templated":true}]}}