{"id":501674,"date":"2025-07-12T17:51:02","date_gmt":"2025-07-12T15:51:02","guid":{"rendered":"https:\/\/lucacastelli.com\/prodotto\/milwaukee-arbeitshandschuhe\/"},"modified":"2025-07-12T17:51:02","modified_gmt":"2025-07-12T15:51:02","slug":"milwaukee-arbeitshandschuhe","status":"publish","type":"product","link":"https:\/\/lucacastelli.com\/de\/produkt\/milwaukee-arbeitshandschuhe\/","title":{"rendered":"MILWAUKEE Arbeitshandschuhe"},"content":{"rendered":"<p>SMARTSWIPE &#8211; \u2122 Leitf\u00e4higer Stoffeinsatz, der am Kn\u00f6chel des Zeigefingers und an den Fingerspitzen platziert ist. Erm\u00f6glicht die Verwendung von Touchscreen-Ger\u00e4ten, ohne den Handschuh ausziehen zu m\u00fcssen; Flexible und elastische Handschuhe; Leicht und atmungsaktiv; Verst\u00e4rkte Handfl\u00e4che; Hohe Fingerfertigkeit w\u00e4hrend des Gebrauchs; Ein Teil des Daumens ist mit einem Schwamm bedeckt, mit dem der Schwei\u00df von der Stirn abgewischt werden kann; Europ\u00e4ische Zertifizierung f\u00fcr mechanischen Schutz: EN ISO 21420:2020 und EN388:2016 (2121X) <\/p>\n","protected":false},"excerpt":{"rendered":"<p>SMARTSWIPE &#8211; \u2122 Leitf\u00e4higer Stoffeinsatz, der am Kn\u00f6chel des Zeigefingers und an den Fingerspitzen platziert ist. Erm\u00f6glicht die Verwendung von<\/p>\n","protected":false},"featured_media":483996,"template":"","meta":{"_seopress_robots_primary_cat":"","_seopress_titles_title":"","_seopress_titles_desc":"","_seopress_robots_index":""},"product_brand":[3407],"product_cat":[29,558],"product_tag":[3270],"class_list":{"0":"post-501674","1":"product","2":"type-product","3":"status-publish","4":"has-post-thumbnail","6":"product_brand-milwaukee","7":"product_cat-macchinari","8":"product_cat-seghe-accessori-vari","9":"product_tag-import-milwau","10":"sws-gruppo-macchinari-de","11":"sws-conto-ricavi-merci-rivendita-macchinari-de","12":"sws-gruppo-iva-iva81-de","14":"first","15":"instock","16":"sale","17":"shipping-taxable","18":"purchasable","19":"product-type-simple"},"_links":{"self":[{"href":"https:\/\/lucacastelli.com\/de\/wp-json\/wp\/v2\/product\/501674","targetHints":{"allow":["GET"]}}],"collection":[{"href":"https:\/\/lucacastelli.com\/de\/wp-json\/wp\/v2\/product"}],"about":[{"href":"https:\/\/lucacastelli.com\/de\/wp-json\/wp\/v2\/types\/product"}],"wp:featuredmedia":[{"embeddable":true,"href":"https:\/\/lucacastelli.com\/de\/wp-json\/wp\/v2\/media\/483996"}],"wp:attachment":[{"href":"https:\/\/lucacastelli.com\/de\/wp-json\/wp\/v2\/media?parent=501674"}],"wp:term":[{"taxonomy":"product_brand","embeddable":true,"href":"https:\/\/lucacastelli.com\/de\/wp-json\/wp\/v2\/product_brand?post=501674"},{"taxonomy":"product_cat","embeddable":true,"href":"https:\/\/lucacastelli.com\/de\/wp-json\/wp\/v2\/product_cat?post=501674"},{"taxonomy":"product_tag","embeddable":true,"href":"https:\/\/lucacastelli.com\/de\/wp-json\/wp\/v2\/product_tag?post=501674"}],"curies":[{"name":"wp","href":"https:\/\/api.w.org\/{rel}","templated":true}]}}