{"id":501344,"date":"2025-07-18T09:39:42","date_gmt":"2025-07-18T07:39:42","guid":{"rendered":"https:\/\/lucacastelli.com\/prodotto\/milwaukee-hss-fraeser-11\/"},"modified":"2025-07-18T09:39:42","modified_gmt":"2025-07-18T07:39:42","slug":"milwaukee-hss-fraeser-11","status":"publish","type":"product","link":"https:\/\/lucacastelli.com\/de\/produkt\/milwaukee-hss-fraeser-11\/","title":{"rendered":"MILWAUKEE HSS-Fr\u00e4ser"},"content":{"rendered":"<p>100% schneller Dank des Vorhandenseins von mehr Schneidkanten ist das Loch mit den Fr\u00e4sern deutlich schneller; L\u00e4ngere Lebensdauer. Der Fr\u00e4ser erleidet im Vergleich zur klassischen Metallspitze weniger Reibung w\u00e4hrend des Lochs. Diese Funktion, zusammen mit der Dicke von 6 mm, erm\u00f6glicht es Ihnen, das Risiko eines Bruchs der Spitze selbst zu minimieren. HSS-Fr\u00e4ser mit dicken W\u00e4nden f\u00fcr l\u00e4ngere Lebensdauer und Lebensdauer; HSS-Metallschneider mit 19 mm Weldon-Schaft  <\/p>\n","protected":false},"excerpt":{"rendered":"<p>100% schneller Dank des Vorhandenseins von mehr Schneidkanten ist das Loch mit den Fr\u00e4sern deutlich schneller; L\u00e4ngere Lebensdauer. Der Fr\u00e4ser<\/p>\n","protected":false},"featured_media":494187,"template":"","meta":{"_seopress_robots_primary_cat":"","_seopress_titles_title":"","_seopress_titles_desc":"","_seopress_robots_index":""},"product_brand":[3656],"product_cat":[169,1553,1554],"product_tag":[3272],"class_list":{"0":"post-501344","1":"product","2":"type-product","3":"status-publish","4":"has-post-thumbnail","6":"product_brand-milwaukee-de","7":"product_cat-maschinen","8":"product_cat-bohrer-und-schraubendreher","9":"product_cat-zubehor-fur-bohrmaschinen-und-schraubendreher","10":"product_tag-import-milwau-de","11":"sws-gruppo-macchinari-de","12":"sws-conto-ricavi-merci-rivendita-macchinari-de","13":"sws-gruppo-iva-iva81-de","15":"first","16":"onbackorder","17":"sale","18":"shipping-taxable","19":"purchasable","20":"product-type-simple"},"_links":{"self":[{"href":"https:\/\/lucacastelli.com\/de\/wp-json\/wp\/v2\/product\/501344","targetHints":{"allow":["GET"]}}],"collection":[{"href":"https:\/\/lucacastelli.com\/de\/wp-json\/wp\/v2\/product"}],"about":[{"href":"https:\/\/lucacastelli.com\/de\/wp-json\/wp\/v2\/types\/product"}],"wp:featuredmedia":[{"embeddable":true,"href":"https:\/\/lucacastelli.com\/de\/wp-json\/wp\/v2\/media\/494187"}],"wp:attachment":[{"href":"https:\/\/lucacastelli.com\/de\/wp-json\/wp\/v2\/media?parent=501344"}],"wp:term":[{"taxonomy":"product_brand","embeddable":true,"href":"https:\/\/lucacastelli.com\/de\/wp-json\/wp\/v2\/product_brand?post=501344"},{"taxonomy":"product_cat","embeddable":true,"href":"https:\/\/lucacastelli.com\/de\/wp-json\/wp\/v2\/product_cat?post=501344"},{"taxonomy":"product_tag","embeddable":true,"href":"https:\/\/lucacastelli.com\/de\/wp-json\/wp\/v2\/product_tag?post=501344"}],"curies":[{"name":"wp","href":"https:\/\/api.w.org\/{rel}","templated":true}]}}