{"id":501201,"date":"2025-07-18T09:38:29","date_gmt":"2025-07-18T07:38:29","guid":{"rendered":"https:\/\/lucacastelli.com\/prodotto\/milwaukee-forstnerbohrer-4\/"},"modified":"2025-07-18T09:38:29","modified_gmt":"2025-07-18T07:38:29","slug":"milwaukee-forstnerbohrer-4","status":"publish","type":"product","link":"https:\/\/lucacastelli.com\/de\/produkt\/milwaukee-forstnerbohrer-4\/","title":{"rendered":"MILWAUKEE Forstnerbohrer"},"content":{"rendered":"<p>Zentrierspitze f\u00fcr pr\u00e4zises Positionieren und umlaufende Schneidkanten f\u00fcr pr\u00e4zises, ausrissfreies Bohren; Hergestellt nach DIN 74836. Ideal f\u00fcr schwere Anwendungen in Weichh\u00f6lzern, Laubh\u00f6lzern, Getreide, laminierten Platten, Sperrholz und Spanplatten <\/p>\n","protected":false},"excerpt":{"rendered":"<p>Zentrierspitze f\u00fcr pr\u00e4zises Positionieren und umlaufende Schneidkanten f\u00fcr pr\u00e4zises, ausrissfreies Bohren; Hergestellt nach DIN 74836. Ideal f\u00fcr schwere Anwendungen in<\/p>\n","protected":false},"featured_media":493895,"template":"","meta":{"_seopress_robots_primary_cat":"","_seopress_titles_title":"","_seopress_titles_desc":"","_seopress_robots_index":""},"product_brand":[3407],"product_cat":[29,549,550],"product_tag":[3270],"class_list":{"0":"post-501201","1":"product","2":"type-product","3":"status-publish","4":"has-post-thumbnail","6":"product_brand-milwaukee","7":"product_cat-macchinari","8":"product_cat-trapani-e-avvitatori","9":"product_cat-accessori-per-trapani-ed-avvitatori","10":"product_tag-import-milwau","11":"sws-gruppo-macchinari-de","12":"sws-conto-ricavi-merci-rivendita-macchinari-de","13":"sws-gruppo-iva-iva81-de","15":"first","16":"onbackorder","17":"sale","18":"shipping-taxable","19":"purchasable","20":"product-type-simple"},"_links":{"self":[{"href":"https:\/\/lucacastelli.com\/de\/wp-json\/wp\/v2\/product\/501201","targetHints":{"allow":["GET"]}}],"collection":[{"href":"https:\/\/lucacastelli.com\/de\/wp-json\/wp\/v2\/product"}],"about":[{"href":"https:\/\/lucacastelli.com\/de\/wp-json\/wp\/v2\/types\/product"}],"wp:featuredmedia":[{"embeddable":true,"href":"https:\/\/lucacastelli.com\/de\/wp-json\/wp\/v2\/media\/493895"}],"wp:attachment":[{"href":"https:\/\/lucacastelli.com\/de\/wp-json\/wp\/v2\/media?parent=501201"}],"wp:term":[{"taxonomy":"product_brand","embeddable":true,"href":"https:\/\/lucacastelli.com\/de\/wp-json\/wp\/v2\/product_brand?post=501201"},{"taxonomy":"product_cat","embeddable":true,"href":"https:\/\/lucacastelli.com\/de\/wp-json\/wp\/v2\/product_cat?post=501201"},{"taxonomy":"product_tag","embeddable":true,"href":"https:\/\/lucacastelli.com\/de\/wp-json\/wp\/v2\/product_tag?post=501201"}],"curies":[{"name":"wp","href":"https:\/\/api.w.org\/{rel}","templated":true}]}}