{"id":501119,"date":"2025-07-18T09:43:45","date_gmt":"2025-07-18T07:43:45","guid":{"rendered":"https:\/\/lucacastelli.com\/prodotto\/milwaukee-spiralfoermige-holzbohrer-21\/"},"modified":"2025-07-18T09:43:45","modified_gmt":"2025-07-18T07:43:45","slug":"milwaukee-spiralfoermige-holzbohrer-21","status":"publish","type":"product","link":"https:\/\/lucacastelli.com\/de\/produkt\/milwaukee-spiralfoermige-holzbohrer-21\/","title":{"rendered":"MILWAUKEE spiralf\u00f6rmige Holzbohrer"},"content":{"rendered":"<p>F\u00fcr schwere Pr\u00e4zisionsbohrungen in Weich- und Laubholz, in Rundholz mit gro\u00dfem Querschnitt, Balken, Bodenbretter, Spanplatten und Sperrholz; Lewis gerillte Konstruktion, f\u00fcr schnelle Spanabfuhr, mit sechseckigen Sch\u00e4ften f\u00fcr einen sicheren Halt des Spannfutters; Mit Hex-Aufsatz f\u00fcr besseren Halt<\/p>\n","protected":false},"excerpt":{"rendered":"<p>F\u00fcr schwere Pr\u00e4zisionsbohrungen in Weich- und Laubholz, in Rundholz mit gro\u00dfem Querschnitt, Balken, Bodenbretter, Spanplatten und Sperrholz; Lewis gerillte Konstruktion,<\/p>\n","protected":false},"featured_media":493748,"template":"","meta":{"_seopress_robots_primary_cat":"","_seopress_titles_title":"","_seopress_titles_desc":"","_seopress_robots_index":""},"product_brand":[3407],"product_cat":[29,549,550],"product_tag":[3270],"class_list":{"0":"post-501119","1":"product","2":"type-product","3":"status-publish","4":"has-post-thumbnail","6":"product_brand-milwaukee","7":"product_cat-macchinari","8":"product_cat-trapani-e-avvitatori","9":"product_cat-accessori-per-trapani-ed-avvitatori","10":"product_tag-import-milwau","11":"sws-gruppo-macchinari-de","12":"sws-conto-ricavi-merci-rivendita-macchinari-de","13":"sws-gruppo-iva-iva81-de","15":"first","16":"onbackorder","17":"sale","18":"shipping-taxable","19":"purchasable","20":"product-type-simple"},"_links":{"self":[{"href":"https:\/\/lucacastelli.com\/de\/wp-json\/wp\/v2\/product\/501119","targetHints":{"allow":["GET"]}}],"collection":[{"href":"https:\/\/lucacastelli.com\/de\/wp-json\/wp\/v2\/product"}],"about":[{"href":"https:\/\/lucacastelli.com\/de\/wp-json\/wp\/v2\/types\/product"}],"wp:featuredmedia":[{"embeddable":true,"href":"https:\/\/lucacastelli.com\/de\/wp-json\/wp\/v2\/media\/493748"}],"wp:attachment":[{"href":"https:\/\/lucacastelli.com\/de\/wp-json\/wp\/v2\/media?parent=501119"}],"wp:term":[{"taxonomy":"product_brand","embeddable":true,"href":"https:\/\/lucacastelli.com\/de\/wp-json\/wp\/v2\/product_brand?post=501119"},{"taxonomy":"product_cat","embeddable":true,"href":"https:\/\/lucacastelli.com\/de\/wp-json\/wp\/v2\/product_cat?post=501119"},{"taxonomy":"product_tag","embeddable":true,"href":"https:\/\/lucacastelli.com\/de\/wp-json\/wp\/v2\/product_tag?post=501119"}],"curies":[{"name":"wp","href":"https:\/\/api.w.org\/{rel}","templated":true}]}}