{"id":501016,"date":"2025-07-18T09:42:27","date_gmt":"2025-07-18T07:42:27","guid":{"rendered":"https:\/\/lucacastelli.com\/prodotto\/milwaukee-hss-spiralfoermige-cvs-din-7490\/"},"modified":"2025-07-18T09:42:27","modified_gmt":"2025-07-18T07:42:27","slug":"milwaukee-hss-spiralfoermige-cvs-din-7490","status":"publish","type":"product","link":"https:\/\/lucacastelli.com\/de\/produkt\/milwaukee-hss-spiralfoermige-cvs-din-7490\/","title":{"rendered":"MILWAUKEE HSS Spiralf\u00f6rmige CVs &#8211; DIN 7490"},"content":{"rendered":"<p>Hergestellt aus HSS-Stahl f\u00fcr Langlebigkeit; Besonders geeignet zum \u00d6ffnen tiefer L\u00f6cher in Hart- und Weichh\u00f6lzern, Spanplatten und Sperrholz. Ideal f\u00fcr Schalungsanwendungen; Hergestellt nach DIN 7490; Der Bohrerk\u00f6rper ist direkt mit dem zylindrischen Schaft verbunden, wodurch die Bruchgefahr ausgeschlossen und eine absolute Rundlaufgenauigkeit gew\u00e4hrleistet wird. Die Nut erm\u00f6glicht eine einfache und schnelle Explosion des Metallchips; Hergestellt in Deutschland <\/p>\n","protected":false},"excerpt":{"rendered":"<p>Hergestellt aus HSS-Stahl f\u00fcr Langlebigkeit; Besonders geeignet zum \u00d6ffnen tiefer L\u00f6cher in Hart- und Weichh\u00f6lzern, Spanplatten und Sperrholz. Ideal f\u00fcr<\/p>\n","protected":false},"featured_media":493738,"template":"","meta":{"_seopress_robots_primary_cat":"","_seopress_titles_title":"","_seopress_titles_desc":"","_seopress_robots_index":""},"product_brand":[3407],"product_cat":[29,549,550],"product_tag":[3270],"class_list":{"0":"post-501016","1":"product","2":"type-product","3":"status-publish","4":"has-post-thumbnail","6":"product_brand-milwaukee","7":"product_cat-macchinari","8":"product_cat-trapani-e-avvitatori","9":"product_cat-accessori-per-trapani-ed-avvitatori","10":"product_tag-import-milwau","11":"sws-gruppo-macchinari-de","12":"sws-conto-ricavi-merci-rivendita-macchinari-de","13":"sws-gruppo-iva-iva81-de","15":"first","16":"onbackorder","17":"sale","18":"shipping-taxable","19":"purchasable","20":"product-type-simple"},"_links":{"self":[{"href":"https:\/\/lucacastelli.com\/de\/wp-json\/wp\/v2\/product\/501016","targetHints":{"allow":["GET"]}}],"collection":[{"href":"https:\/\/lucacastelli.com\/de\/wp-json\/wp\/v2\/product"}],"about":[{"href":"https:\/\/lucacastelli.com\/de\/wp-json\/wp\/v2\/types\/product"}],"wp:featuredmedia":[{"embeddable":true,"href":"https:\/\/lucacastelli.com\/de\/wp-json\/wp\/v2\/media\/493738"}],"wp:attachment":[{"href":"https:\/\/lucacastelli.com\/de\/wp-json\/wp\/v2\/media?parent=501016"}],"wp:term":[{"taxonomy":"product_brand","embeddable":true,"href":"https:\/\/lucacastelli.com\/de\/wp-json\/wp\/v2\/product_brand?post=501016"},{"taxonomy":"product_cat","embeddable":true,"href":"https:\/\/lucacastelli.com\/de\/wp-json\/wp\/v2\/product_cat?post=501016"},{"taxonomy":"product_tag","embeddable":true,"href":"https:\/\/lucacastelli.com\/de\/wp-json\/wp\/v2\/product_tag?post=501016"}],"curies":[{"name":"wp","href":"https:\/\/api.w.org\/{rel}","templated":true}]}}