{"id":500886,"date":"2025-07-18T16:19:52","date_gmt":"2025-07-18T14:19:52","guid":{"rendered":"https:\/\/lucacastelli.com\/prodotto\/milwaukee-thunderweb-metallbohrer-hss-g-din-338-55\/"},"modified":"2025-07-18T16:19:52","modified_gmt":"2025-07-18T14:19:52","slug":"milwaukee-thunderweb-metallbohrer-hss-g-din-338-55","status":"publish","type":"product","link":"https:\/\/lucacastelli.com\/de\/produkt\/milwaukee-thunderweb-metallbohrer-hss-g-din-338-55\/","title":{"rendered":"MILWAUKEE THUNDERWEB Metallbohrer HSS-G &#8211; DIN 338"},"content":{"rendered":"<p>Die Thunderweb-Geometrie erm\u00f6glicht einen schnelleren Spanauswurf. Au\u00dferdem kann die W\u00e4rme besser abgef\u00fchrt werden. Diese beiden Eigenschaften verleihen ihm eine h\u00f6here Bohrlochgeschwindigkeit und eine l\u00e4ngere Lebensdauer des Bohrers. Der parabolische Querschnitt verringert das Risiko, dass der Bohrer in tiefen L\u00f6chern stecken bleibt; Der Querschnitt hat eine gr\u00f6\u00dfere Dicke und nimmt zu, wenn sich der Ansatz n\u00e4hert (konischer Querschnitt). Der parabolische Querschnitt bietet eine h\u00f6here Widerstandsf\u00e4higkeit, ein geringeres Bruchrisiko., hervorragend f\u00fcr besonders tiefe L\u00f6cher, l\u00e4ngere Lebensdauer; Schnittwinkel: 135\u00b0; Die gl\u00e4nzende Oberfl\u00e4che erm\u00f6glicht eine schnellere Spanabsaugung und eine l\u00e4ngere Lebensdauer des Bohrers. ABS-Kassetten mit Gummierung an den Ecken f\u00fcr mehr Widerstandsf\u00e4higkeit; Unterst\u00fctzt hohe Druckbelastungen<\/p>\n","protected":false},"excerpt":{"rendered":"<p>Die Thunderweb-Geometrie erm\u00f6glicht einen schnelleren Spanauswurf. Au\u00dferdem kann die W\u00e4rme besser abgef\u00fchrt werden. Diese beiden Eigenschaften verleihen ihm eine h\u00f6here<\/p>\n","protected":false},"featured_media":492245,"template":"","meta":{"_seopress_robots_primary_cat":"","_seopress_titles_title":"","_seopress_titles_desc":"","_seopress_robots_index":""},"product_brand":[3656],"product_cat":[169,1553,1554],"product_tag":[3272],"class_list":{"0":"post-500886","1":"product","2":"type-product","3":"status-publish","4":"has-post-thumbnail","6":"product_brand-milwaukee-de","7":"product_cat-maschinen","8":"product_cat-bohrer-und-schraubendreher","9":"product_cat-zubehor-fur-bohrmaschinen-und-schraubendreher","10":"product_tag-import-milwau-de","11":"sws-gruppo-macchinari-de","12":"sws-conto-ricavi-merci-rivendita-macchinari-de","13":"sws-gruppo-iva-iva81-de","15":"first","16":"onbackorder","17":"sale","18":"shipping-taxable","19":"purchasable","20":"product-type-simple"},"_links":{"self":[{"href":"https:\/\/lucacastelli.com\/de\/wp-json\/wp\/v2\/product\/500886","targetHints":{"allow":["GET"]}}],"collection":[{"href":"https:\/\/lucacastelli.com\/de\/wp-json\/wp\/v2\/product"}],"about":[{"href":"https:\/\/lucacastelli.com\/de\/wp-json\/wp\/v2\/types\/product"}],"wp:featuredmedia":[{"embeddable":true,"href":"https:\/\/lucacastelli.com\/de\/wp-json\/wp\/v2\/media\/492245"}],"wp:attachment":[{"href":"https:\/\/lucacastelli.com\/de\/wp-json\/wp\/v2\/media?parent=500886"}],"wp:term":[{"taxonomy":"product_brand","embeddable":true,"href":"https:\/\/lucacastelli.com\/de\/wp-json\/wp\/v2\/product_brand?post=500886"},{"taxonomy":"product_cat","embeddable":true,"href":"https:\/\/lucacastelli.com\/de\/wp-json\/wp\/v2\/product_cat?post=500886"},{"taxonomy":"product_tag","embeddable":true,"href":"https:\/\/lucacastelli.com\/de\/wp-json\/wp\/v2\/product_tag?post=500886"}],"curies":[{"name":"wp","href":"https:\/\/api.w.org\/{rel}","templated":true}]}}