{"id":500787,"date":"2025-07-18T16:18:58","date_gmt":"2025-07-18T14:18:58","guid":{"rendered":"https:\/\/lucacastelli.com\/prodotto\/milwaukee-flachkopf-holzschneider-8\/"},"modified":"2025-07-18T16:18:58","modified_gmt":"2025-07-18T14:18:58","slug":"milwaukee-flachkopf-holzschneider-8","status":"publish","type":"product","link":"https:\/\/lucacastelli.com\/de\/produkt\/milwaukee-flachkopf-holzschneider-8\/","title":{"rendered":"MILWAUKEE Flachkopf-Holzschneider"},"content":{"rendered":"<p>Sie erm\u00f6glichen ein schnelles und effektives Bohren von gro\u00dfen Durchmessern; Optimal f\u00fcr die Anwendung auf weichen und harten H\u00f6lzern, Spanplatten (ideal f\u00fcr Schl\u00f6sser); Ideal f\u00fcr Fenster und Sanit\u00e4r- oder Elektroinstallationen; Sechskantschaft 1\/4 Zoll (DIN E 6,3) zur direkten Befestigung am Elektrowerkzeug und zum sicheren Spannen des Futters; Bodenzentrierspitze f\u00fcr pr\u00e4zises Bohren und geschliffene Schneidnasen zur Verbesserung der Bohrausbeute<\/p>\n","protected":false},"excerpt":{"rendered":"<p>Sie erm\u00f6glichen ein schnelles und effektives Bohren von gro\u00dfen Durchmessern; Optimal f\u00fcr die Anwendung auf weichen und harten H\u00f6lzern, Spanplatten<\/p>\n","protected":false},"featured_media":492418,"template":"","meta":{"_seopress_robots_primary_cat":"","_seopress_titles_title":"","_seopress_titles_desc":"","_seopress_robots_index":""},"product_brand":[3407],"product_cat":[29,549,550],"product_tag":[3270],"class_list":{"0":"post-500787","1":"product","2":"type-product","3":"status-publish","4":"has-post-thumbnail","6":"product_brand-milwaukee","7":"product_cat-macchinari","8":"product_cat-trapani-e-avvitatori","9":"product_cat-accessori-per-trapani-ed-avvitatori","10":"product_tag-import-milwau","11":"sws-gruppo-macchinari-de","12":"sws-conto-ricavi-merci-rivendita-macchinari-de","13":"sws-gruppo-iva-iva81-de","15":"first","16":"onbackorder","17":"sale","18":"shipping-taxable","19":"purchasable","20":"product-type-simple"},"_links":{"self":[{"href":"https:\/\/lucacastelli.com\/de\/wp-json\/wp\/v2\/product\/500787","targetHints":{"allow":["GET"]}}],"collection":[{"href":"https:\/\/lucacastelli.com\/de\/wp-json\/wp\/v2\/product"}],"about":[{"href":"https:\/\/lucacastelli.com\/de\/wp-json\/wp\/v2\/types\/product"}],"wp:featuredmedia":[{"embeddable":true,"href":"https:\/\/lucacastelli.com\/de\/wp-json\/wp\/v2\/media\/492418"}],"wp:attachment":[{"href":"https:\/\/lucacastelli.com\/de\/wp-json\/wp\/v2\/media?parent=500787"}],"wp:term":[{"taxonomy":"product_brand","embeddable":true,"href":"https:\/\/lucacastelli.com\/de\/wp-json\/wp\/v2\/product_brand?post=500787"},{"taxonomy":"product_cat","embeddable":true,"href":"https:\/\/lucacastelli.com\/de\/wp-json\/wp\/v2\/product_cat?post=500787"},{"taxonomy":"product_tag","embeddable":true,"href":"https:\/\/lucacastelli.com\/de\/wp-json\/wp\/v2\/product_tag?post=500787"}],"curies":[{"name":"wp","href":"https:\/\/api.w.org\/{rel}","templated":true}]}}