{"id":500755,"date":"2025-07-18T09:45:58","date_gmt":"2025-07-18T07:45:58","guid":{"rendered":"https:\/\/lucacastelli.com\/prodotto\/milwaukee-sds-max-4-schneiden-bits-12\/"},"modified":"2025-07-18T09:45:58","modified_gmt":"2025-07-18T07:45:58","slug":"milwaukee-sds-max-4-schneiden-bits-12","status":"publish","type":"product","link":"https:\/\/lucacastelli.com\/de\/produkt\/milwaukee-sds-max-4-schneiden-bits-12\/","title":{"rendered":"MILWAUKEE SDS-Max 4-Schneiden-Bits"},"content":{"rendered":"<p>Gro\u00dfe Schneide mit abgeschr\u00e4gten Ecken. Es sorgt f\u00fcr geringere Vibrationen und eine optimale Bohrleistung in Stahlbetonanwendungen. L\u00e4ngere Lebensdauer der Spitze im Laufe der Zeit; Kopfgeometrie 4 x 90\u00b0. Es erm\u00f6glicht pr\u00e4zise L\u00f6cher und eine hervorragende Bohrleistung, auch bei Vorhandensein von Verst\u00e4rkung; 130\u00b0 Prim\u00e4rschneide. Der Schneidkantenwinkel von 130\u00b0 erm\u00f6glicht eine optimale Leistung bei Anwendungen in Gegenwart von Verst\u00e4rkung und eine hervorragende Bohrungsgenauigkeit; Sekund\u00e4re Schneide. Robust, um die prim\u00e4re Schneide w\u00e4hrend des Bohrens zu st\u00fctzen, f\u00fcr schnelleres Bohren; Kurze Nut f\u00fcr bessere Staubabsaugung und h\u00f6here Bohrgeschwindigkeit, weniger Verschlei\u00df und weniger W\u00e4rmeentwicklung; Die Nut an der Seite der Prim\u00e4rschneide erm\u00f6glicht es Ihnen, den Verschlei\u00df des Bohrers zu \u00fcberpr\u00fcfen. Milwaukee garantiert eine eigene Spitze bis zu 75 m; Verst\u00e4rkter Spitzenabschnitt. Dies erm\u00f6glicht weniger Vibrationen, weniger Bruch und eine bessere \u00dcbertragung der Kraft des Werkzeugs auf den Bit. Tiefe Rillenschulter. Dies erm\u00f6glicht eine gr\u00f6\u00dfere und schnellere Staubabsaugung und einen geringeren W\u00e4rmestau am Spitzenkopf und damit einen geringeren Verschlei\u00df; Weniger Vibrationen. Komfortables Bohren mit weniger Stress f\u00fcr den Benutzer und das Werkzeug; Spezielle Oberfl\u00e4chenbehandlung. F\u00fcr ein leichteres Gleiten des Pulvers auf der Oberfl\u00e4che der Spitze und weniger Reibung; PGM-Zeichen. Sorgt f\u00fcr pr\u00e4zise und genaue L\u00f6cher und maximalen D\u00fcbelhalt<\/p>\n","protected":false},"excerpt":{"rendered":"<p>Gro\u00dfe Schneide mit abgeschr\u00e4gten Ecken. Es sorgt f\u00fcr geringere Vibrationen und eine optimale Bohrleistung in Stahlbetonanwendungen. L\u00e4ngere Lebensdauer der Spitze<\/p>\n","protected":false},"featured_media":492871,"template":"","meta":{"_seopress_robots_primary_cat":"","_seopress_titles_title":"","_seopress_titles_desc":"","_seopress_robots_index":""},"product_brand":[3407],"product_cat":[29,549,550],"product_tag":[3270],"class_list":{"0":"post-500755","1":"product","2":"type-product","3":"status-publish","4":"has-post-thumbnail","6":"product_brand-milwaukee","7":"product_cat-macchinari","8":"product_cat-trapani-e-avvitatori","9":"product_cat-accessori-per-trapani-ed-avvitatori","10":"product_tag-import-milwau","11":"sws-gruppo-macchinari-de","12":"sws-conto-ricavi-merci-rivendita-macchinari-de","13":"sws-gruppo-iva-iva81-de","15":"first","16":"onbackorder","17":"sale","18":"shipping-taxable","19":"purchasable","20":"product-type-simple"},"_links":{"self":[{"href":"https:\/\/lucacastelli.com\/de\/wp-json\/wp\/v2\/product\/500755","targetHints":{"allow":["GET"]}}],"collection":[{"href":"https:\/\/lucacastelli.com\/de\/wp-json\/wp\/v2\/product"}],"about":[{"href":"https:\/\/lucacastelli.com\/de\/wp-json\/wp\/v2\/types\/product"}],"wp:featuredmedia":[{"embeddable":true,"href":"https:\/\/lucacastelli.com\/de\/wp-json\/wp\/v2\/media\/492871"}],"wp:attachment":[{"href":"https:\/\/lucacastelli.com\/de\/wp-json\/wp\/v2\/media?parent=500755"}],"wp:term":[{"taxonomy":"product_brand","embeddable":true,"href":"https:\/\/lucacastelli.com\/de\/wp-json\/wp\/v2\/product_brand?post=500755"},{"taxonomy":"product_cat","embeddable":true,"href":"https:\/\/lucacastelli.com\/de\/wp-json\/wp\/v2\/product_cat?post=500755"},{"taxonomy":"product_tag","embeddable":true,"href":"https:\/\/lucacastelli.com\/de\/wp-json\/wp\/v2\/product_tag?post=500755"}],"curies":[{"name":"wp","href":"https:\/\/api.w.org\/{rel}","templated":true}]}}