{"id":500704,"date":"2025-07-18T09:45:38","date_gmt":"2025-07-18T07:45:38","guid":{"rendered":"https:\/\/lucacastelli.com\/prodotto\/milwaukee-sds-max-buschhammer-meissel\/"},"modified":"2025-07-18T09:45:38","modified_gmt":"2025-07-18T07:45:38","slug":"milwaukee-sds-max-buschhammer-meissel","status":"publish","type":"product","link":"https:\/\/lucacastelli.com\/de\/produkt\/milwaukee-sds-max-buschhammer-meissel\/","title":{"rendered":"MILWAUKEE SDS-Max Buschhammer Mei\u00dfel"},"content":{"rendered":"<p>Geeignet f\u00fcr die Oberfl\u00e4chenbehandlung: Aufrauen von Zement-Beton-Asphalt-Steinziegeln; 16 Z\u00e4hne<\/p>\n","protected":false},"excerpt":{"rendered":"<p>Geeignet f\u00fcr die Oberfl\u00e4chenbehandlung: Aufrauen von Zement-Beton-Asphalt-Steinziegeln; 16 Z\u00e4hne<\/p>\n","protected":false},"featured_media":492971,"template":"","meta":{"_seopress_robots_primary_cat":"","_seopress_titles_title":"","_seopress_titles_desc":"","_seopress_robots_index":""},"product_brand":[3407],"product_cat":[29,549,550],"product_tag":[3270],"class_list":{"0":"post-500704","1":"product","2":"type-product","3":"status-publish","4":"has-post-thumbnail","6":"product_brand-milwaukee","7":"product_cat-macchinari","8":"product_cat-trapani-e-avvitatori","9":"product_cat-accessori-per-trapani-ed-avvitatori","10":"product_tag-import-milwau","11":"sws-gruppo-macchinari-de","12":"sws-conto-ricavi-merci-rivendita-macchinari-de","13":"sws-gruppo-iva-iva81-de","15":"first","16":"onbackorder","17":"sale","18":"shipping-taxable","19":"purchasable","20":"product-type-simple"},"_links":{"self":[{"href":"https:\/\/lucacastelli.com\/de\/wp-json\/wp\/v2\/product\/500704","targetHints":{"allow":["GET"]}}],"collection":[{"href":"https:\/\/lucacastelli.com\/de\/wp-json\/wp\/v2\/product"}],"about":[{"href":"https:\/\/lucacastelli.com\/de\/wp-json\/wp\/v2\/types\/product"}],"wp:featuredmedia":[{"embeddable":true,"href":"https:\/\/lucacastelli.com\/de\/wp-json\/wp\/v2\/media\/492971"}],"wp:attachment":[{"href":"https:\/\/lucacastelli.com\/de\/wp-json\/wp\/v2\/media?parent=500704"}],"wp:term":[{"taxonomy":"product_brand","embeddable":true,"href":"https:\/\/lucacastelli.com\/de\/wp-json\/wp\/v2\/product_brand?post=500704"},{"taxonomy":"product_cat","embeddable":true,"href":"https:\/\/lucacastelli.com\/de\/wp-json\/wp\/v2\/product_cat?post=500704"},{"taxonomy":"product_tag","embeddable":true,"href":"https:\/\/lucacastelli.com\/de\/wp-json\/wp\/v2\/product_tag?post=500704"}],"curies":[{"name":"wp","href":"https:\/\/api.w.org\/{rel}","templated":true}]}}