{"id":500680,"date":"2025-07-18T09:45:07","date_gmt":"2025-07-18T07:45:07","guid":{"rendered":"https:\/\/lucacastelli.com\/prodotto\/milwaukee-sds-plus-mx4-4-schneiden-bohrer-55\/"},"modified":"2025-07-18T09:45:07","modified_gmt":"2025-07-18T07:45:07","slug":"milwaukee-sds-plus-mx4-4-schneiden-bohrer-55","status":"publish","type":"product","link":"https:\/\/lucacastelli.com\/de\/produkt\/milwaukee-sds-plus-mx4-4-schneiden-bohrer-55\/","title":{"rendered":"MILWAUKEE SDS-Plus MX4 4-Schneiden-Bohrer"},"content":{"rendered":"<p>Einzelblock mit 4 Hartmetallschneiden (4&#215;90\u00b0). F\u00fcr perfekt abgerundete L\u00f6cher und optimale Verankerung; 4-schneidige Geometrie, sorgt f\u00fcr maximale Absaugung von Staub und Schmutz; Zentrierbohrer f\u00fcr einfache Zentrierung und maximale Bohrungsgenauigkeit; Eine gr\u00f6\u00dfere Menge an Hartmetall f\u00fchrt zu einer l\u00e4ngeren Lebensdauer; 4 Abbruchz\u00e4hne erzeugen Mikrobr\u00fcche im Beton, die die Geschwindigkeit erh\u00f6hen. Sie zerkleinern das Material effizienter. 20 % schneller als die Konkurrenz; Seitliche Anfasung der Schneide f\u00fcr h\u00f6here Festigkeit in Stahlbeton. Diese Bits sind 4-mal l\u00e4nger haltbar als 2-schneidige Bits; Neues Schulterdesign, das sich verj\u00fcngt, wenn Sie sich der Schneide n\u00e4hern, um eine bessere Staubabsaugung, Geschwindigkeit und minimierte Reibung zu erzielen. Bis zu 20 % mehr L\u00f6cher pro Ladung im Vergleich zu Mitbewerbern; Hergestellt in Deutschland     <\/p>\n","protected":false},"excerpt":{"rendered":"<p>Einzelblock mit 4 Hartmetallschneiden (4&#215;90\u00b0). F\u00fcr perfekt abgerundete L\u00f6cher und optimale Verankerung; 4-schneidige Geometrie, sorgt f\u00fcr maximale Absaugung von Staub<\/p>\n","protected":false},"featured_media":491425,"template":"","meta":{"_seopress_robots_primary_cat":"","_seopress_titles_title":"","_seopress_titles_desc":"","_seopress_robots_index":""},"product_brand":[3656],"product_cat":[1553,169,1554],"product_tag":[3272],"class_list":{"0":"post-500680","1":"product","2":"type-product","3":"status-publish","4":"has-post-thumbnail","6":"product_brand-milwaukee-de","7":"product_cat-bohrer-und-schraubendreher","8":"product_cat-maschinen","9":"product_cat-zubehor-fur-bohrmaschinen-und-schraubendreher","10":"product_tag-import-milwau-de","11":"sws-gruppo-macchinari-de","12":"sws-conto-ricavi-merci-rivendita-macchinari-de","13":"sws-gruppo-iva-iva81-de","15":"first","16":"onbackorder","17":"sale","18":"shipping-taxable","19":"purchasable","20":"product-type-simple"},"_links":{"self":[{"href":"https:\/\/lucacastelli.com\/de\/wp-json\/wp\/v2\/product\/500680","targetHints":{"allow":["GET"]}}],"collection":[{"href":"https:\/\/lucacastelli.com\/de\/wp-json\/wp\/v2\/product"}],"about":[{"href":"https:\/\/lucacastelli.com\/de\/wp-json\/wp\/v2\/types\/product"}],"wp:featuredmedia":[{"embeddable":true,"href":"https:\/\/lucacastelli.com\/de\/wp-json\/wp\/v2\/media\/491425"}],"wp:attachment":[{"href":"https:\/\/lucacastelli.com\/de\/wp-json\/wp\/v2\/media?parent=500680"}],"wp:term":[{"taxonomy":"product_brand","embeddable":true,"href":"https:\/\/lucacastelli.com\/de\/wp-json\/wp\/v2\/product_brand?post=500680"},{"taxonomy":"product_cat","embeddable":true,"href":"https:\/\/lucacastelli.com\/de\/wp-json\/wp\/v2\/product_cat?post=500680"},{"taxonomy":"product_tag","embeddable":true,"href":"https:\/\/lucacastelli.com\/de\/wp-json\/wp\/v2\/product_tag?post=500680"}],"curies":[{"name":"wp","href":"https:\/\/api.w.org\/{rel}","templated":true}]}}