{"id":500405,"date":"2025-07-18T18:38:59","date_gmt":"2025-07-18T16:38:59","guid":{"rendered":"https:\/\/lucacastelli.com\/prodotto\/milwaukee-j12-th32\/"},"modified":"2025-07-18T18:38:59","modified_gmt":"2025-07-18T16:38:59","slug":"milwaukee-j12-th32","status":"publish","type":"product","link":"https:\/\/lucacastelli.com\/de\/produkt\/milwaukee-j12-th32\/","title":{"rendered":"MILWAUKEE J12-TH32"},"content":{"rendered":"<p>Die M12\u2122 FORCE LOGIC\u2122 Pressbacken sind so konzipiert, dass sie den h\u00f6chsten Anspr\u00fcchen an Qualit\u00e4t und Langlebigkeit gerecht werden. Mit der M\u00f6glichkeit, sie leicht mit dem Daumen zu \u00f6ffnen, sind diese Backen die bequemste und praktischste Pressl\u00f6sung <\/p>\n","protected":false},"excerpt":{"rendered":"<p>Die M12\u2122 FORCE LOGIC\u2122 Pressbacken sind so konzipiert, dass sie den h\u00f6chsten Anspr\u00fcchen an Qualit\u00e4t und Langlebigkeit gerecht werden. Mit<\/p>\n","protected":false},"featured_media":496195,"template":"","meta":{"_seopress_robots_primary_cat":"","_seopress_titles_title":"","_seopress_titles_desc":"","_seopress_robots_index":""},"product_brand":[3407],"product_cat":[29,514,558],"product_tag":[3270],"class_list":{"0":"post-500405","1":"product","2":"type-product","3":"status-publish","4":"has-post-thumbnail","6":"product_brand-milwaukee","7":"product_cat-macchinari","8":"product_cat-altri-dispositivi","9":"product_cat-seghe-accessori-vari","10":"product_tag-import-milwau","11":"sws-gruppo-macchinari-de","12":"sws-conto-ricavi-merci-rivendita-macchinari-de","13":"sws-gruppo-iva-iva81-de","15":"first","16":"onbackorder","17":"sale","18":"shipping-taxable","19":"purchasable","20":"product-type-simple"},"_links":{"self":[{"href":"https:\/\/lucacastelli.com\/de\/wp-json\/wp\/v2\/product\/500405","targetHints":{"allow":["GET"]}}],"collection":[{"href":"https:\/\/lucacastelli.com\/de\/wp-json\/wp\/v2\/product"}],"about":[{"href":"https:\/\/lucacastelli.com\/de\/wp-json\/wp\/v2\/types\/product"}],"wp:featuredmedia":[{"embeddable":true,"href":"https:\/\/lucacastelli.com\/de\/wp-json\/wp\/v2\/media\/496195"}],"wp:attachment":[{"href":"https:\/\/lucacastelli.com\/de\/wp-json\/wp\/v2\/media?parent=500405"}],"wp:term":[{"taxonomy":"product_brand","embeddable":true,"href":"https:\/\/lucacastelli.com\/de\/wp-json\/wp\/v2\/product_brand?post=500405"},{"taxonomy":"product_cat","embeddable":true,"href":"https:\/\/lucacastelli.com\/de\/wp-json\/wp\/v2\/product_cat?post=500405"},{"taxonomy":"product_tag","embeddable":true,"href":"https:\/\/lucacastelli.com\/de\/wp-json\/wp\/v2\/product_tag?post=500405"}],"curies":[{"name":"wp","href":"https:\/\/api.w.org\/{rel}","templated":true}]}}