{"id":500289,"date":"2025-07-18T17:16:40","date_gmt":"2025-07-18T15:16:40","guid":{"rendered":"https:\/\/lucacastelli.com\/prodotto\/milwaukee-spezialanwendungen-kuechenarbeitsplatten-laminat\/"},"modified":"2025-07-18T17:16:40","modified_gmt":"2025-07-18T15:16:40","slug":"milwaukee-spezialanwendungen-kuechenarbeitsplatten-laminat","status":"publish","type":"product","link":"https:\/\/lucacastelli.com\/de\/produkt\/milwaukee-spezialanwendungen-kuechenarbeitsplatten-laminat\/","title":{"rendered":"MILWAUKEE Spezialanwendungen: K\u00fcchenarbeitsplatten  Laminat"},"content":{"rendered":"<p>Diese Klingen haben ein umgekehrtes Zahndesign, was bedeutet, dass die Klinge nach unten schneidet, wodurch sie sich hervorragend f\u00fcr sauberes Schneiden in Spanplatten, Laminat und insbesondere K\u00fcchenarbeitsplatten eignen; F\u00fcr beste Ergebnisse ohne Pendelwirkung<\/p>\n","protected":false},"excerpt":{"rendered":"<p>Diese Klingen haben ein umgekehrtes Zahndesign, was bedeutet, dass die Klinge nach unten schneidet, wodurch sie sich hervorragend f\u00fcr sauberes<\/p>\n","protected":false},"featured_media":491407,"template":"","meta":{"_seopress_robots_primary_cat":"","_seopress_titles_title":"","_seopress_titles_desc":"","_seopress_robots_index":""},"product_brand":[3656],"product_cat":[169,1454,1535],"product_tag":[3272],"class_list":{"0":"post-500289","1":"product","2":"type-product","3":"status-publish","4":"has-post-thumbnail","6":"product_brand-milwaukee-de","7":"product_cat-maschinen","8":"product_cat-andere-gerate","9":"product_cat-sagen","10":"product_tag-import-milwau-de","11":"sws-gruppo-macchinari-de","12":"sws-conto-ricavi-merci-rivendita-macchinari-de","13":"sws-gruppo-iva-iva81-de","15":"first","16":"onbackorder","17":"sale","18":"shipping-taxable","19":"purchasable","20":"product-type-simple"},"_links":{"self":[{"href":"https:\/\/lucacastelli.com\/de\/wp-json\/wp\/v2\/product\/500289","targetHints":{"allow":["GET"]}}],"collection":[{"href":"https:\/\/lucacastelli.com\/de\/wp-json\/wp\/v2\/product"}],"about":[{"href":"https:\/\/lucacastelli.com\/de\/wp-json\/wp\/v2\/types\/product"}],"wp:featuredmedia":[{"embeddable":true,"href":"https:\/\/lucacastelli.com\/de\/wp-json\/wp\/v2\/media\/491407"}],"wp:attachment":[{"href":"https:\/\/lucacastelli.com\/de\/wp-json\/wp\/v2\/media?parent=500289"}],"wp:term":[{"taxonomy":"product_brand","embeddable":true,"href":"https:\/\/lucacastelli.com\/de\/wp-json\/wp\/v2\/product_brand?post=500289"},{"taxonomy":"product_cat","embeddable":true,"href":"https:\/\/lucacastelli.com\/de\/wp-json\/wp\/v2\/product_cat?post=500289"},{"taxonomy":"product_tag","embeddable":true,"href":"https:\/\/lucacastelli.com\/de\/wp-json\/wp\/v2\/product_tag?post=500289"}],"curies":[{"name":"wp","href":"https:\/\/api.w.org\/{rel}","templated":true}]}}