{"id":500276,"date":"2025-07-18T16:22:48","date_gmt":"2025-07-18T14:22:48","guid":{"rendered":"https:\/\/lucacastelli.com\/prodotto\/milwaukee-kurze-geschliffene-metallbohrer-hss-g-din-1897-packung-5-und-10-stueck-18\/"},"modified":"2025-07-18T16:22:48","modified_gmt":"2025-07-18T14:22:48","slug":"milwaukee-kurze-geschliffene-metallbohrer-hss-g-din-1897-packung-5-und-10-stueck-18","status":"publish","type":"product","link":"https:\/\/lucacastelli.com\/de\/produkt\/milwaukee-kurze-geschliffene-metallbohrer-hss-g-din-1897-packung-5-und-10-stueck-18\/","title":{"rendered":"MILWAUKEE Kurze geschliffene Metallbohrer HSS-G &#8211; DIN 1897 &#8211; Packung 5 und 10 St\u00fcck"},"content":{"rendered":"<p>HSS-Bodenbohrer, die nach der Norm DIN 1897 hergestellt werden; Schneidengeometrie: Geteiltes Sch\u00e4rfen (selbstzentrierend) DIN 1412 C; Scharfe und scharfe Kanten f\u00fcr h\u00f6chste Bohrungsgenauigkeit; Schneiden mit 135\u00b0 Schnittwinkel; Anwendung: Geeignet f\u00fcr tiefe L\u00f6cher. Kann auch auf Materialien wie Holz und Kunststoff verwendet werden; Geeignet zum Bohren in Stahl, Gusseisen, legiertem und unlegiertem Material, Edelstahl und mit einer Zugfestigkeit von bis zu 900 N\/mm39 <\/p>\n","protected":false},"excerpt":{"rendered":"<p>HSS-Bodenbohrer, die nach der Norm DIN 1897 hergestellt werden; Schneidengeometrie: Geteiltes Sch\u00e4rfen (selbstzentrierend) DIN 1412 C; Scharfe und scharfe Kanten<\/p>\n","protected":false},"featured_media":491805,"template":"","meta":{"_seopress_robots_primary_cat":"","_seopress_titles_title":"","_seopress_titles_desc":"","_seopress_robots_index":""},"product_brand":[3407],"product_cat":[29,549,550],"product_tag":[3270],"class_list":{"0":"post-500276","1":"product","2":"type-product","3":"status-publish","4":"has-post-thumbnail","6":"product_brand-milwaukee","7":"product_cat-macchinari","8":"product_cat-trapani-e-avvitatori","9":"product_cat-accessori-per-trapani-ed-avvitatori","10":"product_tag-import-milwau","11":"sws-gruppo-macchinari-de","12":"sws-conto-ricavi-merci-rivendita-macchinari-de","13":"sws-gruppo-iva-iva81-de","15":"first","16":"onbackorder","17":"sale","18":"shipping-taxable","19":"purchasable","20":"product-type-simple"},"_links":{"self":[{"href":"https:\/\/lucacastelli.com\/de\/wp-json\/wp\/v2\/product\/500276","targetHints":{"allow":["GET"]}}],"collection":[{"href":"https:\/\/lucacastelli.com\/de\/wp-json\/wp\/v2\/product"}],"about":[{"href":"https:\/\/lucacastelli.com\/de\/wp-json\/wp\/v2\/types\/product"}],"wp:featuredmedia":[{"embeddable":true,"href":"https:\/\/lucacastelli.com\/de\/wp-json\/wp\/v2\/media\/491805"}],"wp:attachment":[{"href":"https:\/\/lucacastelli.com\/de\/wp-json\/wp\/v2\/media?parent=500276"}],"wp:term":[{"taxonomy":"product_brand","embeddable":true,"href":"https:\/\/lucacastelli.com\/de\/wp-json\/wp\/v2\/product_brand?post=500276"},{"taxonomy":"product_cat","embeddable":true,"href":"https:\/\/lucacastelli.com\/de\/wp-json\/wp\/v2\/product_cat?post=500276"},{"taxonomy":"product_tag","embeddable":true,"href":"https:\/\/lucacastelli.com\/de\/wp-json\/wp\/v2\/product_tag?post=500276"}],"curies":[{"name":"wp","href":"https:\/\/api.w.org\/{rel}","templated":true}]}}