{"id":500229,"date":"2025-07-18T16:22:29","date_gmt":"2025-07-18T14:22:29","guid":{"rendered":"https:\/\/lucacastelli.com\/prodotto\/milwaukee-kurze-geschliffene-metallbohrer-hss-g-din-1897-packung-5-und-10-stueck-2\/"},"modified":"2025-07-18T16:22:29","modified_gmt":"2025-07-18T14:22:29","slug":"milwaukee-kurze-geschliffene-metallbohrer-hss-g-din-1897-packung-5-und-10-stueck-2","status":"publish","type":"product","link":"https:\/\/lucacastelli.com\/de\/produkt\/milwaukee-kurze-geschliffene-metallbohrer-hss-g-din-1897-packung-5-und-10-stueck-2\/","title":{"rendered":"MILWAUKEE Kurze geschliffene Metallbohrer HSS-G &#8211; DIN 1897 &#8211; Packung 5 und 10 St\u00fcck"},"content":{"rendered":"<p>HSS-Bodenbohrer, die nach der Norm DIN 1897 hergestellt werden; Schneidengeometrie: Geteiltes Sch\u00e4rfen (selbstzentrierend) DIN 1412 C; Scharfe und scharfe Kanten f\u00fcr h\u00f6chste Bohrungsgenauigkeit; Schneiden mit 135\u00b0 Schnittwinkel; Anwendung: Geeignet f\u00fcr tiefe L\u00f6cher. Kann auch auf Materialien wie Holz und Kunststoff verwendet werden; Geeignet zum Bohren in Stahl, Gusseisen, legierten und unlegierten Werkstoffen, Edelstahl und mit einer Zugfestigkeit von bis zu 900 N\/mm19 <\/p>\n","protected":false},"excerpt":{"rendered":"<p>HSS-Bodenbohrer, die nach der Norm DIN 1897 hergestellt werden; Schneidengeometrie: Geteiltes Sch\u00e4rfen (selbstzentrierend) DIN 1412 C; Scharfe und scharfe Kanten<\/p>\n","protected":false},"featured_media":491705,"template":"","meta":{"_seopress_robots_primary_cat":"","_seopress_titles_title":"","_seopress_titles_desc":"","_seopress_robots_index":""},"product_brand":[3656],"product_cat":[1553,169,1554],"product_tag":[3272],"class_list":{"0":"post-500229","1":"product","2":"type-product","3":"status-publish","4":"has-post-thumbnail","6":"product_brand-milwaukee-de","7":"product_cat-bohrer-und-schraubendreher","8":"product_cat-maschinen","9":"product_cat-zubehor-fur-bohrmaschinen-und-schraubendreher","10":"product_tag-import-milwau-de","11":"sws-gruppo-macchinari-de","12":"sws-conto-ricavi-merci-rivendita-macchinari-de","13":"sws-gruppo-iva-iva81-de","15":"first","16":"onbackorder","17":"sale","18":"shipping-taxable","19":"purchasable","20":"product-type-simple"},"_links":{"self":[{"href":"https:\/\/lucacastelli.com\/de\/wp-json\/wp\/v2\/product\/500229","targetHints":{"allow":["GET"]}}],"collection":[{"href":"https:\/\/lucacastelli.com\/de\/wp-json\/wp\/v2\/product"}],"about":[{"href":"https:\/\/lucacastelli.com\/de\/wp-json\/wp\/v2\/types\/product"}],"wp:featuredmedia":[{"embeddable":true,"href":"https:\/\/lucacastelli.com\/de\/wp-json\/wp\/v2\/media\/491705"}],"wp:attachment":[{"href":"https:\/\/lucacastelli.com\/de\/wp-json\/wp\/v2\/media?parent=500229"}],"wp:term":[{"taxonomy":"product_brand","embeddable":true,"href":"https:\/\/lucacastelli.com\/de\/wp-json\/wp\/v2\/product_brand?post=500229"},{"taxonomy":"product_cat","embeddable":true,"href":"https:\/\/lucacastelli.com\/de\/wp-json\/wp\/v2\/product_cat?post=500229"},{"taxonomy":"product_tag","embeddable":true,"href":"https:\/\/lucacastelli.com\/de\/wp-json\/wp\/v2\/product_tag?post=500229"}],"curies":[{"name":"wp","href":"https:\/\/api.w.org\/{rel}","templated":true}]}}