{"id":500099,"date":"2025-07-19T10:50:24","date_gmt":"2025-07-19T08:50:24","guid":{"rendered":"https:\/\/lucacastelli.com\/prodotto\/milwaukee-fraeser-set-12-teilig-schaft-8-mm\/"},"modified":"2025-07-19T10:50:24","modified_gmt":"2025-07-19T08:50:24","slug":"milwaukee-fraeser-set-12-teilig-schaft-8-mm","status":"publish","type":"product","link":"https:\/\/lucacastelli.com\/de\/produkt\/milwaukee-fraeser-set-12-teilig-schaft-8-mm\/","title":{"rendered":"MILWAUKEE Fr\u00e4ser-Set 12-teilig Schaft 8 mm"},"content":{"rendered":"<p>12-teiliger HM Fr\u00e4ser-Satz Schaft-Durchmesser 8 mm im Holzkoffer, Hartmetall-Schneide in Industriequalit\u00e4t&lt;br&gt; Das Set besteht z.B. aus geradem zweischneidigen Trimmer, Bes\u00e4umfr\u00e4ser mit Lagerf\u00fchrung, 45\u00b0 Anfasfr\u00e4ser, Fadenfr\u00e4ser, Ogive Fr\u00e4ser mit Lagerf\u00fchrung<\/p>\n","protected":false},"excerpt":{"rendered":"<p>12-teiliger HM Fr\u00e4ser-Satz Schaft-Durchmesser 8 mm im Holzkoffer, Hartmetall-Schneide in Industriequalit\u00e4t&lt;br&gt; Das Set besteht z.B. aus geradem zweischneidigen Trimmer, Bes\u00e4umfr\u00e4ser<\/p>\n","protected":false},"featured_media":497850,"template":"","meta":{"_seopress_robots_primary_cat":"","_seopress_titles_title":"","_seopress_titles_desc":"","_seopress_robots_index":""},"product_brand":[3407],"product_cat":[29,514,549,550],"product_tag":[3270],"class_list":{"0":"post-500099","1":"product","2":"type-product","3":"status-publish","4":"has-post-thumbnail","6":"product_brand-milwaukee","7":"product_cat-macchinari","8":"product_cat-altri-dispositivi","9":"product_cat-trapani-e-avvitatori","10":"product_cat-accessori-per-trapani-ed-avvitatori","11":"product_tag-import-milwau","12":"sws-gruppo-macchinari-de","13":"sws-conto-ricavi-merci-rivendita-macchinari-de","14":"sws-gruppo-iva-iva81-de","16":"first","17":"onbackorder","18":"sale","19":"shipping-taxable","20":"purchasable","21":"product-type-simple"},"_links":{"self":[{"href":"https:\/\/lucacastelli.com\/de\/wp-json\/wp\/v2\/product\/500099","targetHints":{"allow":["GET"]}}],"collection":[{"href":"https:\/\/lucacastelli.com\/de\/wp-json\/wp\/v2\/product"}],"about":[{"href":"https:\/\/lucacastelli.com\/de\/wp-json\/wp\/v2\/types\/product"}],"wp:featuredmedia":[{"embeddable":true,"href":"https:\/\/lucacastelli.com\/de\/wp-json\/wp\/v2\/media\/497850"}],"wp:attachment":[{"href":"https:\/\/lucacastelli.com\/de\/wp-json\/wp\/v2\/media?parent=500099"}],"wp:term":[{"taxonomy":"product_brand","embeddable":true,"href":"https:\/\/lucacastelli.com\/de\/wp-json\/wp\/v2\/product_brand?post=500099"},{"taxonomy":"product_cat","embeddable":true,"href":"https:\/\/lucacastelli.com\/de\/wp-json\/wp\/v2\/product_cat?post=500099"},{"taxonomy":"product_tag","embeddable":true,"href":"https:\/\/lucacastelli.com\/de\/wp-json\/wp\/v2\/product_tag?post=500099"}],"curies":[{"name":"wp","href":"https:\/\/api.w.org\/{rel}","templated":true}]}}