{"id":500027,"date":"2025-07-19T11:01:23","date_gmt":"2025-07-19T09:01:23","guid":{"rendered":"https:\/\/lucacastelli.com\/prodotto\/milwaukee-scs-41-115-2\/"},"modified":"2025-07-19T11:01:23","modified_gmt":"2025-07-19T09:01:23","slug":"milwaukee-scs-41-115-2","status":"publish","type":"product","link":"https:\/\/lucacastelli.com\/de\/produkt\/milwaukee-scs-41-115-2\/","title":{"rendered":"MILWAUKEE SCS 41 \/ 115"},"content":{"rendered":"<p>Anwendungen: Geeignet f\u00fcr alle St\u00e4hle. Empfohlen zum Schneiden von Edelstahl, Hardox, Gusseisen, hitzebest\u00e4ndigem Stahl, Baustahl; Merkmale: + 50 % l\u00e4ngere Lebensdauer, 50 % weniger Schnittzeit, 50 % weniger Staub <\/p>\n","protected":false},"excerpt":{"rendered":"<p>Anwendungen: Geeignet f\u00fcr alle St\u00e4hle. Empfohlen zum Schneiden von Edelstahl, Hardox, Gusseisen, hitzebest\u00e4ndigem Stahl, Baustahl; Merkmale: + 50 % l\u00e4ngere<\/p>\n","protected":false},"featured_media":497687,"template":"","meta":{"_seopress_robots_primary_cat":"","_seopress_titles_title":"","_seopress_titles_desc":"","_seopress_robots_index":""},"product_brand":[3656],"product_cat":[169,1454,1541],"product_tag":[3272],"class_list":{"0":"post-500027","1":"product","2":"type-product","3":"status-publish","4":"has-post-thumbnail","6":"product_brand-milwaukee-de","7":"product_cat-maschinen","8":"product_cat-andere-gerate","9":"product_cat-zerkleinerungsmaschinen","10":"product_tag-import-milwau-de","11":"sws-gruppo-macchinari-de","12":"sws-conto-ricavi-merci-rivendita-macchinari-de","13":"sws-gruppo-iva-iva81-de","15":"first","16":"onbackorder","17":"shipping-taxable","18":"purchasable","19":"product-type-simple"},"_links":{"self":[{"href":"https:\/\/lucacastelli.com\/de\/wp-json\/wp\/v2\/product\/500027","targetHints":{"allow":["GET"]}}],"collection":[{"href":"https:\/\/lucacastelli.com\/de\/wp-json\/wp\/v2\/product"}],"about":[{"href":"https:\/\/lucacastelli.com\/de\/wp-json\/wp\/v2\/types\/product"}],"wp:featuredmedia":[{"embeddable":true,"href":"https:\/\/lucacastelli.com\/de\/wp-json\/wp\/v2\/media\/497687"}],"wp:attachment":[{"href":"https:\/\/lucacastelli.com\/de\/wp-json\/wp\/v2\/media?parent=500027"}],"wp:term":[{"taxonomy":"product_brand","embeddable":true,"href":"https:\/\/lucacastelli.com\/de\/wp-json\/wp\/v2\/product_brand?post=500027"},{"taxonomy":"product_cat","embeddable":true,"href":"https:\/\/lucacastelli.com\/de\/wp-json\/wp\/v2\/product_cat?post=500027"},{"taxonomy":"product_tag","embeddable":true,"href":"https:\/\/lucacastelli.com\/de\/wp-json\/wp\/v2\/product_tag?post=500027"}],"curies":[{"name":"wp","href":"https:\/\/api.w.org\/{rel}","templated":true}]}}