{"id":499996,"date":"2025-07-19T11:01:11","date_gmt":"2025-07-19T09:01:11","guid":{"rendered":"https:\/\/lucacastelli.com\/prodotto\/milwaukee-sc-42-230\/"},"modified":"2025-07-19T11:01:11","modified_gmt":"2025-07-19T09:01:11","slug":"milwaukee-sc-42-230","status":"publish","type":"product","link":"https:\/\/lucacastelli.com\/de\/produkt\/milwaukee-sc-42-230\/","title":{"rendered":"MILWAUKEE SC 42 \/ 230"},"content":{"rendered":"<p>Anwendungen: f\u00fcr Baustahl, Werkzeugstahl, Gusseisen, hochwertigen Hartstahl und Betonstahl f\u00fcr Beton und Edelstahl; Eigenschaften: Harte Schleifscheibe, die eine gute Haltbarkeit gew\u00e4hrleistet<\/p>\n","protected":false},"excerpt":{"rendered":"<p>Anwendungen: f\u00fcr Baustahl, Werkzeugstahl, Gusseisen, hochwertigen Hartstahl und Betonstahl f\u00fcr Beton und Edelstahl; Eigenschaften: Harte Schleifscheibe, die eine gute Haltbarkeit<\/p>\n","protected":false},"featured_media":497769,"template":"","meta":{"_seopress_robots_primary_cat":"","_seopress_titles_title":"","_seopress_titles_desc":"","_seopress_robots_index":""},"product_brand":[3407],"product_cat":[29,514,555],"product_tag":[3270],"class_list":{"0":"post-499996","1":"product","2":"type-product","3":"status-publish","4":"has-post-thumbnail","6":"product_brand-milwaukee","7":"product_cat-macchinari","8":"product_cat-altri-dispositivi","9":"product_cat-smerigliatrici","10":"product_tag-import-milwau","11":"sws-gruppo-macchinari-de","12":"sws-conto-ricavi-merci-rivendita-macchinari-de","13":"sws-gruppo-iva-iva81-de","15":"first","16":"onbackorder","17":"shipping-taxable","18":"purchasable","19":"product-type-simple"},"_links":{"self":[{"href":"https:\/\/lucacastelli.com\/de\/wp-json\/wp\/v2\/product\/499996","targetHints":{"allow":["GET"]}}],"collection":[{"href":"https:\/\/lucacastelli.com\/de\/wp-json\/wp\/v2\/product"}],"about":[{"href":"https:\/\/lucacastelli.com\/de\/wp-json\/wp\/v2\/types\/product"}],"wp:featuredmedia":[{"embeddable":true,"href":"https:\/\/lucacastelli.com\/de\/wp-json\/wp\/v2\/media\/497769"}],"wp:attachment":[{"href":"https:\/\/lucacastelli.com\/de\/wp-json\/wp\/v2\/media?parent=499996"}],"wp:term":[{"taxonomy":"product_brand","embeddable":true,"href":"https:\/\/lucacastelli.com\/de\/wp-json\/wp\/v2\/product_brand?post=499996"},{"taxonomy":"product_cat","embeddable":true,"href":"https:\/\/lucacastelli.com\/de\/wp-json\/wp\/v2\/product_cat?post=499996"},{"taxonomy":"product_tag","embeddable":true,"href":"https:\/\/lucacastelli.com\/de\/wp-json\/wp\/v2\/product_tag?post=499996"}],"curies":[{"name":"wp","href":"https:\/\/api.w.org\/{rel}","templated":true}]}}