{"id":499974,"date":"2025-07-19T11:01:02","date_gmt":"2025-07-19T09:01:02","guid":{"rendered":"https:\/\/lucacastelli.com\/prodotto\/milwaukee-trennscheiben-set-10-stueck-o-355-mm-bohrung-o-254-dicke-25-mm\/"},"modified":"2025-07-19T11:01:02","modified_gmt":"2025-07-19T09:01:02","slug":"milwaukee-trennscheiben-set-10-stueck-o-355-mm-bohrung-o-254-dicke-25-mm","status":"publish","type":"product","link":"https:\/\/lucacastelli.com\/de\/produkt\/milwaukee-trennscheiben-set-10-stueck-o-355-mm-bohrung-o-254-dicke-25-mm\/","title":{"rendered":"MILWAUKEE Trennscheiben-Set (10 St\u00fcck): \u00d8 355 mm, Bohrung \u00d8 25,4, Dicke 2,5 mm"},"content":{"rendered":"<p>Anwendungen: F\u00fcr Baustahl, Werkzeugstahl, Gusseisen, hochwertigen Hartstahl und Betonstahl f\u00fcr Beton. Eigenschaften: weiche Scheibe zum Schneiden mit Gehrungss\u00e4gen; Eigenschaften: Langlebige Hartschleifscheibe. Sehr schnelles Schneiden, minimale Vibrationen. Sauberer Schnitt ohne Grate. Eisen- und schwefelfrei    <\/p>\n","protected":false},"excerpt":{"rendered":"<p>Anwendungen: F\u00fcr Baustahl, Werkzeugstahl, Gusseisen, hochwertigen Hartstahl und Betonstahl f\u00fcr Beton. Eigenschaften: weiche Scheibe zum Schneiden mit Gehrungss\u00e4gen; Eigenschaften: Langlebige<\/p>\n","protected":false},"featured_media":497828,"template":"","meta":{"_seopress_robots_primary_cat":"","_seopress_titles_title":"","_seopress_titles_desc":"","_seopress_robots_index":""},"product_brand":[3407],"product_cat":[29,514,555],"product_tag":[3270],"class_list":{"0":"post-499974","1":"product","2":"type-product","3":"status-publish","4":"has-post-thumbnail","6":"product_brand-milwaukee","7":"product_cat-macchinari","8":"product_cat-altri-dispositivi","9":"product_cat-smerigliatrici","10":"product_tag-import-milwau","11":"sws-gruppo-macchinari-de","12":"sws-conto-ricavi-merci-rivendita-macchinari-de","13":"sws-gruppo-iva-iva81-de","15":"first","16":"onbackorder","17":"shipping-taxable","18":"purchasable","19":"product-type-simple"},"_links":{"self":[{"href":"https:\/\/lucacastelli.com\/de\/wp-json\/wp\/v2\/product\/499974","targetHints":{"allow":["GET"]}}],"collection":[{"href":"https:\/\/lucacastelli.com\/de\/wp-json\/wp\/v2\/product"}],"about":[{"href":"https:\/\/lucacastelli.com\/de\/wp-json\/wp\/v2\/types\/product"}],"wp:featuredmedia":[{"embeddable":true,"href":"https:\/\/lucacastelli.com\/de\/wp-json\/wp\/v2\/media\/497828"}],"wp:attachment":[{"href":"https:\/\/lucacastelli.com\/de\/wp-json\/wp\/v2\/media?parent=499974"}],"wp:term":[{"taxonomy":"product_brand","embeddable":true,"href":"https:\/\/lucacastelli.com\/de\/wp-json\/wp\/v2\/product_brand?post=499974"},{"taxonomy":"product_cat","embeddable":true,"href":"https:\/\/lucacastelli.com\/de\/wp-json\/wp\/v2\/product_cat?post=499974"},{"taxonomy":"product_tag","embeddable":true,"href":"https:\/\/lucacastelli.com\/de\/wp-json\/wp\/v2\/product_tag?post=499974"}],"curies":[{"name":"wp","href":"https:\/\/api.w.org\/{rel}","templated":true}]}}