{"id":499871,"date":"2025-07-19T10:51:03","date_gmt":"2025-07-19T08:51:03","guid":{"rendered":"https:\/\/lucacastelli.com\/prodotto\/milwaukee-dchxl-112\/"},"modified":"2025-07-19T10:51:03","modified_gmt":"2025-07-19T08:51:03","slug":"milwaukee-dchxl-112","status":"publish","type":"product","link":"https:\/\/lucacastelli.com\/de\/produkt\/milwaukee-dchxl-112\/","title":{"rendered":"MILWAUKEE DCHXL 112"},"content":{"rendered":"<p>10-mm-Segment f\u00fcr lange Lebensdauer; Lasergeschwei\u00dfte Segmente f\u00fcr hervorragende Haltbarkeit; Nur bei ausgeschalteter Mechanik verwenden; W\u00e4hrend des Vorlochs muss die Zentriereinheit verwendet werden; Verwendung mit FIXTEC Clean-Line Rotor<\/p>\n","protected":false},"excerpt":{"rendered":"<p>10-mm-Segment f\u00fcr lange Lebensdauer; Lasergeschwei\u00dfte Segmente f\u00fcr hervorragende Haltbarkeit; Nur bei ausgeschalteter Mechanik verwenden; W\u00e4hrend des Vorlochs muss die Zentriereinheit<\/p>\n","protected":false},"featured_media":495017,"template":"","meta":{"_seopress_robots_primary_cat":"","_seopress_titles_title":"","_seopress_titles_desc":"","_seopress_robots_index":""},"product_brand":[3656],"product_cat":[1454,1553,169,1554],"product_tag":[3272],"class_list":{"0":"post-499871","1":"product","2":"type-product","3":"status-publish","4":"has-post-thumbnail","6":"product_brand-milwaukee-de","7":"product_cat-andere-gerate","8":"product_cat-bohrer-und-schraubendreher","9":"product_cat-maschinen","10":"product_cat-zubehor-fur-bohrmaschinen-und-schraubendreher","11":"product_tag-import-milwau-de","12":"sws-gruppo-macchinari-de","13":"sws-conto-ricavi-merci-rivendita-macchinari-de","14":"sws-gruppo-iva-iva81-de","16":"first","17":"onbackorder","18":"sale","19":"shipping-taxable","20":"purchasable","21":"product-type-simple"},"_links":{"self":[{"href":"https:\/\/lucacastelli.com\/de\/wp-json\/wp\/v2\/product\/499871","targetHints":{"allow":["GET"]}}],"collection":[{"href":"https:\/\/lucacastelli.com\/de\/wp-json\/wp\/v2\/product"}],"about":[{"href":"https:\/\/lucacastelli.com\/de\/wp-json\/wp\/v2\/types\/product"}],"wp:featuredmedia":[{"embeddable":true,"href":"https:\/\/lucacastelli.com\/de\/wp-json\/wp\/v2\/media\/495017"}],"wp:attachment":[{"href":"https:\/\/lucacastelli.com\/de\/wp-json\/wp\/v2\/media?parent=499871"}],"wp:term":[{"taxonomy":"product_brand","embeddable":true,"href":"https:\/\/lucacastelli.com\/de\/wp-json\/wp\/v2\/product_brand?post=499871"},{"taxonomy":"product_cat","embeddable":true,"href":"https:\/\/lucacastelli.com\/de\/wp-json\/wp\/v2\/product_cat?post=499871"},{"taxonomy":"product_tag","embeddable":true,"href":"https:\/\/lucacastelli.com\/de\/wp-json\/wp\/v2\/product_tag?post=499871"}],"curies":[{"name":"wp","href":"https:\/\/api.w.org\/{rel}","templated":true}]}}