{"id":499855,"date":"2025-07-19T10:50:56","date_gmt":"2025-07-19T08:50:56","guid":{"rendered":"https:\/\/lucacastelli.com\/prodotto\/milwaukee-20\/"},"modified":"2025-07-19T10:50:56","modified_gmt":"2025-07-19T08:50:56","slug":"milwaukee-20","status":"publish","type":"product","link":"https:\/\/lucacastelli.com\/de\/produkt\/milwaukee-20\/","title":{"rendered":"MILWAUKEE"},"content":{"rendered":"<p>FIXTEC Extraktionssystem f\u00fcr Diamantkoron; Das FIXTEC Milwaukee-System erm\u00f6glicht es Ihnen, Diamantkerne in Sekundenschnelle ohne den Einsatz zus\u00e4tzlicher Werkzeuge zu wechseln. Die h\u00e4ufigste Beschwerde \u00fcber bestehende Systeme ist die Tatsache, dass Sie Schwierigkeiten haben, wenn Sie sich entscheiden, das Kettenblatt zu wechseln, eine Operation, die selbst mit Hilfe von Schl\u00fcsseln schwierig wird. Mit der neuen FIXTEC-Saugl\u00f6sung von Milwaukee geh\u00f6rt dies jedoch der Vergangenheit an, Kronen k\u00f6nnen einfach von Hand abgeschraubt, entfernt und ausgetauscht werden &#8211; Sie m\u00fcssen keine Schraubenschl\u00fcssel oder andere Werkzeuge verwenden. FIXTEC-Adapter sind mit oder ohne Staubabsaugung und mit unterschiedlichen Anschl\u00fcssen erh\u00e4ltlich, um mit dem Wettbewerb kompatibel zu sein; FIXTEC Rotor &#8211; geeignet f\u00fcr Diamantbohrkronen mit M16 Gewinde. Bei dem Zentrierbohrer handelt es sich um einen Standard-SDS-plus-Bohrer <\/p>\n","protected":false},"excerpt":{"rendered":"<p>FIXTEC Extraktionssystem f\u00fcr Diamantkoron; Das FIXTEC Milwaukee-System erm\u00f6glicht es Ihnen, Diamantkerne in Sekundenschnelle ohne den Einsatz zus\u00e4tzlicher Werkzeuge zu wechseln.<\/p>\n","protected":false},"featured_media":495083,"template":"","meta":{"_seopress_robots_primary_cat":"","_seopress_titles_title":"","_seopress_titles_desc":"","_seopress_robots_index":""},"product_brand":[3407],"product_cat":[29,514,549,550],"product_tag":[3270],"class_list":{"0":"post-499855","1":"product","2":"type-product","3":"status-publish","4":"has-post-thumbnail","6":"product_brand-milwaukee","7":"product_cat-macchinari","8":"product_cat-altri-dispositivi","9":"product_cat-trapani-e-avvitatori","10":"product_cat-accessori-per-trapani-ed-avvitatori","11":"product_tag-import-milwau","12":"sws-gruppo-macchinari-de","13":"sws-conto-ricavi-merci-rivendita-macchinari-de","14":"sws-gruppo-iva-iva81-de","16":"first","17":"onbackorder","18":"sale","19":"shipping-taxable","20":"purchasable","21":"product-type-simple"},"_links":{"self":[{"href":"https:\/\/lucacastelli.com\/de\/wp-json\/wp\/v2\/product\/499855","targetHints":{"allow":["GET"]}}],"collection":[{"href":"https:\/\/lucacastelli.com\/de\/wp-json\/wp\/v2\/product"}],"about":[{"href":"https:\/\/lucacastelli.com\/de\/wp-json\/wp\/v2\/types\/product"}],"wp:featuredmedia":[{"embeddable":true,"href":"https:\/\/lucacastelli.com\/de\/wp-json\/wp\/v2\/media\/495083"}],"wp:attachment":[{"href":"https:\/\/lucacastelli.com\/de\/wp-json\/wp\/v2\/media?parent=499855"}],"wp:term":[{"taxonomy":"product_brand","embeddable":true,"href":"https:\/\/lucacastelli.com\/de\/wp-json\/wp\/v2\/product_brand?post=499855"},{"taxonomy":"product_cat","embeddable":true,"href":"https:\/\/lucacastelli.com\/de\/wp-json\/wp\/v2\/product_cat?post=499855"},{"taxonomy":"product_tag","embeddable":true,"href":"https:\/\/lucacastelli.com\/de\/wp-json\/wp\/v2\/product_tag?post=499855"}],"curies":[{"name":"wp","href":"https:\/\/api.w.org\/{rel}","templated":true}]}}