{"id":499834,"date":"2025-07-19T10:50:47","date_gmt":"2025-07-19T08:50:47","guid":{"rendered":"https:\/\/lucacastelli.com\/prodotto\/milwaukee-winkelfutter-fuer-m12-bddx\/"},"modified":"2025-07-19T10:50:47","modified_gmt":"2025-07-19T08:50:47","slug":"milwaukee-winkelfutter-fuer-m12-bddx","status":"publish","type":"product","link":"https:\/\/lucacastelli.com\/de\/produkt\/milwaukee-winkelfutter-fuer-m12-bddx\/","title":{"rendered":"MILWAUKEE Winkelfutter f\u00fcr M12 BDDX"},"content":{"rendered":"<p>Zum Schrauben auf engstem Raum; 12 Befestigungspositionen f\u00fcr mehr Flexibilit\u00e4t; Direkter Anschluss f\u00fcr Schrauben mit maximalem Durchmesser 6 mm<\/p>\n","protected":false},"excerpt":{"rendered":"<p>Zum Schrauben auf engstem Raum; 12 Befestigungspositionen f\u00fcr mehr Flexibilit\u00e4t; Direkter Anschluss f\u00fcr Schrauben mit maximalem Durchmesser 6 mm<\/p>\n","protected":false},"featured_media":496514,"template":"","meta":{"_seopress_robots_primary_cat":"","_seopress_titles_title":"","_seopress_titles_desc":"","_seopress_robots_index":""},"product_brand":[3407],"product_cat":[29,514,549,550],"product_tag":[3270],"class_list":{"0":"post-499834","1":"product","2":"type-product","3":"status-publish","4":"has-post-thumbnail","6":"product_brand-milwaukee","7":"product_cat-macchinari","8":"product_cat-altri-dispositivi","9":"product_cat-trapani-e-avvitatori","10":"product_cat-accessori-per-trapani-ed-avvitatori","11":"product_tag-import-milwau","12":"sws-gruppo-macchinari-de","13":"sws-conto-ricavi-merci-rivendita-macchinari-de","14":"sws-gruppo-iva-iva81-de","16":"first","17":"onbackorder","18":"sale","19":"shipping-taxable","20":"purchasable","21":"product-type-simple"},"_links":{"self":[{"href":"https:\/\/lucacastelli.com\/de\/wp-json\/wp\/v2\/product\/499834","targetHints":{"allow":["GET"]}}],"collection":[{"href":"https:\/\/lucacastelli.com\/de\/wp-json\/wp\/v2\/product"}],"about":[{"href":"https:\/\/lucacastelli.com\/de\/wp-json\/wp\/v2\/types\/product"}],"wp:featuredmedia":[{"embeddable":true,"href":"https:\/\/lucacastelli.com\/de\/wp-json\/wp\/v2\/media\/496514"}],"wp:attachment":[{"href":"https:\/\/lucacastelli.com\/de\/wp-json\/wp\/v2\/media?parent=499834"}],"wp:term":[{"taxonomy":"product_brand","embeddable":true,"href":"https:\/\/lucacastelli.com\/de\/wp-json\/wp\/v2\/product_brand?post=499834"},{"taxonomy":"product_cat","embeddable":true,"href":"https:\/\/lucacastelli.com\/de\/wp-json\/wp\/v2\/product_cat?post=499834"},{"taxonomy":"product_tag","embeddable":true,"href":"https:\/\/lucacastelli.com\/de\/wp-json\/wp\/v2\/product_tag?post=499834"}],"curies":[{"name":"wp","href":"https:\/\/api.w.org\/{rel}","templated":true}]}}