{"id":499821,"date":"2025-07-19T11:32:22","date_gmt":"2025-07-19T09:32:22","guid":{"rendered":"https:\/\/lucacastelli.com\/prodotto\/milwaukee-schleifhaube-deg125-fuer-agv12-agv13-und-agv15-o-125-mm-und-m18-fuel-schleifmaschinen\/"},"modified":"2025-07-19T11:32:22","modified_gmt":"2025-07-19T09:32:22","slug":"milwaukee-schleifhaube-deg125-fuer-agv12-agv13-und-agv15-o-125-mm-und-m18-fuel-schleifmaschinen","status":"publish","type":"product","link":"https:\/\/lucacastelli.com\/de\/produkt\/milwaukee-schleifhaube-deg125-fuer-agv12-agv13-und-agv15-o-125-mm-und-m18-fuel-schleifmaschinen\/","title":{"rendered":"MILWAUKEE Schleifhaube DEG125. F\u00fcr AG(V)12, AGV13 und AGV15 \u00d8 125 mm und M18 FUEL\u2122 Schleifmaschinen"},"content":{"rendered":"<p>Schleifabsaugkappe f\u00fcr die Oberfl\u00e4chenbearbeitung f\u00fcr Winkelschleifer mit Scheibendurchmesser .125 mm;F\u00fcr Kanten- und Eckenarbeiten kann die Frontabdeckung einfach abgenommen werden; Die Absaugvorrichtung ist mit dem einzigartigen Adapter mit CLIC-System f\u00fcr alle Milwaukee Staubsauger der M-Kategorie geeignet; der Adapter und die Ersatzb\u00fcrsten sind im Lieferumfang enthalten<\/p>\n","protected":false},"excerpt":{"rendered":"<p>Schleifabsaugkappe f\u00fcr die Oberfl\u00e4chenbearbeitung f\u00fcr Winkelschleifer mit Scheibendurchmesser .125 mm;F\u00fcr Kanten- und Eckenarbeiten kann die Frontabdeckung einfach abgenommen werden; Die<\/p>\n","protected":false},"featured_media":496603,"template":"","meta":{"_seopress_robots_primary_cat":"","_seopress_titles_title":"","_seopress_titles_desc":"","_seopress_robots_index":""},"product_brand":[3407],"product_cat":[29,514,555],"product_tag":[3270],"class_list":{"0":"post-499821","1":"product","2":"type-product","3":"status-publish","4":"has-post-thumbnail","6":"product_brand-milwaukee","7":"product_cat-macchinari","8":"product_cat-altri-dispositivi","9":"product_cat-smerigliatrici","10":"product_tag-import-milwau","11":"sws-gruppo-macchinari-de","12":"sws-conto-ricavi-merci-rivendita-macchinari-de","13":"sws-gruppo-iva-iva81-de","15":"first","16":"onbackorder","17":"sale","18":"shipping-taxable","19":"purchasable","20":"product-type-simple"},"_links":{"self":[{"href":"https:\/\/lucacastelli.com\/de\/wp-json\/wp\/v2\/product\/499821","targetHints":{"allow":["GET"]}}],"collection":[{"href":"https:\/\/lucacastelli.com\/de\/wp-json\/wp\/v2\/product"}],"about":[{"href":"https:\/\/lucacastelli.com\/de\/wp-json\/wp\/v2\/types\/product"}],"wp:featuredmedia":[{"embeddable":true,"href":"https:\/\/lucacastelli.com\/de\/wp-json\/wp\/v2\/media\/496603"}],"wp:attachment":[{"href":"https:\/\/lucacastelli.com\/de\/wp-json\/wp\/v2\/media?parent=499821"}],"wp:term":[{"taxonomy":"product_brand","embeddable":true,"href":"https:\/\/lucacastelli.com\/de\/wp-json\/wp\/v2\/product_brand?post=499821"},{"taxonomy":"product_cat","embeddable":true,"href":"https:\/\/lucacastelli.com\/de\/wp-json\/wp\/v2\/product_cat?post=499821"},{"taxonomy":"product_tag","embeddable":true,"href":"https:\/\/lucacastelli.com\/de\/wp-json\/wp\/v2\/product_tag?post=499821"}],"curies":[{"name":"wp","href":"https:\/\/api.w.org\/{rel}","templated":true}]}}