{"id":499792,"date":"2025-07-19T11:36:13","date_gmt":"2025-07-19T09:36:13","guid":{"rendered":"https:\/\/lucacastelli.com\/prodotto\/milwaukee-staubabscheider-fuer-loecher-von-6-mm-bis-72-mm-buersten-fuer-eine-bessere-staubabscheidung-koennen-fuer-loecher-mit-grossem-durchmesser-entfernt-werden\/"},"modified":"2025-07-19T11:36:13","modified_gmt":"2025-07-19T09:36:13","slug":"milwaukee-staubabscheider-fuer-loecher-von-6-mm-bis-72-mm-buersten-fuer-eine-bessere-staubabscheidung-koennen-fuer-loecher-mit-grossem-durchmesser-entfernt-werden","status":"publish","type":"product","link":"https:\/\/lucacastelli.com\/de\/produkt\/milwaukee-staubabscheider-fuer-loecher-von-6-mm-bis-72-mm-buersten-fuer-eine-bessere-staubabscheidung-koennen-fuer-loecher-mit-grossem-durchmesser-entfernt-werden\/","title":{"rendered":"MILWAUKEE Staubabscheider f\u00fcr L\u00f6cher von 6 mm bis 72 mm. B\u00fcrsten f\u00fcr eine bessere Staubabscheidung, k\u00f6nnen f\u00fcr L\u00f6cher mit gro\u00dfem Durchmesser entfernt werden."},"content":{"rendered":"<p>Saugadapter f\u00fcr Bohrer und Bohrer von Durchmesser 6 &#8211; 72 mm; B\u00fcrsteneinsatz f\u00fcr bessere Saugleistung; Der B\u00fcrsteneinsatz kann entfernt werden, um Bohrer zu verwenden; Anschluss an Saugschlauch 37 mm au\u00dfen \/ Durchmesser 32 mm innen<\/p>\n","protected":false},"excerpt":{"rendered":"<p>Saugadapter f\u00fcr Bohrer und Bohrer von Durchmesser 6 &#8211; 72 mm; B\u00fcrsteneinsatz f\u00fcr bessere Saugleistung; Der B\u00fcrsteneinsatz kann entfernt werden,<\/p>\n","protected":false},"featured_media":496696,"template":"","meta":{"_seopress_robots_primary_cat":"","_seopress_titles_title":"","_seopress_titles_desc":"","_seopress_robots_index":""},"product_brand":[3656],"product_cat":[169,1454,1475],"product_tag":[3272],"class_list":{"0":"post-499792","1":"product","2":"type-product","3":"status-publish","4":"has-post-thumbnail","6":"product_brand-milwaukee-de","7":"product_cat-maschinen","8":"product_cat-andere-gerate","9":"product_cat-staubsauger","10":"product_tag-import-milwau-de","11":"sws-gruppo-macchinari-de","12":"sws-conto-ricavi-merci-rivendita-macchinari-de","13":"sws-gruppo-iva-iva81-de","15":"first","16":"onbackorder","17":"shipping-taxable","18":"purchasable","19":"product-type-simple"},"_links":{"self":[{"href":"https:\/\/lucacastelli.com\/de\/wp-json\/wp\/v2\/product\/499792","targetHints":{"allow":["GET"]}}],"collection":[{"href":"https:\/\/lucacastelli.com\/de\/wp-json\/wp\/v2\/product"}],"about":[{"href":"https:\/\/lucacastelli.com\/de\/wp-json\/wp\/v2\/types\/product"}],"wp:featuredmedia":[{"embeddable":true,"href":"https:\/\/lucacastelli.com\/de\/wp-json\/wp\/v2\/media\/496696"}],"wp:attachment":[{"href":"https:\/\/lucacastelli.com\/de\/wp-json\/wp\/v2\/media?parent=499792"}],"wp:term":[{"taxonomy":"product_brand","embeddable":true,"href":"https:\/\/lucacastelli.com\/de\/wp-json\/wp\/v2\/product_brand?post=499792"},{"taxonomy":"product_cat","embeddable":true,"href":"https:\/\/lucacastelli.com\/de\/wp-json\/wp\/v2\/product_cat?post=499792"},{"taxonomy":"product_tag","embeddable":true,"href":"https:\/\/lucacastelli.com\/de\/wp-json\/wp\/v2\/product_tag?post=499792"}],"curies":[{"name":"wp","href":"https:\/\/api.w.org\/{rel}","templated":true}]}}