{"id":499783,"date":"2025-07-19T11:43:50","date_gmt":"2025-07-19T09:43:50","guid":{"rendered":"https:\/\/lucacastelli.com\/prodotto\/der-milwaukee-xtractor-kann-mit-allen-staubsaugern-und-industriesauganlagen-mit-schlauchdurchmessern-von-26-41-mm-verwendet-werden-maximaler-lochdurchmesser-28-mm\/"},"modified":"2025-07-19T11:43:50","modified_gmt":"2025-07-19T09:43:50","slug":"der-milwaukee-xtractor-kann-mit-allen-staubsaugern-und-industriesauganlagen-mit-schlauchdurchmessern-von-26-41-mm-verwendet-werden-maximaler-lochdurchmesser-28-mm","status":"publish","type":"product","link":"https:\/\/lucacastelli.com\/de\/produkt\/der-milwaukee-xtractor-kann-mit-allen-staubsaugern-und-industriesauganlagen-mit-schlauchdurchmessern-von-26-41-mm-verwendet-werden-maximaler-lochdurchmesser-28-mm\/","title":{"rendered":"Der MILWAUKEE Xtractor kann mit allen Staubsaugern und Industriesauganlagen mit Schlauchdurchmessern von 26 \u2013 41 mm verwendet werden. Maximaler Lochdurchmesser 28 mm."},"content":{"rendered":"<p>Adapter zur Staubabsaugung in L\u00f6chern mit L\u00f6chern bis zu 28 mm, geeignet f\u00fcr alle Staubsauger mit einem Schlauchdurchmesser von 26 \u2013 41 mm<\/p>\n","protected":false},"excerpt":{"rendered":"<p>Adapter zur Staubabsaugung in L\u00f6chern mit L\u00f6chern bis zu 28 mm, geeignet f\u00fcr alle Staubsauger mit einem Schlauchdurchmesser von 26<\/p>\n","protected":false},"featured_media":496564,"template":"","meta":{"_seopress_robots_primary_cat":"","_seopress_titles_title":"","_seopress_titles_desc":"","_seopress_robots_index":""},"product_brand":[3407],"product_cat":[29,514,517],"product_tag":[3270],"class_list":{"0":"post-499783","1":"product","2":"type-product","3":"status-publish","4":"has-post-thumbnail","6":"product_brand-milwaukee","7":"product_cat-macchinari","8":"product_cat-altri-dispositivi","9":"product_cat-aspiratori-per-la-pulizia","10":"product_tag-import-milwau","11":"sws-gruppo-macchinari-de","12":"sws-conto-ricavi-merci-rivendita-macchinari-de","13":"sws-gruppo-iva-iva81-de","15":"first","16":"onbackorder","17":"shipping-taxable","18":"purchasable","19":"product-type-simple"},"_links":{"self":[{"href":"https:\/\/lucacastelli.com\/de\/wp-json\/wp\/v2\/product\/499783","targetHints":{"allow":["GET"]}}],"collection":[{"href":"https:\/\/lucacastelli.com\/de\/wp-json\/wp\/v2\/product"}],"about":[{"href":"https:\/\/lucacastelli.com\/de\/wp-json\/wp\/v2\/types\/product"}],"wp:featuredmedia":[{"embeddable":true,"href":"https:\/\/lucacastelli.com\/de\/wp-json\/wp\/v2\/media\/496564"}],"wp:attachment":[{"href":"https:\/\/lucacastelli.com\/de\/wp-json\/wp\/v2\/media?parent=499783"}],"wp:term":[{"taxonomy":"product_brand","embeddable":true,"href":"https:\/\/lucacastelli.com\/de\/wp-json\/wp\/v2\/product_brand?post=499783"},{"taxonomy":"product_cat","embeddable":true,"href":"https:\/\/lucacastelli.com\/de\/wp-json\/wp\/v2\/product_cat?post=499783"},{"taxonomy":"product_tag","embeddable":true,"href":"https:\/\/lucacastelli.com\/de\/wp-json\/wp\/v2\/product_tag?post=499783"}],"curies":[{"name":"wp","href":"https:\/\/api.w.org\/{rel}","templated":true}]}}