{"id":499765,"date":"2025-07-19T12:14:43","date_gmt":"2025-07-19T10:14:43","guid":{"rendered":"https:\/\/lucacastelli.com\/prodotto\/milwaukee-fett-15-stueck\/"},"modified":"2025-10-19T19:34:49","modified_gmt":"2025-10-19T17:34:49","slug":"milwaukee-fett-15-stueck","status":"publish","type":"product","link":"https:\/\/lucacastelli.com\/de\/produkt\/milwaukee-fett-15-stueck\/","title":{"rendered":"MILWAUKEE Fett 15 St\u00fcck"},"content":{"rendered":"<p>Dieses Fett hat eine spezielle Formulierung, um sowohl das Werkzeug als auch das Zubeh\u00f6r zu schmieren und zu sch\u00fctzen, um eine l\u00e4ngere Lebensdauer zu gew\u00e4hrleisten. Direkt auf die Befestigung des Bohrers, Mei\u00dfels, Kernbohrers usw. auftragen; Enth\u00e4lt 50 Gramm<\/p>\n","protected":false},"excerpt":{"rendered":"<p>Dieses Fett hat eine spezielle Formulierung, um sowohl das Werkzeug als auch das Zubeh\u00f6r zu schmieren und zu sch\u00fctzen, um<\/p>\n","protected":false},"featured_media":491909,"template":"","meta":{"_seopress_robots_primary_cat":"","_seopress_titles_title":"","_seopress_titles_desc":"","_seopress_robots_index":""},"product_brand":[3656],"product_cat":[169,1448],"product_tag":[3272],"class_list":{"0":"post-499765","1":"product","2":"type-product","3":"status-publish","4":"has-post-thumbnail","6":"product_brand-milwaukee-de","7":"product_cat-maschinen","8":"product_cat-schmiermittel","9":"product_tag-import-milwau-de","10":"sws-gruppo-macchinari-de","11":"sws-conto-ricavi-merci-rivendita-macchinari-de","12":"sws-gruppo-iva-iva81-de","14":"first","15":"onbackorder","16":"shipping-taxable","17":"purchasable","18":"product-type-simple"},"_links":{"self":[{"href":"https:\/\/lucacastelli.com\/de\/wp-json\/wp\/v2\/product\/499765","targetHints":{"allow":["GET"]}}],"collection":[{"href":"https:\/\/lucacastelli.com\/de\/wp-json\/wp\/v2\/product"}],"about":[{"href":"https:\/\/lucacastelli.com\/de\/wp-json\/wp\/v2\/types\/product"}],"wp:featuredmedia":[{"embeddable":true,"href":"https:\/\/lucacastelli.com\/de\/wp-json\/wp\/v2\/media\/491909"}],"wp:attachment":[{"href":"https:\/\/lucacastelli.com\/de\/wp-json\/wp\/v2\/media?parent=499765"}],"wp:term":[{"taxonomy":"product_brand","embeddable":true,"href":"https:\/\/lucacastelli.com\/de\/wp-json\/wp\/v2\/product_brand?post=499765"},{"taxonomy":"product_cat","embeddable":true,"href":"https:\/\/lucacastelli.com\/de\/wp-json\/wp\/v2\/product_cat?post=499765"},{"taxonomy":"product_tag","embeddable":true,"href":"https:\/\/lucacastelli.com\/de\/wp-json\/wp\/v2\/product_tag?post=499765"}],"curies":[{"name":"wp","href":"https:\/\/api.w.org\/{rel}","templated":true}]}}