{"id":499758,"date":"2025-07-19T12:18:35","date_gmt":"2025-07-19T10:18:35","guid":{"rendered":"https:\/\/lucacastelli.com\/prodotto\/milwaukee-led-scheinwerfer-m18\/"},"modified":"2025-07-19T12:18:35","modified_gmt":"2025-07-19T10:18:35","slug":"milwaukee-led-scheinwerfer-m18","status":"publish","type":"product","link":"https:\/\/lucacastelli.com\/de\/produkt\/milwaukee-led-scheinwerfer-m18\/","title":{"rendered":"MILWAUKEE LED Scheinwerfer M18\u2122"},"content":{"rendered":"<p>Die professionelle Beleuchtung MILWAUKEE\u00ae TRUEVIEW\u2122 erm\u00f6glicht eine hervorragende Sichtbarkeit von Details und eine originalgetreue Darstellung von Farben sowie die Reduzierung von Reflexionen und Schatten. 8 leistungsstarke LEDs liefern 1500 Lumen f\u00fcr eine effektive Ausleuchtung &#8211; bis zu 30% heller als eine 250W Halogenlampe; Robuste Konstruktion und Design, die auf Langlebigkeit ausgelegt sind; Komfortabler integrierter Griff &#8211; M\u00f6glichkeit, vertikal oder horizontal aufzuh\u00e4ngen; Loch zum Aufh\u00e4ngen des Scheinwerfers mit einem 13-mm-Rohr; 18V Batterieplattform: Funktioniert mit allen MILWAUKEE\u00ae M18\u2122 Akkus<\/p>\n","protected":false},"excerpt":{"rendered":"<p>Die professionelle Beleuchtung MILWAUKEE\u00ae TRUEVIEW\u2122 erm\u00f6glicht eine hervorragende Sichtbarkeit von Details und eine originalgetreue Darstellung von Farben sowie die Reduzierung<\/p>\n","protected":false},"featured_media":496462,"template":"","meta":{"_seopress_robots_primary_cat":"","_seopress_titles_title":"","_seopress_titles_desc":"","_seopress_robots_index":""},"product_brand":[3407],"product_cat":[537],"product_tag":[3270],"class_list":{"0":"post-499758","1":"product","2":"type-product","3":"status-publish","4":"has-post-thumbnail","6":"product_brand-milwaukee","7":"product_cat-attrezzatura-da-lavoro","8":"product_tag-import-milwau","9":"sws-gruppo-macchinari-de","10":"sws-conto-ricavi-merci-rivendita-macchinari-de","11":"sws-gruppo-iva-iva81-de","13":"first","14":"onbackorder","15":"sale","16":"shipping-taxable","17":"purchasable","18":"product-type-simple"},"_links":{"self":[{"href":"https:\/\/lucacastelli.com\/de\/wp-json\/wp\/v2\/product\/499758","targetHints":{"allow":["GET"]}}],"collection":[{"href":"https:\/\/lucacastelli.com\/de\/wp-json\/wp\/v2\/product"}],"about":[{"href":"https:\/\/lucacastelli.com\/de\/wp-json\/wp\/v2\/types\/product"}],"wp:featuredmedia":[{"embeddable":true,"href":"https:\/\/lucacastelli.com\/de\/wp-json\/wp\/v2\/media\/496462"}],"wp:attachment":[{"href":"https:\/\/lucacastelli.com\/de\/wp-json\/wp\/v2\/media?parent=499758"}],"wp:term":[{"taxonomy":"product_brand","embeddable":true,"href":"https:\/\/lucacastelli.com\/de\/wp-json\/wp\/v2\/product_brand?post=499758"},{"taxonomy":"product_cat","embeddable":true,"href":"https:\/\/lucacastelli.com\/de\/wp-json\/wp\/v2\/product_cat?post=499758"},{"taxonomy":"product_tag","embeddable":true,"href":"https:\/\/lucacastelli.com\/de\/wp-json\/wp\/v2\/product_tag?post=499758"}],"curies":[{"name":"wp","href":"https:\/\/api.w.org\/{rel}","templated":true}]}}