{"id":499736,"date":"2025-07-19T11:21:56","date_gmt":"2025-07-19T09:21:56","guid":{"rendered":"https:\/\/lucacastelli.com\/prodotto\/milwaukee-wchp-52\/"},"modified":"2025-07-19T11:21:56","modified_gmt":"2025-07-19T09:21:56","slug":"milwaukee-wchp-52","status":"publish","type":"product","link":"https:\/\/lucacastelli.com\/de\/produkt\/milwaukee-wchp-52\/","title":{"rendered":"MILWAUKEE WCHP 52"},"content":{"rendered":"<p>Standard 1 1\/4&#8221; UNC-Anschluss; Die Merkmale (Typ + Durchmesser) sind auf dem Bohrkronenaufsatz eingraviert, um eine dauerhafte Sichtbarkeit zu gew\u00e4hrleisten. Lasergeschwei\u00dfte Segmente f\u00fcr hohe Leistung; 10-mm-Segment f\u00fcr \u00fcberlegene Haltbarkeit; Geformter Zahn mit TURBO-Design: vorgesch\u00e4rft, f\u00fcr eine bessere Leistung von Anfang an; Bohrung: Eine \u00e4u\u00dfere und zwei innere Rillen an jedem Zahn erm\u00f6glichen es, die \u00dcberhitzung zu verringern und den Materialabtrag zu erh\u00f6hen<\/p>\n","protected":false},"excerpt":{"rendered":"<p>Standard 1 1\/4&#8221; UNC-Anschluss; Die Merkmale (Typ + Durchmesser) sind auf dem Bohrkronenaufsatz eingraviert, um eine dauerhafte Sichtbarkeit zu gew\u00e4hrleisten.<\/p>\n","protected":false},"featured_media":495515,"template":"","meta":{"_seopress_robots_primary_cat":"","_seopress_titles_title":"","_seopress_titles_desc":"","_seopress_robots_index":""},"product_brand":[3407],"product_cat":[29,514,549,550],"product_tag":[3270],"class_list":{"0":"post-499736","1":"product","2":"type-product","3":"status-publish","4":"has-post-thumbnail","6":"product_brand-milwaukee","7":"product_cat-macchinari","8":"product_cat-altri-dispositivi","9":"product_cat-trapani-e-avvitatori","10":"product_cat-accessori-per-trapani-ed-avvitatori","11":"product_tag-import-milwau","12":"sws-gruppo-macchinari-de","13":"sws-conto-ricavi-merci-rivendita-macchinari-de","14":"sws-gruppo-iva-iva81-de","16":"first","17":"onbackorder","18":"sale","19":"shipping-taxable","20":"purchasable","21":"product-type-simple"},"_links":{"self":[{"href":"https:\/\/lucacastelli.com\/de\/wp-json\/wp\/v2\/product\/499736","targetHints":{"allow":["GET"]}}],"collection":[{"href":"https:\/\/lucacastelli.com\/de\/wp-json\/wp\/v2\/product"}],"about":[{"href":"https:\/\/lucacastelli.com\/de\/wp-json\/wp\/v2\/types\/product"}],"wp:featuredmedia":[{"embeddable":true,"href":"https:\/\/lucacastelli.com\/de\/wp-json\/wp\/v2\/media\/495515"}],"wp:attachment":[{"href":"https:\/\/lucacastelli.com\/de\/wp-json\/wp\/v2\/media?parent=499736"}],"wp:term":[{"taxonomy":"product_brand","embeddable":true,"href":"https:\/\/lucacastelli.com\/de\/wp-json\/wp\/v2\/product_brand?post=499736"},{"taxonomy":"product_cat","embeddable":true,"href":"https:\/\/lucacastelli.com\/de\/wp-json\/wp\/v2\/product_cat?post=499736"},{"taxonomy":"product_tag","embeddable":true,"href":"https:\/\/lucacastelli.com\/de\/wp-json\/wp\/v2\/product_tag?post=499736"}],"curies":[{"name":"wp","href":"https:\/\/api.w.org\/{rel}","templated":true}]}}