{"id":499698,"date":"2025-07-19T11:21:19","date_gmt":"2025-07-19T09:21:19","guid":{"rendered":"https:\/\/lucacastelli.com\/prodotto\/milwaukee-badekappe-aus-lammfell-velcro-verschluss-zur-verwendung-mit-polier-und-schleifpads\/"},"modified":"2025-07-19T11:21:19","modified_gmt":"2025-07-19T09:21:19","slug":"milwaukee-badekappe-aus-lammfell-velcro-verschluss-zur-verwendung-mit-polier-und-schleifpads","status":"publish","type":"product","link":"https:\/\/lucacastelli.com\/de\/produkt\/milwaukee-badekappe-aus-lammfell-velcro-verschluss-zur-verwendung-mit-polier-und-schleifpads\/","title":{"rendered":"MILWAUKEE Badekappe aus Lammfell. Velcro-Verschluss. Zur Verwendung mit Polier- und Schleifpads"},"content":{"rendered":"<p>Lammwoll-Polierscheibe mit Velcro-Kleber; Die Schleifplatte und die 4932430488 Polierplatte, die f\u00fcr den Akku-Minipolierer M12 geeignet sind, m\u00fcssen f\u00fcr den Gebrauch vorhanden sein<\/p>\n","protected":false},"excerpt":{"rendered":"<p>Lammwoll-Polierscheibe mit Velcro-Kleber; Die Schleifplatte und die 4932430488 Polierplatte, die f\u00fcr den Akku-Minipolierer M12 geeignet sind, m\u00fcssen f\u00fcr den Gebrauch<\/p>\n","protected":false},"featured_media":496727,"template":"","meta":{"_seopress_robots_primary_cat":"","_seopress_titles_title":"","_seopress_titles_desc":"","_seopress_robots_index":""},"product_brand":[3407],"product_cat":[29,514,549,550],"product_tag":[3270],"class_list":{"0":"post-499698","1":"product","2":"type-product","3":"status-publish","4":"has-post-thumbnail","6":"product_brand-milwaukee","7":"product_cat-macchinari","8":"product_cat-altri-dispositivi","9":"product_cat-trapani-e-avvitatori","10":"product_cat-accessori-per-trapani-ed-avvitatori","11":"product_tag-import-milwau","12":"sws-gruppo-macchinari-de","13":"sws-conto-ricavi-merci-rivendita-macchinari-de","14":"sws-gruppo-iva-iva81-de","16":"first","17":"onbackorder","18":"sale","19":"shipping-taxable","20":"purchasable","21":"product-type-simple"},"_links":{"self":[{"href":"https:\/\/lucacastelli.com\/de\/wp-json\/wp\/v2\/product\/499698","targetHints":{"allow":["GET"]}}],"collection":[{"href":"https:\/\/lucacastelli.com\/de\/wp-json\/wp\/v2\/product"}],"about":[{"href":"https:\/\/lucacastelli.com\/de\/wp-json\/wp\/v2\/types\/product"}],"wp:featuredmedia":[{"embeddable":true,"href":"https:\/\/lucacastelli.com\/de\/wp-json\/wp\/v2\/media\/496727"}],"wp:attachment":[{"href":"https:\/\/lucacastelli.com\/de\/wp-json\/wp\/v2\/media?parent=499698"}],"wp:term":[{"taxonomy":"product_brand","embeddable":true,"href":"https:\/\/lucacastelli.com\/de\/wp-json\/wp\/v2\/product_brand?post=499698"},{"taxonomy":"product_cat","embeddable":true,"href":"https:\/\/lucacastelli.com\/de\/wp-json\/wp\/v2\/product_cat?post=499698"},{"taxonomy":"product_tag","embeddable":true,"href":"https:\/\/lucacastelli.com\/de\/wp-json\/wp\/v2\/product_tag?post=499698"}],"curies":[{"name":"wp","href":"https:\/\/api.w.org\/{rel}","templated":true}]}}