{"id":499654,"date":"2025-07-19T11:12:29","date_gmt":"2025-07-19T09:12:29","guid":{"rendered":"https:\/\/lucacastelli.com\/prodotto\/milwaukee-scs-41-125\/"},"modified":"2025-07-19T11:12:29","modified_gmt":"2025-07-19T09:12:29","slug":"milwaukee-scs-41-125","status":"publish","type":"product","link":"https:\/\/lucacastelli.com\/de\/produkt\/milwaukee-scs-41-125\/","title":{"rendered":"MILWAUKEE SCS 41 \/ 125"},"content":{"rendered":"<p>Anwendungen: Geeignet f\u00fcr alle St\u00e4hle. Empfohlen zum Schneiden von Edelstahl, Hardox, Gusseisen, hitzebest\u00e4ndigem Stahl, Baustahl; Merkmale: + 50 % l\u00e4ngere Lebensdauer, 50 % weniger Schnittzeit, 50 % weniger Staub <\/p>\n","protected":false},"excerpt":{"rendered":"<p>Anwendungen: Geeignet f\u00fcr alle St\u00e4hle. Empfohlen zum Schneiden von Edelstahl, Hardox, Gusseisen, hitzebest\u00e4ndigem Stahl, Baustahl; Merkmale: + 50 % l\u00e4ngere<\/p>\n","protected":false},"featured_media":497719,"template":"","meta":{"_seopress_robots_primary_cat":"","_seopress_titles_title":"","_seopress_titles_desc":"","_seopress_robots_index":""},"product_brand":[3407],"product_cat":[29,514,555],"product_tag":[3270],"class_list":{"0":"post-499654","1":"product","2":"type-product","3":"status-publish","4":"has-post-thumbnail","6":"product_brand-milwaukee","7":"product_cat-macchinari","8":"product_cat-altri-dispositivi","9":"product_cat-smerigliatrici","10":"product_tag-import-milwau","11":"sws-gruppo-macchinari-de","12":"sws-conto-ricavi-merci-rivendita-macchinari-de","13":"sws-gruppo-iva-iva81-de","15":"first","16":"onbackorder","17":"sale","18":"shipping-taxable","19":"purchasable","20":"product-type-simple"},"_links":{"self":[{"href":"https:\/\/lucacastelli.com\/de\/wp-json\/wp\/v2\/product\/499654","targetHints":{"allow":["GET"]}}],"collection":[{"href":"https:\/\/lucacastelli.com\/de\/wp-json\/wp\/v2\/product"}],"about":[{"href":"https:\/\/lucacastelli.com\/de\/wp-json\/wp\/v2\/types\/product"}],"wp:featuredmedia":[{"embeddable":true,"href":"https:\/\/lucacastelli.com\/de\/wp-json\/wp\/v2\/media\/497719"}],"wp:attachment":[{"href":"https:\/\/lucacastelli.com\/de\/wp-json\/wp\/v2\/media?parent=499654"}],"wp:term":[{"taxonomy":"product_brand","embeddable":true,"href":"https:\/\/lucacastelli.com\/de\/wp-json\/wp\/v2\/product_brand?post=499654"},{"taxonomy":"product_cat","embeddable":true,"href":"https:\/\/lucacastelli.com\/de\/wp-json\/wp\/v2\/product_cat?post=499654"},{"taxonomy":"product_tag","embeddable":true,"href":"https:\/\/lucacastelli.com\/de\/wp-json\/wp\/v2\/product_tag?post=499654"}],"curies":[{"name":"wp","href":"https:\/\/api.w.org\/{rel}","templated":true}]}}