{"id":499633,"date":"2025-07-19T11:12:37","date_gmt":"2025-07-19T09:12:37","guid":{"rendered":"https:\/\/lucacastelli.com\/prodotto\/milwaukee-16\/"},"modified":"2025-07-19T11:12:37","modified_gmt":"2025-07-19T09:12:37","slug":"milwaukee-16","status":"publish","type":"product","link":"https:\/\/lucacastelli.com\/de\/produkt\/milwaukee-16\/","title":{"rendered":"MILWAUKEE"},"content":{"rendered":"<p>Zum schnellen Schleifen von gro\u00dfen Betonschichten; Zum gleichm\u00e4\u00dfigen Schleifen von Beton-, Granit- und Natursteinoberfl\u00e4chen; F\u00fcr Kantenschleifarbeiten, z.B. f\u00fcr Kantenschleifarbeiten; Schleifen von hohen Kanten von Beton-, Granit- und Natursteinfliesen<\/p>\n","protected":false},"excerpt":{"rendered":"<p>Zum schnellen Schleifen von gro\u00dfen Betonschichten; Zum gleichm\u00e4\u00dfigen Schleifen von Beton-, Granit- und Natursteinoberfl\u00e4chen; F\u00fcr Kantenschleifarbeiten, z.B. f\u00fcr Kantenschleifarbeiten; Schleifen<\/p>\n","protected":false},"featured_media":497539,"template":"","meta":{"_seopress_robots_primary_cat":"","_seopress_titles_title":"","_seopress_titles_desc":"","_seopress_robots_index":""},"product_brand":[3407],"product_cat":[29,514,555],"product_tag":[3270],"class_list":{"0":"post-499633","1":"product","2":"type-product","3":"status-publish","4":"has-post-thumbnail","6":"product_brand-milwaukee","7":"product_cat-macchinari","8":"product_cat-altri-dispositivi","9":"product_cat-smerigliatrici","10":"product_tag-import-milwau","11":"sws-gruppo-macchinari-de","12":"sws-conto-ricavi-merci-rivendita-macchinari-de","13":"sws-gruppo-iva-iva81-de","15":"first","16":"onbackorder","17":"sale","18":"shipping-taxable","19":"purchasable","20":"product-type-simple"},"_links":{"self":[{"href":"https:\/\/lucacastelli.com\/de\/wp-json\/wp\/v2\/product\/499633","targetHints":{"allow":["GET"]}}],"collection":[{"href":"https:\/\/lucacastelli.com\/de\/wp-json\/wp\/v2\/product"}],"about":[{"href":"https:\/\/lucacastelli.com\/de\/wp-json\/wp\/v2\/types\/product"}],"wp:featuredmedia":[{"embeddable":true,"href":"https:\/\/lucacastelli.com\/de\/wp-json\/wp\/v2\/media\/497539"}],"wp:attachment":[{"href":"https:\/\/lucacastelli.com\/de\/wp-json\/wp\/v2\/media?parent=499633"}],"wp:term":[{"taxonomy":"product_brand","embeddable":true,"href":"https:\/\/lucacastelli.com\/de\/wp-json\/wp\/v2\/product_brand?post=499633"},{"taxonomy":"product_cat","embeddable":true,"href":"https:\/\/lucacastelli.com\/de\/wp-json\/wp\/v2\/product_cat?post=499633"},{"taxonomy":"product_tag","embeddable":true,"href":"https:\/\/lucacastelli.com\/de\/wp-json\/wp\/v2\/product_tag?post=499633"}],"curies":[{"name":"wp","href":"https:\/\/api.w.org\/{rel}","templated":true}]}}