{"id":499602,"date":"2025-07-19T11:12:47","date_gmt":"2025-07-19T09:12:47","guid":{"rendered":"https:\/\/lucacastelli.com\/prodotto\/milwaukee-diamanttrennscheibe-hudd-harte-materialien\/"},"modified":"2025-07-19T11:12:47","modified_gmt":"2025-07-19T09:12:47","slug":"milwaukee-diamanttrennscheibe-hudd-harte-materialien","status":"publish","type":"product","link":"https:\/\/lucacastelli.com\/de\/produkt\/milwaukee-diamanttrennscheibe-hudd-harte-materialien\/","title":{"rendered":"MILWAUKEE Diamanttrennscheibe HUDD &#8211; HARTE MATERIALIEN"},"content":{"rendered":"<p>HUDD Scheiben eignen sich besonders f\u00fcr harte und mittelharte Baustoffe, je st\u00e4rker das Material, desto mehr steigt die Leistung; Universalklinge f\u00fcr eine Vielzahl von Materialien; 10 mm H\u00f6he, um eine l\u00e4ngere Lebensdauer zu gew\u00e4hrleisten. Die hohe Konzentration an Diamant in Kombination mit der speziellen Geometrie der Klinge sorgt f\u00fcr eine \u00fcberlegene Schneidleistung. Das Laserschwei\u00dfen gew\u00e4hrleistet professionelle Qualit\u00e4t; Lasergeschwei\u00dfte Segmente; Geringe Vibrationen. Durch das Vorspannen der Scheibe wird das Wackeln vermieden und die Vibrationen deutlich reduziert. Anwendungsbereich. Speedcross Diamanttrennscheiben sind f\u00fcr alle Bauprofis konzipiert, die auch bei den anspruchsvollsten Arbeiten die beste Leistung verlangen    <\/p>\n","protected":false},"excerpt":{"rendered":"<p>HUDD Scheiben eignen sich besonders f\u00fcr harte und mittelharte Baustoffe, je st\u00e4rker das Material, desto mehr steigt die Leistung; Universalklinge<\/p>\n","protected":false},"featured_media":495674,"template":"","meta":{"_seopress_robots_primary_cat":"","_seopress_titles_title":"","_seopress_titles_desc":"","_seopress_robots_index":""},"product_brand":[3407],"product_cat":[29,514,555],"product_tag":[3270],"class_list":{"0":"post-499602","1":"product","2":"type-product","3":"status-publish","4":"has-post-thumbnail","6":"product_brand-milwaukee","7":"product_cat-macchinari","8":"product_cat-altri-dispositivi","9":"product_cat-smerigliatrici","10":"product_tag-import-milwau","11":"sws-gruppo-macchinari-de","12":"sws-conto-ricavi-merci-rivendita-macchinari-de","13":"sws-gruppo-iva-iva81-de","15":"first","16":"onbackorder","17":"sale","18":"shipping-taxable","19":"purchasable","20":"product-type-simple"},"_links":{"self":[{"href":"https:\/\/lucacastelli.com\/de\/wp-json\/wp\/v2\/product\/499602","targetHints":{"allow":["GET"]}}],"collection":[{"href":"https:\/\/lucacastelli.com\/de\/wp-json\/wp\/v2\/product"}],"about":[{"href":"https:\/\/lucacastelli.com\/de\/wp-json\/wp\/v2\/types\/product"}],"wp:featuredmedia":[{"embeddable":true,"href":"https:\/\/lucacastelli.com\/de\/wp-json\/wp\/v2\/media\/495674"}],"wp:attachment":[{"href":"https:\/\/lucacastelli.com\/de\/wp-json\/wp\/v2\/media?parent=499602"}],"wp:term":[{"taxonomy":"product_brand","embeddable":true,"href":"https:\/\/lucacastelli.com\/de\/wp-json\/wp\/v2\/product_brand?post=499602"},{"taxonomy":"product_cat","embeddable":true,"href":"https:\/\/lucacastelli.com\/de\/wp-json\/wp\/v2\/product_cat?post=499602"},{"taxonomy":"product_tag","embeddable":true,"href":"https:\/\/lucacastelli.com\/de\/wp-json\/wp\/v2\/product_tag?post=499602"}],"curies":[{"name":"wp","href":"https:\/\/api.w.org\/{rel}","templated":true}]}}