{"id":499571,"date":"2025-07-19T12:30:37","date_gmt":"2025-07-19T10:30:37","guid":{"rendered":"https:\/\/lucacastelli.com\/prodotto\/milwaukee-vp6-pumpe-345x205x275-mm-schnelle-befestigung-der-saeule-durch-vakuum-dr-255-tv-standardausruestung-5-m-kabel-mit-dw-7-anschluss-kapazitaet-850-mbar-maximale-druckkapazitaet-6-m3-h\/"},"modified":"2025-07-19T12:30:37","modified_gmt":"2025-07-19T10:30:37","slug":"milwaukee-vp6-pumpe-345x205x275-mm-schnelle-befestigung-der-saeule-durch-vakuum-dr-255-tv-standardausruestung-5-m-kabel-mit-dw-7-anschluss-kapazitaet-850-mbar-maximale-druckkapazitaet-6-m3-h","status":"publish","type":"product","link":"https:\/\/lucacastelli.com\/de\/produkt\/milwaukee-vp6-pumpe-345x205x275-mm-schnelle-befestigung-der-saeule-durch-vakuum-dr-255-tv-standardausruestung-5-m-kabel-mit-dw-7-anschluss-kapazitaet-850-mbar-maximale-druckkapazitaet-6-m3-h\/","title":{"rendered":"MILWAUKEE VP6 Pumpe (345x205x275 mm). Schnelle Befestigung der S\u00e4ule durch Vakuum (DR 255 TV) Standardausr\u00fcstung: 5 m Kabel mit DW 7-Anschluss, Kapazit\u00e4t 850 mbar, maximale Druckkapazit\u00e4t 6 m3\/h (100 l\/min). Spannung 220-240 V. Lieferung mit 5 m Schlauch mit DW7-Kupplung"},"content":{"rendered":"<p>Schnelle Fixierung der S\u00e4ule durch Vakuum<\/p>\n","protected":false},"excerpt":{"rendered":"<p>Schnelle Fixierung der S\u00e4ule durch Vakuum<\/p>\n","protected":false},"featured_media":491685,"template":"","meta":{"_seopress_robots_primary_cat":"","_seopress_titles_title":"","_seopress_titles_desc":"","_seopress_robots_index":""},"product_brand":[3656],"product_cat":[1454,169,1535],"product_tag":[3272],"class_list":{"0":"post-499571","1":"product","2":"type-product","3":"status-publish","4":"has-post-thumbnail","6":"product_brand-milwaukee-de","7":"product_cat-andere-gerate","8":"product_cat-maschinen","9":"product_cat-sagen","10":"product_tag-import-milwau-de","11":"sws-gruppo-macchinari-de","12":"sws-conto-ricavi-merci-rivendita-macchinari-de","13":"sws-gruppo-iva-iva81-de","15":"first","16":"onbackorder","17":"sale","18":"shipping-taxable","19":"purchasable","20":"product-type-simple"},"_links":{"self":[{"href":"https:\/\/lucacastelli.com\/de\/wp-json\/wp\/v2\/product\/499571","targetHints":{"allow":["GET"]}}],"collection":[{"href":"https:\/\/lucacastelli.com\/de\/wp-json\/wp\/v2\/product"}],"about":[{"href":"https:\/\/lucacastelli.com\/de\/wp-json\/wp\/v2\/types\/product"}],"wp:featuredmedia":[{"embeddable":true,"href":"https:\/\/lucacastelli.com\/de\/wp-json\/wp\/v2\/media\/491685"}],"wp:attachment":[{"href":"https:\/\/lucacastelli.com\/de\/wp-json\/wp\/v2\/media?parent=499571"}],"wp:term":[{"taxonomy":"product_brand","embeddable":true,"href":"https:\/\/lucacastelli.com\/de\/wp-json\/wp\/v2\/product_brand?post=499571"},{"taxonomy":"product_cat","embeddable":true,"href":"https:\/\/lucacastelli.com\/de\/wp-json\/wp\/v2\/product_cat?post=499571"},{"taxonomy":"product_tag","embeddable":true,"href":"https:\/\/lucacastelli.com\/de\/wp-json\/wp\/v2\/product_tag?post=499571"}],"curies":[{"name":"wp","href":"https:\/\/api.w.org\/{rel}","templated":true}]}}