{"id":499564,"date":"2025-07-19T12:30:34","date_gmt":"2025-07-19T10:30:34","guid":{"rendered":"https:\/\/lucacastelli.com\/prodotto\/milwaukee-magnetischer-bithalter\/"},"modified":"2025-07-19T12:30:34","modified_gmt":"2025-07-19T10:30:34","slug":"milwaukee-magnetischer-bithalter","status":"publish","type":"product","link":"https:\/\/lucacastelli.com\/de\/produkt\/milwaukee-magnetischer-bithalter\/","title":{"rendered":"MILWAUKEE Magnetischer Bithalter"},"content":{"rendered":"<p>W\u00e4rmebehandelter Stahl f\u00fcr maximale Festigkeit und Flexibilit\u00e4t; Die robuste Konstruktion h\u00e4lt den h\u00e4rtesten Verschraubungsanwendungen stand. Maximale Dichtheit auch bei anspruchsvollsten Anwendungen<\/p>\n","protected":false},"excerpt":{"rendered":"<p>W\u00e4rmebehandelter Stahl f\u00fcr maximale Festigkeit und Flexibilit\u00e4t; Die robuste Konstruktion h\u00e4lt den h\u00e4rtesten Verschraubungsanwendungen stand. Maximale Dichtheit auch bei anspruchsvollsten<\/p>\n","protected":false},"featured_media":496685,"template":"","meta":{"_seopress_robots_primary_cat":"","_seopress_titles_title":"","_seopress_titles_desc":"","_seopress_robots_index":""},"product_brand":[3407],"product_cat":[29,514,558],"product_tag":[3270],"class_list":{"0":"post-499564","1":"product","2":"type-product","3":"status-publish","4":"has-post-thumbnail","6":"product_brand-milwaukee","7":"product_cat-macchinari","8":"product_cat-altri-dispositivi","9":"product_cat-seghe-accessori-vari","10":"product_tag-import-milwau","11":"sws-gruppo-macchinari-de","12":"sws-conto-ricavi-merci-rivendita-macchinari-de","13":"sws-gruppo-iva-iva81-de","15":"first","16":"onbackorder","17":"sale","18":"shipping-taxable","19":"purchasable","20":"product-type-simple"},"_links":{"self":[{"href":"https:\/\/lucacastelli.com\/de\/wp-json\/wp\/v2\/product\/499564","targetHints":{"allow":["GET"]}}],"collection":[{"href":"https:\/\/lucacastelli.com\/de\/wp-json\/wp\/v2\/product"}],"about":[{"href":"https:\/\/lucacastelli.com\/de\/wp-json\/wp\/v2\/types\/product"}],"wp:featuredmedia":[{"embeddable":true,"href":"https:\/\/lucacastelli.com\/de\/wp-json\/wp\/v2\/media\/496685"}],"wp:attachment":[{"href":"https:\/\/lucacastelli.com\/de\/wp-json\/wp\/v2\/media?parent=499564"}],"wp:term":[{"taxonomy":"product_brand","embeddable":true,"href":"https:\/\/lucacastelli.com\/de\/wp-json\/wp\/v2\/product_brand?post=499564"},{"taxonomy":"product_cat","embeddable":true,"href":"https:\/\/lucacastelli.com\/de\/wp-json\/wp\/v2\/product_cat?post=499564"},{"taxonomy":"product_tag","embeddable":true,"href":"https:\/\/lucacastelli.com\/de\/wp-json\/wp\/v2\/product_tag?post=499564"}],"curies":[{"name":"wp","href":"https:\/\/api.w.org\/{rel}","templated":true}]}}