{"id":499550,"date":"2025-07-19T12:28:58","date_gmt":"2025-07-19T10:28:58","guid":{"rendered":"https:\/\/lucacastelli.com\/prodotto\/milwaukee-compact-kassetten-schraubendreher-bits\/"},"modified":"2025-07-19T12:28:58","modified_gmt":"2025-07-19T10:28:58","slug":"milwaukee-compact-kassetten-schraubendreher-bits","status":"publish","type":"product","link":"https:\/\/lucacastelli.com\/de\/produkt\/milwaukee-compact-kassetten-schraubendreher-bits\/","title":{"rendered":"MILWAUKEE Compact Kassetten-Schraubendreher-Bits"},"content":{"rendered":"<p>Das Design des Bohrers wird mit einem speziellen Schnellk\u00fchlverfahren hergestellt, das einen geringeren Verschlei\u00df durch Schlupf erm\u00f6glicht. Die Spitze wird einem Prozess mit Temperaturen \u00fcber 870\u00b0C unterzogen; das Ergebnis ist ein Bohrst\u00fcck mit einer H\u00e4rte von 60 HRC. Dieser Prozess verleiht dem Bohrer eine lange Lebensdauer bei st\u00e4ndigem Gebrauch; Der Bohrer wird mit einem Verfahren hergestellt, das den Stahl noch h\u00e4rter als Stahl vom Typ S2 macht; Alle Bits sind zur einfachen Identifizierung mit dem Milwaukee-Logo lasermarkiert  <\/p>\n","protected":false},"excerpt":{"rendered":"<p>Das Design des Bohrers wird mit einem speziellen Schnellk\u00fchlverfahren hergestellt, das einen geringeren Verschlei\u00df durch Schlupf erm\u00f6glicht. Die Spitze wird<\/p>\n","protected":false},"featured_media":492646,"template":"","meta":{"_seopress_robots_primary_cat":"","_seopress_titles_title":"","_seopress_titles_desc":"","_seopress_robots_index":""},"product_brand":[3407],"product_cat":[29,514,549,550],"product_tag":[3270],"class_list":{"0":"post-499550","1":"product","2":"type-product","3":"status-publish","4":"has-post-thumbnail","6":"product_brand-milwaukee","7":"product_cat-macchinari","8":"product_cat-altri-dispositivi","9":"product_cat-trapani-e-avvitatori","10":"product_cat-accessori-per-trapani-ed-avvitatori","11":"product_tag-import-milwau","12":"sws-gruppo-macchinari-de","13":"sws-conto-ricavi-merci-rivendita-macchinari-de","14":"sws-gruppo-iva-iva81-de","16":"first","17":"onbackorder","18":"sale","19":"shipping-taxable","20":"purchasable","21":"product-type-simple"},"_links":{"self":[{"href":"https:\/\/lucacastelli.com\/de\/wp-json\/wp\/v2\/product\/499550","targetHints":{"allow":["GET"]}}],"collection":[{"href":"https:\/\/lucacastelli.com\/de\/wp-json\/wp\/v2\/product"}],"about":[{"href":"https:\/\/lucacastelli.com\/de\/wp-json\/wp\/v2\/types\/product"}],"wp:featuredmedia":[{"embeddable":true,"href":"https:\/\/lucacastelli.com\/de\/wp-json\/wp\/v2\/media\/492646"}],"wp:attachment":[{"href":"https:\/\/lucacastelli.com\/de\/wp-json\/wp\/v2\/media?parent=499550"}],"wp:term":[{"taxonomy":"product_brand","embeddable":true,"href":"https:\/\/lucacastelli.com\/de\/wp-json\/wp\/v2\/product_brand?post=499550"},{"taxonomy":"product_cat","embeddable":true,"href":"https:\/\/lucacastelli.com\/de\/wp-json\/wp\/v2\/product_cat?post=499550"},{"taxonomy":"product_tag","embeddable":true,"href":"https:\/\/lucacastelli.com\/de\/wp-json\/wp\/v2\/product_tag?post=499550"}],"curies":[{"name":"wp","href":"https:\/\/api.w.org\/{rel}","templated":true}]}}