{"id":499544,"date":"2025-07-19T12:28:56","date_gmt":"2025-07-19T10:28:56","guid":{"rendered":"https:\/\/lucacastelli.com\/prodotto\/milwaukee-systemzubehoer-stanzmaschine\/"},"modified":"2025-07-19T12:28:56","modified_gmt":"2025-07-19T10:28:56","slug":"milwaukee-systemzubehoer-stanzmaschine","status":"publish","type":"product","link":"https:\/\/lucacastelli.com\/de\/produkt\/milwaukee-systemzubehoer-stanzmaschine\/","title":{"rendered":"MILWAUKEE Systemzubeh\u00f6r &#8211; Stanzmaschine"},"content":{"rendered":"<p>Geeignet f\u00fcr Baustahl und Aluminium bis zu einer Dicke von 3 mm; auch f\u00fcr Edelstahl max. 2,5 mm geeignet<\/p>\n","protected":false},"excerpt":{"rendered":"<p>Geeignet f\u00fcr Baustahl und Aluminium bis zu einer Dicke von 3 mm; auch f\u00fcr Edelstahl max. 2,5 mm geeignet<\/p>\n","protected":false},"featured_media":497475,"template":"","meta":{"_seopress_robots_primary_cat":"","_seopress_titles_title":"","_seopress_titles_desc":"","_seopress_robots_index":""},"product_brand":[3407],"product_cat":[29,514,549,550],"product_tag":[3270],"class_list":{"0":"post-499544","1":"product","2":"type-product","3":"status-publish","4":"has-post-thumbnail","6":"product_brand-milwaukee","7":"product_cat-macchinari","8":"product_cat-altri-dispositivi","9":"product_cat-trapani-e-avvitatori","10":"product_cat-accessori-per-trapani-ed-avvitatori","11":"product_tag-import-milwau","12":"sws-gruppo-macchinari-de","13":"sws-conto-ricavi-merci-rivendita-macchinari-de","14":"sws-gruppo-iva-iva81-de","16":"first","17":"onbackorder","18":"sale","19":"shipping-taxable","20":"purchasable","21":"product-type-simple"},"_links":{"self":[{"href":"https:\/\/lucacastelli.com\/de\/wp-json\/wp\/v2\/product\/499544","targetHints":{"allow":["GET"]}}],"collection":[{"href":"https:\/\/lucacastelli.com\/de\/wp-json\/wp\/v2\/product"}],"about":[{"href":"https:\/\/lucacastelli.com\/de\/wp-json\/wp\/v2\/types\/product"}],"wp:featuredmedia":[{"embeddable":true,"href":"https:\/\/lucacastelli.com\/de\/wp-json\/wp\/v2\/media\/497475"}],"wp:attachment":[{"href":"https:\/\/lucacastelli.com\/de\/wp-json\/wp\/v2\/media?parent=499544"}],"wp:term":[{"taxonomy":"product_brand","embeddable":true,"href":"https:\/\/lucacastelli.com\/de\/wp-json\/wp\/v2\/product_brand?post=499544"},{"taxonomy":"product_cat","embeddable":true,"href":"https:\/\/lucacastelli.com\/de\/wp-json\/wp\/v2\/product_cat?post=499544"},{"taxonomy":"product_tag","embeddable":true,"href":"https:\/\/lucacastelli.com\/de\/wp-json\/wp\/v2\/product_tag?post=499544"}],"curies":[{"name":"wp","href":"https:\/\/api.w.org\/{rel}","templated":true}]}}