{"id":499537,"date":"2025-07-19T12:27:41","date_gmt":"2025-07-19T10:27:41","guid":{"rendered":"https:\/\/lucacastelli.com\/prodotto\/milwaukee-osd2-winkelschraubendreher\/"},"modified":"2025-07-19T12:27:41","modified_gmt":"2025-07-19T10:27:41","slug":"milwaukee-osd2-winkelschraubendreher","status":"publish","type":"product","link":"https:\/\/lucacastelli.com\/de\/produkt\/milwaukee-osd2-winkelschraubendreher\/","title":{"rendered":"MILWAUKEE OSD2 &#8211; Winkelschraubendreher"},"content":{"rendered":"<p>Das Eckger\u00e4t OSD2 ist die ideale L\u00f6sung zum Bohren und Schrauben auf engstem Raum; 1\/4&#8221; Inbus-Antrieb. Mit Bit-Verriegelungsmechanismus; Metallgetriebe f\u00fcr pr\u00e4zise und gleichm\u00e4\u00dfige Geschwindigkeit; Griff mit Softgrip, der um 360\u00b0 in 4 verschiedene Arbeitspositionen gedreht werden kann; Hervorragende Kraft\u00fcbertragung; Maximales Anzugsdrehmoment bei 40 Nm und Drehzahlen bis zu 1750 U\/min; OSD2 kann zum Bohren und Schrauben verwendet werden, ein \u00e4u\u00dferst vielseitiges Werkzeug; Mit einer L\u00e4nge von nur 51 mm kann er auf kleinem Raum eingesetzt werden <\/p>\n","protected":false},"excerpt":{"rendered":"<p>Das Eckger\u00e4t OSD2 ist die ideale L\u00f6sung zum Bohren und Schrauben auf engstem Raum; 1\/4&#8221; Inbus-Antrieb. Mit Bit-Verriegelungsmechanismus; Metallgetriebe f\u00fcr<\/p>\n","protected":false},"featured_media":491955,"template":"","meta":{"_seopress_robots_primary_cat":"","_seopress_titles_title":"","_seopress_titles_desc":"","_seopress_robots_index":""},"product_brand":[3407],"product_cat":[537],"product_tag":[3270],"class_list":{"0":"post-499537","1":"product","2":"type-product","3":"status-publish","4":"has-post-thumbnail","6":"product_brand-milwaukee","7":"product_cat-attrezzatura-da-lavoro","8":"product_tag-import-milwau","9":"sws-gruppo-macchinari-de","10":"sws-conto-ricavi-merci-rivendita-macchinari-de","11":"sws-gruppo-iva-iva81-de","13":"first","14":"onbackorder","15":"sale","16":"shipping-taxable","17":"purchasable","18":"product-type-simple"},"_links":{"self":[{"href":"https:\/\/lucacastelli.com\/de\/wp-json\/wp\/v2\/product\/499537","targetHints":{"allow":["GET"]}}],"collection":[{"href":"https:\/\/lucacastelli.com\/de\/wp-json\/wp\/v2\/product"}],"about":[{"href":"https:\/\/lucacastelli.com\/de\/wp-json\/wp\/v2\/types\/product"}],"wp:featuredmedia":[{"embeddable":true,"href":"https:\/\/lucacastelli.com\/de\/wp-json\/wp\/v2\/media\/491955"}],"wp:attachment":[{"href":"https:\/\/lucacastelli.com\/de\/wp-json\/wp\/v2\/media?parent=499537"}],"wp:term":[{"taxonomy":"product_brand","embeddable":true,"href":"https:\/\/lucacastelli.com\/de\/wp-json\/wp\/v2\/product_brand?post=499537"},{"taxonomy":"product_cat","embeddable":true,"href":"https:\/\/lucacastelli.com\/de\/wp-json\/wp\/v2\/product_cat?post=499537"},{"taxonomy":"product_tag","embeddable":true,"href":"https:\/\/lucacastelli.com\/de\/wp-json\/wp\/v2\/product_tag?post=499537"}],"curies":[{"name":"wp","href":"https:\/\/api.w.org\/{rel}","templated":true}]}}