{"id":499530,"date":"2025-07-19T12:25:22","date_gmt":"2025-07-19T10:25:22","guid":{"rendered":"https:\/\/lucacastelli.com\/prodotto\/milwaukee-tragetaschen-2\/"},"modified":"2025-07-19T12:25:22","modified_gmt":"2025-07-19T10:25:22","slug":"milwaukee-tragetaschen-2","status":"publish","type":"product","link":"https:\/\/lucacastelli.com\/de\/produkt\/milwaukee-tragetaschen-2\/","title":{"rendered":"MILWAUKEE Tragetaschen"},"content":{"rendered":"<p>Die abgerundeten und verst\u00e4rkten Ecken, die tiefen Rippen und das gew\u00f6lbte Design aus robustem ABS-Kunststoff machen diesen Koffer extrem langlebig und langlebig. Der Koffer ist so aufgebaut, dass er St\u00f6\u00dfe und St\u00fcrze absorbiert und den rauen Bedingungen auf Baustellen gewachsen ist. Das einzigartige Befestigungssystem erm\u00f6glicht es, zwei oder mehr Koffer miteinander zu verschlie\u00dfen, um einen einfachen und sicheren Transport zu erm\u00f6glichen. Die tiefen Rippen und die gew\u00f6lbte Form sorgen daf\u00fcr, dass ein Koffer auf den anderen passt, so dass sie stabil gestapelt werden k\u00f6nnen; Das Verriegelungssystem erleichtert den Transport von Werkzeugen und Zubeh\u00f6r zum Arbeitsplatz. Alles wird verf\u00fcgbar sein, wenn es gebraucht wird   <\/p>\n","protected":false},"excerpt":{"rendered":"<p>Die abgerundeten und verst\u00e4rkten Ecken, die tiefen Rippen und das gew\u00f6lbte Design aus robustem ABS-Kunststoff machen diesen Koffer extrem langlebig<\/p>\n","protected":false},"featured_media":494902,"template":"","meta":{"_seopress_robots_primary_cat":"","_seopress_titles_title":"","_seopress_titles_desc":"","_seopress_robots_index":""},"product_brand":[3407],"product_cat":[537],"product_tag":[3270],"class_list":{"0":"post-499530","1":"product","2":"type-product","3":"status-publish","4":"has-post-thumbnail","6":"product_brand-milwaukee","7":"product_cat-attrezzatura-da-lavoro","8":"product_tag-import-milwau","9":"sws-gruppo-macchinari-de","10":"sws-conto-ricavi-merci-rivendita-macchinari-de","11":"sws-gruppo-iva-iva81-de","13":"first","14":"onbackorder","15":"sale","16":"shipping-taxable","17":"purchasable","18":"product-type-simple"},"_links":{"self":[{"href":"https:\/\/lucacastelli.com\/de\/wp-json\/wp\/v2\/product\/499530","targetHints":{"allow":["GET"]}}],"collection":[{"href":"https:\/\/lucacastelli.com\/de\/wp-json\/wp\/v2\/product"}],"about":[{"href":"https:\/\/lucacastelli.com\/de\/wp-json\/wp\/v2\/types\/product"}],"wp:featuredmedia":[{"embeddable":true,"href":"https:\/\/lucacastelli.com\/de\/wp-json\/wp\/v2\/media\/494902"}],"wp:attachment":[{"href":"https:\/\/lucacastelli.com\/de\/wp-json\/wp\/v2\/media?parent=499530"}],"wp:term":[{"taxonomy":"product_brand","embeddable":true,"href":"https:\/\/lucacastelli.com\/de\/wp-json\/wp\/v2\/product_brand?post=499530"},{"taxonomy":"product_cat","embeddable":true,"href":"https:\/\/lucacastelli.com\/de\/wp-json\/wp\/v2\/product_cat?post=499530"},{"taxonomy":"product_tag","embeddable":true,"href":"https:\/\/lucacastelli.com\/de\/wp-json\/wp\/v2\/product_tag?post=499530"}],"curies":[{"name":"wp","href":"https:\/\/api.w.org\/{rel}","templated":true}]}}