{"id":499523,"date":"2025-07-19T13:18:52","date_gmt":"2025-07-19T11:18:52","guid":{"rendered":"https:\/\/lucacastelli.com\/prodotto\/husvarna-funktioneller-forsthelm\/"},"modified":"2025-07-19T13:18:52","modified_gmt":"2025-07-19T11:18:52","slug":"husvarna-funktioneller-forsthelm","status":"publish","type":"product","link":"https:\/\/lucacastelli.com\/de\/produkt\/husvarna-funktioneller-forsthelm\/","title":{"rendered":"HUSVARNA Funktioneller Forsthelm"},"content":{"rendered":"<h2 class=\"ui-a2 ui-if ui-a6\">Komfortabler Schutzhelm f\u00fcr die Forstarbeit<\/h2>\n<div class=\"ui-a2 ui-if ui-it ui-pt ui-a-\">\n<div class=\"hbd-editorial\">Funktioneller Helm mit hoher Funktionalit\u00e4t f\u00fcr individuelle Vorlieben, perfekt f\u00fcr einen Forstarbeiter, der Komfort und Ergonomie bei der t\u00e4glichen Arbeit sucht. Das neue UltraVision-Visier, mit nur 20% Lichtabsorption und damit verbesserter Sicht, und mit einem 6-Punkt-Gurt f\u00fcr mehr Komfort und weniger Stress. Geh\u00f6rschutz mit hervorragendem ergonomischem Design, die beste Wahl in Bezug auf Komfort und pers\u00f6nliche Bed\u00fcrfnisse.  <\/div>\n<\/div>\n","protected":false},"excerpt":{"rendered":"<p>Komfortabler Schutzhelm f\u00fcr die Forstarbeit Funktioneller Helm mit hoher Funktionalit\u00e4t f\u00fcr individuelle Vorlieben, perfekt f\u00fcr einen Forstarbeiter, der Komfort und<\/p>\n","protected":false},"featured_media":499436,"template":"","meta":{"_seopress_robots_primary_cat":"none","_seopress_titles_title":"","_seopress_titles_desc":"","_seopress_robots_index":""},"product_brand":[4370],"product_cat":[150,1396,1404],"product_tag":[],"class_list":{"0":"post-499523","1":"product","2":"type-product","3":"status-publish","4":"has-post-thumbnail","6":"product_brand-husqvarna-de","7":"product_cat-ausrustung","8":"product_cat-arbeitsausrustung","9":"product_cat-helme","10":"sws-gruppo-abb-libero-de","11":"sws-conto-ricavi-merci-rivendita-abbigliamento-de","12":"sws-gruppo-iva-iva81-de","14":"first","15":"instock","16":"shipping-taxable","17":"purchasable","18":"product-type-simple"},"_links":{"self":[{"href":"https:\/\/lucacastelli.com\/de\/wp-json\/wp\/v2\/product\/499523","targetHints":{"allow":["GET"]}}],"collection":[{"href":"https:\/\/lucacastelli.com\/de\/wp-json\/wp\/v2\/product"}],"about":[{"href":"https:\/\/lucacastelli.com\/de\/wp-json\/wp\/v2\/types\/product"}],"wp:featuredmedia":[{"embeddable":true,"href":"https:\/\/lucacastelli.com\/de\/wp-json\/wp\/v2\/media\/499436"}],"wp:attachment":[{"href":"https:\/\/lucacastelli.com\/de\/wp-json\/wp\/v2\/media?parent=499523"}],"wp:term":[{"taxonomy":"product_brand","embeddable":true,"href":"https:\/\/lucacastelli.com\/de\/wp-json\/wp\/v2\/product_brand?post=499523"},{"taxonomy":"product_cat","embeddable":true,"href":"https:\/\/lucacastelli.com\/de\/wp-json\/wp\/v2\/product_cat?post=499523"},{"taxonomy":"product_tag","embeddable":true,"href":"https:\/\/lucacastelli.com\/de\/wp-json\/wp\/v2\/product_tag?post=499523"}],"curies":[{"name":"wp","href":"https:\/\/api.w.org\/{rel}","templated":true}]}}