{"id":499465,"date":"2025-07-19T12:30:53","date_gmt":"2025-07-19T10:30:53","guid":{"rendered":"https:\/\/lucacastelli.com\/prodotto\/milwaukee-wassersammler-sammler-kann-mit-der-saeule-dr-350-t-verwendet-werden-nur-fuer-bohrkronen-mit-einem-maximalen-durchmesser-von-300-mm\/"},"modified":"2025-07-19T12:30:53","modified_gmt":"2025-07-19T10:30:53","slug":"milwaukee-wassersammler-sammler-kann-mit-der-saeule-dr-350-t-verwendet-werden-nur-fuer-bohrkronen-mit-einem-maximalen-durchmesser-von-300-mm","status":"publish","type":"product","link":"https:\/\/lucacastelli.com\/de\/produkt\/milwaukee-wassersammler-sammler-kann-mit-der-saeule-dr-350-t-verwendet-werden-nur-fuer-bohrkronen-mit-einem-maximalen-durchmesser-von-300-mm\/","title":{"rendered":"MILWAUKEE Wassersammler\/-sammler. Kann mit der S\u00e4ule DR 350 T verwendet werden. Nur f\u00fcr Bohrkronen mit einem maximalen Durchmesser von 300 mm"},"content":{"rendered":"<p>Wasserauffangring f\u00fcr Diamantbohrer bis zu einem maximalen Durchmesser von 300 mm, geeignet f\u00fcr Diamantkernbohrmaschinen DR 350 T<\/p>\n","protected":false},"excerpt":{"rendered":"<p>Wasserauffangring f\u00fcr Diamantbohrer bis zu einem maximalen Durchmesser von 300 mm, geeignet f\u00fcr Diamantkernbohrmaschinen DR 350 T<\/p>\n","protected":false},"featured_media":495623,"template":"","meta":{"_seopress_robots_primary_cat":"","_seopress_titles_title":"","_seopress_titles_desc":"","_seopress_robots_index":""},"product_brand":[3656],"product_cat":[1454,169,1535],"product_tag":[3272],"class_list":{"0":"post-499465","1":"product","2":"type-product","3":"status-publish","4":"has-post-thumbnail","6":"product_brand-milwaukee-de","7":"product_cat-andere-gerate","8":"product_cat-maschinen","9":"product_cat-sagen","10":"product_tag-import-milwau-de","11":"sws-gruppo-macchinari-de","12":"sws-conto-ricavi-merci-rivendita-macchinari-de","13":"sws-gruppo-iva-iva81-de","15":"first","16":"onbackorder","17":"sale","18":"shipping-taxable","19":"purchasable","20":"product-type-simple"},"_links":{"self":[{"href":"https:\/\/lucacastelli.com\/de\/wp-json\/wp\/v2\/product\/499465","targetHints":{"allow":["GET"]}}],"collection":[{"href":"https:\/\/lucacastelli.com\/de\/wp-json\/wp\/v2\/product"}],"about":[{"href":"https:\/\/lucacastelli.com\/de\/wp-json\/wp\/v2\/types\/product"}],"wp:featuredmedia":[{"embeddable":true,"href":"https:\/\/lucacastelli.com\/de\/wp-json\/wp\/v2\/media\/495623"}],"wp:attachment":[{"href":"https:\/\/lucacastelli.com\/de\/wp-json\/wp\/v2\/media?parent=499465"}],"wp:term":[{"taxonomy":"product_brand","embeddable":true,"href":"https:\/\/lucacastelli.com\/de\/wp-json\/wp\/v2\/product_brand?post=499465"},{"taxonomy":"product_cat","embeddable":true,"href":"https:\/\/lucacastelli.com\/de\/wp-json\/wp\/v2\/product_cat?post=499465"},{"taxonomy":"product_tag","embeddable":true,"href":"https:\/\/lucacastelli.com\/de\/wp-json\/wp\/v2\/product_tag?post=499465"}],"curies":[{"name":"wp","href":"https:\/\/api.w.org\/{rel}","templated":true}]}}