{"id":499454,"date":"2025-07-19T12:30:50","date_gmt":"2025-07-19T10:30:50","guid":{"rendered":"https:\/\/lucacastelli.com\/prodotto\/milwaukee-befestigungssatz-nur-fuer-die-verwendung-auf-beton-fuer-die-sicherung-der-anker-werden-16-mm-bohrer-benoetigt-inklusive-klemmbolzen-flansch-ring-und-5-m12-ankern\/"},"modified":"2025-07-19T12:30:50","modified_gmt":"2025-07-19T10:30:50","slug":"milwaukee-befestigungssatz-nur-fuer-die-verwendung-auf-beton-fuer-die-sicherung-der-anker-werden-16-mm-bohrer-benoetigt-inklusive-klemmbolzen-flansch-ring-und-5-m12-ankern","status":"publish","type":"product","link":"https:\/\/lucacastelli.com\/de\/produkt\/milwaukee-befestigungssatz-nur-fuer-die-verwendung-auf-beton-fuer-die-sicherung-der-anker-werden-16-mm-bohrer-benoetigt-inklusive-klemmbolzen-flansch-ring-und-5-m12-ankern\/","title":{"rendered":"MILWAUKEE Befestigungssatz: Nur f\u00fcr die Verwendung auf Beton. F\u00fcr die Sicherung der Anker werden 16 mm Bohrer ben\u00f6tigt. Inklusive Klemmbolzen, Flansch, Ring und 5 M12-Ankern"},"content":{"rendered":"<p>Befestigungsset f\u00fcr Beton; Verwenden Sie einen 16-mm-Bohrer zum Vorbohren des Hammerankers; Set bestehend aus: M 12 Schlagankern, Prallbrechern, Gewindestange, Scheibe und Mutter; Geeignet f\u00fcr Diamantkernbohrkronenmotoren DD 3-152, DCM 2-250 C, DCM 2-350 C<\/p>\n","protected":false},"excerpt":{"rendered":"<p>Befestigungsset f\u00fcr Beton; Verwenden Sie einen 16-mm-Bohrer zum Vorbohren des Hammerankers; Set bestehend aus: M 12 Schlagankern, Prallbrechern, Gewindestange, Scheibe<\/p>\n","protected":false},"featured_media":495638,"template":"","meta":{"_seopress_robots_primary_cat":"","_seopress_titles_title":"","_seopress_titles_desc":"","_seopress_robots_index":""},"product_brand":[3407],"product_cat":[29,514,558],"product_tag":[3270],"class_list":{"0":"post-499454","1":"product","2":"type-product","3":"status-publish","4":"has-post-thumbnail","6":"product_brand-milwaukee","7":"product_cat-macchinari","8":"product_cat-altri-dispositivi","9":"product_cat-seghe-accessori-vari","10":"product_tag-import-milwau","11":"sws-gruppo-macchinari-de","12":"sws-conto-ricavi-merci-rivendita-macchinari-de","13":"sws-gruppo-iva-iva81-de","15":"first","16":"onbackorder","17":"sale","18":"shipping-taxable","19":"purchasable","20":"product-type-simple"},"_links":{"self":[{"href":"https:\/\/lucacastelli.com\/de\/wp-json\/wp\/v2\/product\/499454","targetHints":{"allow":["GET"]}}],"collection":[{"href":"https:\/\/lucacastelli.com\/de\/wp-json\/wp\/v2\/product"}],"about":[{"href":"https:\/\/lucacastelli.com\/de\/wp-json\/wp\/v2\/types\/product"}],"wp:featuredmedia":[{"embeddable":true,"href":"https:\/\/lucacastelli.com\/de\/wp-json\/wp\/v2\/media\/495638"}],"wp:attachment":[{"href":"https:\/\/lucacastelli.com\/de\/wp-json\/wp\/v2\/media?parent=499454"}],"wp:term":[{"taxonomy":"product_brand","embeddable":true,"href":"https:\/\/lucacastelli.com\/de\/wp-json\/wp\/v2\/product_brand?post=499454"},{"taxonomy":"product_cat","embeddable":true,"href":"https:\/\/lucacastelli.com\/de\/wp-json\/wp\/v2\/product_cat?post=499454"},{"taxonomy":"product_tag","embeddable":true,"href":"https:\/\/lucacastelli.com\/de\/wp-json\/wp\/v2\/product_tag?post=499454"}],"curies":[{"name":"wp","href":"https:\/\/api.w.org\/{rel}","templated":true}]}}