{"id":499421,"date":"2025-04-07T16:53:00","date_gmt":"2025-04-07T14:53:00","guid":{"rendered":"https:\/\/lucacastelli.com\/prodotto\/crazy-neck-gamasche-leichte-fallende-blume\/"},"modified":"2026-03-01T00:15:54","modified_gmt":"2026-02-28T23:15:54","slug":"crazy-neck-gamasche-leichte-fallende-blume","status":"publish","type":"product","link":"https:\/\/lucacastelli.com\/de\/produkt\/crazy-neck-gamasche-leichte-fallende-blume\/","title":{"rendered":"CRAZY NECK GAMASCHE LEICHTE FALLENDE BLUME"},"content":{"rendered":"<p>Leichter, multifunktionaler Halsw\u00e4rmer aus nahtloser Primaloft-Mikrofaser, veredelt mit Prints und Farben, die den Rest der Kollektion widerspiegeln.<br \/>\nEs kann als M\u00fctze, Halsw\u00e4rmer, leichtes Schwei\u00dfband getragen werden und eignet sich sehr gut f\u00fcr die Verwendung unter einem Helm.<\/p>\n","protected":false},"excerpt":{"rendered":"<p>Leichter, multifunktionaler Halsw\u00e4rmer aus nahtloser Primaloft-Mikrofaser, veredelt mit Prints und Farben, die den Rest der Kollektion widerspiegeln. Es kann als<\/p>\n","protected":false},"featured_media":404883,"template":"","meta":{"_seopress_robots_primary_cat":"","_seopress_titles_title":"","_seopress_titles_desc":"","_seopress_robots_index":""},"product_brand":[3614],"product_cat":[1391,82],"product_tag":[],"class_list":{"0":"post-499421","1":"product","2":"type-product","3":"status-publish","4":"has-post-thumbnail","6":"product_brand-crazy-de","7":"product_cat-bekleidungs-accessoires","8":"product_cat-kleidung","9":"sws-gruppo-abb-libero-de","10":"sws-conto-ricavi-merci-rivendita-abbigliamento-de","11":"sws-gruppo-iva-iva81-de","13":"first","14":"instock","15":"sale","16":"shipping-taxable","17":"purchasable","18":"product-type-simple"},"_links":{"self":[{"href":"https:\/\/lucacastelli.com\/de\/wp-json\/wp\/v2\/product\/499421","targetHints":{"allow":["GET"]}}],"collection":[{"href":"https:\/\/lucacastelli.com\/de\/wp-json\/wp\/v2\/product"}],"about":[{"href":"https:\/\/lucacastelli.com\/de\/wp-json\/wp\/v2\/types\/product"}],"wp:featuredmedia":[{"embeddable":true,"href":"https:\/\/lucacastelli.com\/de\/wp-json\/wp\/v2\/media\/404883"}],"wp:attachment":[{"href":"https:\/\/lucacastelli.com\/de\/wp-json\/wp\/v2\/media?parent=499421"}],"wp:term":[{"taxonomy":"product_brand","embeddable":true,"href":"https:\/\/lucacastelli.com\/de\/wp-json\/wp\/v2\/product_brand?post=499421"},{"taxonomy":"product_cat","embeddable":true,"href":"https:\/\/lucacastelli.com\/de\/wp-json\/wp\/v2\/product_cat?post=499421"},{"taxonomy":"product_tag","embeddable":true,"href":"https:\/\/lucacastelli.com\/de\/wp-json\/wp\/v2\/product_tag?post=499421"}],"curies":[{"name":"wp","href":"https:\/\/api.w.org\/{rel}","templated":true}]}}