{"id":499200,"date":"2025-07-17T17:25:07","date_gmt":"2025-07-17T15:25:07","guid":{"rendered":"https:\/\/lucacastelli.com\/prodotto\/stihl-rma-765-v-con-ar-3000-l-set-e-al-501-2\/"},"modified":"2025-08-13T10:39:49","modified_gmt":"2025-08-13T08:39:49","slug":"stihl-rma-765-v-con-ar-3000-l-set-e-al-501-2","status":"publish","type":"product","link":"https:\/\/lucacastelli.com\/de\/produkt\/stihl-rma-765-v-con-ar-3000-l-set-e-al-501-2\/","title":{"rendered":"STIHL RMA 765 V mit AR 3000 L Set und AL 501"},"content":{"rendered":"<p>Professioneller Akku-Rasenm\u00e4her f\u00fcr die regelm\u00e4\u00dfige Rasenpflege in l\u00e4rmempfindlichen Bereichen wie Wohnsiedlungen, Schulen oder Krankenhausg\u00e4rten. 63 cm Schnittbreite, str\u00f6mungsoptimiertes 2-Messer-Schneidwerk, Schnitth\u00f6henverstellung f\u00fcr jedes Rad, elektrischer Vario-Radantrieb und h\u00f6henverstellbarer, klappbarer Komfortlenker. 80 Liter Grasfangkorb mit F\u00fcllstandsanzeige.  <\/p>\n<p>Im Lieferumfang enthalten:<\/p>\n<p>1 St. RMA 765 V<br \/>\n1 St. AR 3000 L set<br \/>\n1 St. AL 501<\/p>\n<table class=\"technical_data\">\n<thead>\n<tr>\n<th class=\"col1\">Technische Daten<\/th>\n<th class=\"col2\">Wert<\/th>\n<\/tr>\n<\/thead>\n<tbody>\n<tr class=\"\">\n<td class=\"col1\">Schnittbreitecm<\/td>\n<td class=\"col2\">63<\/td>\n<\/tr>\n<tr class=\"odd\">\n<td class=\"col1\">Schnitth\u00f6he<\/td>\n<td class=\"col2\">25-100<\/td>\n<\/tr>\n<tr class=\"\">\n<td class=\"col1\">Erbal Sammelkorb<\/td>\n<td class=\"col2\">80<\/td>\n<\/tr>\n<tr class=\"odd\">\n<td class=\"col1\">U\/min lamagiri\/min<\/td>\n<td class=\"col2\">3.300<\/td>\n<\/tr>\n<tr class=\"\">\n<td class=\"col1\">NennleistungW<\/td>\n<td class=\"col2\">1.500<\/td>\n<\/tr>\n<tr class=\"odd\">\n<td class=\"col1\">Pesokg<\/td>\n<td class=\"col2\">44<\/td>\n<\/tr>\n<tr class=\"\">\n<td class=\"col1\">Garantierter Ger\u00e4uschpegel LwAdB(A)<\/td>\n<td class=\"col2\">93<\/td>\n<\/tr>\n<tr class=\"odd\">\n<td class=\"col1\">Gemessener Ger\u00e4uschpegel LwAdB(A)<\/td>\n<td class=\"col2\">92,2<\/td>\n<\/tr>\n<tr class=\"\">\n<td class=\"col1\">Unsicherheitsfaktor KpAdB(A)<\/td>\n<td class=\"col2\">3<\/td>\n<\/tr>\n<tr class=\"odd\">\n<td class=\"col1\">Unsicherheitsfaktor Km\/s\u00b2<\/td>\n<td class=\"col2\">0,7<\/td>\n<\/tr>\n<tr class=\"\">\n<td class=\"col1\">Schwingungsemissionswert ahwm\/s\u00b2<\/td>\n<td class=\"col2\">1,4<\/td>\n<\/tr>\n<tr class=\"odd\">\n<td class=\"col1\">Akku-Technologie<\/td>\n<td class=\"col2\">Lithium-Ionen AP SYSTEM<\/td>\n<\/tr>\n<\/tbody>\n<\/table>\n","protected":false},"excerpt":{"rendered":"<p>Professioneller Akku-Rasenm\u00e4her f\u00fcr die regelm\u00e4\u00dfige Rasenpflege in l\u00e4rmempfindlichen Bereichen wie Wohnsiedlungen, Schulen oder Krankenhausg\u00e4rten. 63 cm Schnittbreite, str\u00f6mungsoptimiertes 2-Messer-Schneidwerk, Schnitth\u00f6henverstellung<\/p>\n","protected":false},"featured_media":499197,"template":"","meta":{"_seopress_robots_primary_cat":"none","_seopress_titles_title":"","_seopress_titles_desc":"","_seopress_robots_index":""},"product_brand":[3554],"product_cat":[1665,169,1656],"product_tag":[],"class_list":{"0":"post-499200","1":"product","2":"type-product","3":"status-publish","4":"has-post-thumbnail","6":"product_brand-stihl-de","7":"product_cat-akku-rasenmaher","8":"product_cat-maschinen","9":"product_cat-rasenmaher-und-roboter","11":"first","12":"onbackorder","13":"shipping-taxable","14":"purchasable","15":"product-type-simple"},"_links":{"self":[{"href":"https:\/\/lucacastelli.com\/de\/wp-json\/wp\/v2\/product\/499200","targetHints":{"allow":["GET"]}}],"collection":[{"href":"https:\/\/lucacastelli.com\/de\/wp-json\/wp\/v2\/product"}],"about":[{"href":"https:\/\/lucacastelli.com\/de\/wp-json\/wp\/v2\/types\/product"}],"wp:featuredmedia":[{"embeddable":true,"href":"https:\/\/lucacastelli.com\/de\/wp-json\/wp\/v2\/media\/499197"}],"wp:attachment":[{"href":"https:\/\/lucacastelli.com\/de\/wp-json\/wp\/v2\/media?parent=499200"}],"wp:term":[{"taxonomy":"product_brand","embeddable":true,"href":"https:\/\/lucacastelli.com\/de\/wp-json\/wp\/v2\/product_brand?post=499200"},{"taxonomy":"product_cat","embeddable":true,"href":"https:\/\/lucacastelli.com\/de\/wp-json\/wp\/v2\/product_cat?post=499200"},{"taxonomy":"product_tag","embeddable":true,"href":"https:\/\/lucacastelli.com\/de\/wp-json\/wp\/v2\/product_tag?post=499200"}],"curies":[{"name":"wp","href":"https:\/\/api.w.org\/{rel}","templated":true}]}}