{"id":499176,"date":"2025-07-17T17:14:10","date_gmt":"2025-07-17T15:14:10","guid":{"rendered":"https:\/\/lucacastelli.com\/prodotto\/stihl-bga-300-0-con-ar-3000-set-e-al-501-2\/"},"modified":"2025-08-13T10:14:57","modified_gmt":"2025-08-13T08:14:57","slug":"stihl-bga-300-0-con-ar-3000-set-e-al-501-2","status":"publish","type":"product","link":"https:\/\/lucacastelli.com\/de\/produkt\/stihl-bga-300-0-con-ar-3000-set-e-al-501-2\/","title":{"rendered":"STIHL BGA 300.0 mit AR 3000 Set und AL 501"},"content":{"rendered":"<p>Der erste Rucksackbl\u00e4ser und gleichzeitig der leistungsst\u00e4rkste in der Reihe STIHL. Dank des einzigartigen Ger\u00e4uschreduzierungssystems STIHL ist er f\u00fcr Anwohner und Passanten besonders leise und eignet sich daher ideal f\u00fcr die effektive Reinigung gro\u00dfer Fl\u00e4chen in l\u00e4rmempfindlichen Gebieten. Selbst nasses und schweres Laub kann dank der hohen Luftgeschwindigkeit von bis zu 86 m\/s im Boost-Modus schnell und einfach entfernt werden. Der BGA 300 besticht durch sein hervorragendes Energiemanagement, den besonders hohen Arbeitskomfort und die einfache Handhabung: ein ideales Arbeitsger\u00e4t f\u00fcr die professionelle Landschaftspflege und kommunale Reinigungsaufgaben.   <\/p>\n<p>Unverbindliche Bilder:<\/p>\n<p>Set bestehend aus:<\/p>\n<p>1 Stk. STIHL BGA 300.0 (nur Ger\u00e4t)<br \/>\n1 Stk. Akku AR 3000 L Set<br \/>\n1 Stk. Ladeger\u00e4t AL 501<\/p>\n<table class=\"technical_data\">\n<thead>\n<tr>\n<th class=\"col1\">Technische Daten<\/th>\n<th class=\"col2\">Wert<\/th>\n<\/tr>\n<\/thead>\n<tbody>\n<tr class=\"\">\n<td class=\"col1\">StrahlleistungN<br \/>\n 1<sup>)<\/sup><\/td>\n<td class=\"col2\">26<\/td>\n<\/tr>\n<tr class=\"odd\">\n<td class=\"col1\">Betriebsdauer mit AR 3000 Lmin<br \/>\n 2<sup>)<\/sup><\/td>\n<td class=\"col2\">bis zu 61<\/td>\n<\/tr>\n<tr class=\"\">\n<td class=\"col1\">NennspannungV<\/td>\n<td class=\"col2\">36<\/td>\n<\/tr>\n<tr class=\"odd\">\n<td class=\"col1\">SchalldruckpegeladB(A)<br \/>\n 3<sup>)<\/sup><\/td>\n<td class=\"col2\">84<\/td>\n<\/tr>\n<tr class=\"\">\n<td class=\"col1\">Betriebszeit mit AR 2000 Lmin<br \/>\n<sup>2)<\/sup><\/td>\n<td class=\"col2\">bis zu 48<\/td>\n<\/tr>\n<tr class=\"odd\">\n<td class=\"col1\">SchallleistungspegeladB(A)<br \/>\n 3<sup>)<\/sup><\/td>\n<td class=\"col2\">94<\/td>\n<\/tr>\n<tr class=\"\">\n<td class=\"col1\">Pesokg<\/td>\n<td class=\"col2\">7,4<\/td>\n<\/tr>\n<tr class=\"odd\">\n<td class=\"col1\">Max. Luftgeschwindigkeit m\/s<\/td>\n<td class=\"col2\">86<\/td>\n<\/tr>\n<tr class=\"\">\n<td class=\"col1\">Luftdurchsatz\u00b3\/h<br \/>\n 4<sup>)<\/sup><\/td>\n<td class=\"col2\">970<\/td>\n<\/tr>\n<tr class=\"odd\">\n<td class=\"col1\">Vibrationswert dextram\/s\u00b2<br \/>\n 5<sup>)<\/sup><\/td>\n<td class=\"col2\">0,2<\/td>\n<\/tr>\n<\/tbody>\n<\/table>\n","protected":false},"excerpt":{"rendered":"<p>Der erste Rucksackbl\u00e4ser und gleichzeitig der leistungsst\u00e4rkste in der Reihe STIHL. Dank des einzigartigen Ger\u00e4uschreduzierungssystems STIHL ist er f\u00fcr Anwohner<\/p>\n","protected":false},"featured_media":499173,"template":"","meta":{"_seopress_robots_primary_cat":"none","_seopress_titles_title":"","_seopress_titles_desc":"","_seopress_robots_index":""},"product_brand":[3366],"product_cat":[29,485,489],"product_tag":[],"class_list":{"0":"post-499176","1":"product","2":"type-product","3":"status-publish","4":"has-post-thumbnail","6":"product_brand-stihl","7":"product_cat-macchinari","8":"product_cat-soffiatori-e-aspiratori","9":"product_cat-soffiatori-a-batteria","11":"first","12":"onbackorder","13":"shipping-taxable","14":"purchasable","15":"product-type-simple"},"_links":{"self":[{"href":"https:\/\/lucacastelli.com\/de\/wp-json\/wp\/v2\/product\/499176","targetHints":{"allow":["GET"]}}],"collection":[{"href":"https:\/\/lucacastelli.com\/de\/wp-json\/wp\/v2\/product"}],"about":[{"href":"https:\/\/lucacastelli.com\/de\/wp-json\/wp\/v2\/types\/product"}],"wp:featuredmedia":[{"embeddable":true,"href":"https:\/\/lucacastelli.com\/de\/wp-json\/wp\/v2\/media\/499173"}],"wp:attachment":[{"href":"https:\/\/lucacastelli.com\/de\/wp-json\/wp\/v2\/media?parent=499176"}],"wp:term":[{"taxonomy":"product_brand","embeddable":true,"href":"https:\/\/lucacastelli.com\/de\/wp-json\/wp\/v2\/product_brand?post=499176"},{"taxonomy":"product_cat","embeddable":true,"href":"https:\/\/lucacastelli.com\/de\/wp-json\/wp\/v2\/product_cat?post=499176"},{"taxonomy":"product_tag","embeddable":true,"href":"https:\/\/lucacastelli.com\/de\/wp-json\/wp\/v2\/product_tag?post=499176"}],"curies":[{"name":"wp","href":"https:\/\/api.w.org\/{rel}","templated":true}]}}