{"id":499167,"date":"2025-07-17T17:03:06","date_gmt":"2025-07-17T15:03:06","guid":{"rendered":"https:\/\/lucacastelli.com\/prodotto\/stihl-bra-600-rueckengeblaese-mit-ap-akkusystem\/"},"modified":"2025-07-17T17:03:06","modified_gmt":"2025-07-17T15:03:06","slug":"stihl-bra-600-rueckengeblaese-mit-ap-akkusystem","status":"publish","type":"product","link":"https:\/\/lucacastelli.com\/de\/produkt\/stihl-bra-600-rueckengeblaese-mit-ap-akkusystem\/","title":{"rendered":"STIHL BRA 600 R\u00fcckengebl\u00e4se mit AP-Akkusystem"},"content":{"rendered":"<h2 class=\"product-details__title\">Au\u00dfergew\u00f6hnliche Blaskraft f\u00fcr eine leise und effiziente Reinigung<\/h2>\n<div class=\"product-details__description richtexteditor\">\n<p>Das <strong>leistungsstarke Akku-Rucksackgebl\u00e4se STIHL BRA 600<\/strong> eignet sich perfekt f\u00fcr Landschaftsbauer, Landschaftsbauprofis und kommunale Verwaltungen, um <strong>gro\u00dfe Fl\u00e4chen<\/strong> wie Parks, Rasenfl\u00e4chen, Wege und Stra\u00dfen effizient zu reinigen. Dank seiner <strong>sehr starken Blaskraft von bis zu 35 N<\/strong> kann er auch <strong>nasses und schweres Laub<\/strong>, Grasschnitt, Heckenreste oder M\u00fcll schnell entfernen. Dar\u00fcber hinaus bleibt die Blasleistung des BRA 600 <strong>\u00fcber die gesamte Lebensdauer des Akkus konstant<\/strong>, ohne dass es w\u00e4hrend des Gebrauchs zu Einbr\u00fcchen kommt.  <\/p>\n<p>Dank des <strong>STIHL Noise Reduction Systems<\/strong> arbeitet der BRA 600 besonders <strong>leise<\/strong> und ist damit ideal f\u00fcr den Einsatz in <strong>l\u00e4rmsensiblen Umgebungen<\/strong> geeignet. Auch die Reduzierung der hohen Frequenzen tr\u00e4gt zu einem angenehmeren Klang bei. <\/p>\n<p>Der <strong>leistungsstarke<\/strong>, nahezu verschlei\u00dffreie EC-Motor sorgt f\u00fcr einen ruhigen Betrieb und geringe Vibrationen. Die f\u00fcr seine hohe Leistung ben\u00f6tigte Energie liefern <strong>2 STIHL AP Batterien<\/strong>. F\u00fcr ein optimales Energiemanagement k\u00f6nnen Sie die Leistung \u00fcber die <strong>digitale Steuereinheit<\/strong> am Einhand-Multifunktionsgriff einstellen und dabei aus <strong>4 vordefinierten Stufen<\/strong> (Stufen 1-3 und kontinuierlicher Boost-Modus) w\u00e4hlen. Auf dem Display werden zudem n\u00fctzliche Informationen wie der <strong>Ladezustand des Akkus<\/strong> angezeigt.   <\/p>\n<p>Der BRA 600 ist serienm\u00e4\u00dfig mit dem <a href=\"https:\/\/www.stihl.it\/it\/professionisti\/soluzioni-digitali\/connected\"><strong>STIHL connected<\/strong><\/a> system ausgestattet, mit dem Sie beispielsweise f\u00fcr weniger anspruchsvolle Arbeiten den <strong>Energiesparmodus<\/strong> per App aktivieren und so die Reichweite deutlich erh\u00f6hen k\u00f6nnen.<\/p>\n<p>Das <strong>schnell verstellbare Gebl\u00e4serohr<\/strong> l\u00e4sst sich in Sekundenschnelle k\u00fcrzen, um auch auf engstem Raum arbeiten zu k\u00f6nnen, und ebenso einfach wieder ausfahren. Das Gewicht des Profi-Gebl\u00e4ses wird dank des <strong>ergonomischen Tragesystems<\/strong> mit <strong>S-f\u00f6rmigen Schultergurten<\/strong> und <strong>H\u00fcftgurt<\/strong> gleichm\u00e4\u00dfig und bequem auf dem R\u00fccken verteilt. <\/p>\n<p>F\u00fcr <strong>maximale Leistung<\/strong> empfehlen wir die Verwendung von <strong>2 x STIHL AP 500 S Akkus<\/strong>. F\u00fcr weniger anspruchsvolle Arbeiten k\u00f6nnen Sie auch <strong>2 x STIHL AP 200 \/ AP 200 S Akkus<\/strong> oder <strong>2 x STIHL AP 300 \/ AP 300 S Akkus<\/strong> verwenden. <\/p>\n<p>In unserer <a href=\"https:\/\/www.stihl.it\/it\/tecnologia-stihl\/carica-batteria-stihl\/durata-batterie-stihl\"><strong>\u00dcbersicht zu <\/strong><\/a><strong>den <a href=\"https:\/\/www.stihl.it\/it\/tecnologia-stihl\/carica-batteria-stihl\/durata-batterie-stihl\">Betriebs<\/a>&#8211; und Ladezeiten von STIHL Akkus<\/strong> k\u00f6nnen Sie \u00fcberpr\u00fcfen, <strong>wie lange Sie mit Ihrem Akku-Laubbl\u00e4ser STIHL BRA 600 arbeiten k\u00f6nnen<\/strong> und <strong>wie lange es dauert, bis die Akkus wieder aufgeladen sind<\/strong>.<\/p>\n<p>Alle batteriebetriebenen Ger\u00e4te des <a href=\"https:\/\/www.stihl.it\/it\/tecnologia-stihl\/carica-batteria-stihl\/stihl-sistema-ap\"><strong>STIHL AP<\/strong> <strong>Systems <\/strong><\/a> sind f\u00fcr den regelm\u00e4\u00dfigen professionellen Einsatz auch bei schwierigen Witterungsbedingungen ausgelegt. Aus diesem Grund sind sie mit einem <strong>Spritzwasserschutz<\/strong> ausgestattet, der nach strengen internen Normen getestet wurde. Der Test basiert unter anderem auf dem <strong>IPX4-Standard<\/strong>. F\u00fcr den BRA 600 wurde dieser Schutz <strong>offiziell nach Schutzklasse IPX4 zertifiziert<\/strong>.   <\/p>\n<p>F\u00fcr eine optimale Nutzung entnehmen Sie bitte unserer \u00dcbersicht <a href=\"https:\/\/www.stihl.it\/it\/tecnologia-stihl\/carica-batteria-stihl\/compatibilita-batterie\">\u00fcber die Akku-Kompatibilit\u00e4t.<\/a><\/p>\n<\/div>\n<p>&nbsp;<\/p>\n<p>&nbsp;<\/p>\n<table data-test-id=\"pdp-spec-tech-table\">\n<tbody>\n<tr>\n<td>Nennspannung<\/td>\n<td>72 V<\/td>\n<\/tr>\n<tr>\n<td>Batteriesystem<\/td>\n<td>AP<\/td>\n<\/tr>\n<tr>\n<td>Empfohlene<\/td>\n<p> Batterie<\/p>\n<td>AP 500 S<\/td>\n<\/tr>\n<tr>\n<td>Gewicht des Ger\u00e4tes ohne Akku<\/td>\n<td>10,5 kg<\/td>\n<\/tr>\n<tr>\n<td>IP-Schutzart<\/td>\n<td>IPX4<\/td>\n<\/tr>\n<tr>\n<td>Max. Luftgeschwindigkeit mit runder<\/td>\n<p> D\u00fcse<\/p>\n<td>113 m\/s<\/td>\n<\/tr>\n<tr>\n<td>Max. Luftgeschwindigkeit mit runder<\/td>\n<p> D\u00fcse<\/p>\n<td>253 Meilen pro Stunde<\/td>\n<\/tr>\n<tr>\n<td>Luftstrom mit runder<\/td>\n<p> D\u00fcse<\/p>\n<td>1500 m\u00b3\/h<\/td>\n<\/tr>\n<tr>\nAkkulaufzeit <\/p>\n<td>AP 200<\/td>\n<td>12 Minuten<\/td>\n<\/tr>\n<tr>\n<td>Maximale Betriebsdauer der Batterie AP 200<\/td>\n<td>18 Minuten<\/td>\n<\/tr>\n<tr>\n<td>Minimale Betriebsdauer der Batterie AP 200 S<\/td>\n<td>13 Minuten<\/td>\n<\/tr>\n<tr>\n<td>Maximale Betriebsdauer des Akkus AP 200 S<\/td>\n<td>19 Minuten<\/td>\n<\/tr>\n<tr>\n<td>Minimale Betriebsdauer der Batterie AP 300<\/td>\n<td>12 Minuten<\/td>\n<\/tr>\n<tr>\n<td>Maximale Betriebsdauer der Batterie AP 300<\/td>\n<td>23 Minuten<\/td>\n<\/tr>\n<tr>\n<td>Minimale Betriebsdauer des Akkus AP 300 S<\/td>\n<td>15 Minuten<\/td>\n<\/tr>\n<tr>\n<td>Maximale Betriebsdauer des Akkus AP 300 S<\/td>\n<td>29 Minuten<\/td>\n<\/tr>\n<tr>\n<td>Minimale Betriebsdauer der Batterie AP 500 S<\/td>\n<td>18 Minuten<\/td>\n<\/tr>\n<tr>\n<td>Maximale Betriebsdauer des Akkus AP 500 S<\/td>\n<td>34 Minuten<\/td>\n<\/tr>\n<tr>\n<td>Schalldruckpegel<\/td>\n<td>85 dB(A)<\/td>\n<\/tr>\n<tr>\n<td>Schalldruckpegel in 15 m Entfernung<\/td>\n<td>64 dB(A)<\/td>\n<\/tr>\n<tr>\n<td>Schallleistungspegel<\/td>\n<td>95 dB(A)<\/td>\n<\/tr>\n<tr>\nRechter <\/p>\n<td>Schwingungswert<\/td>\n<td>0,2 m\/s\u00b2<\/td>\n<\/tr>\n<\/tbody>\n<\/table>\n","protected":false},"excerpt":{"rendered":"<p>Au\u00dfergew\u00f6hnliche Blaskraft f\u00fcr eine leise und effiziente Reinigung Das leistungsstarke Akku-Rucksackgebl\u00e4se STIHL BRA 600 eignet sich perfekt f\u00fcr Landschaftsbauer, Landschaftsbauprofis<\/p>\n","protected":false},"featured_media":499166,"template":"","meta":{"_seopress_robots_primary_cat":"","_seopress_titles_title":"","_seopress_titles_desc":"","_seopress_robots_index":""},"product_brand":[3366],"product_cat":[29,485,489],"product_tag":[],"class_list":{"0":"post-499167","1":"product","2":"type-product","3":"status-publish","4":"has-post-thumbnail","6":"product_brand-stihl","7":"product_cat-macchinari","8":"product_cat-soffiatori-e-aspiratori","9":"product_cat-soffiatori-a-batteria","10":"sws-gruppo-macchinari-de","11":"sws-conto-ricavi-merci-rivendita-macchinari-de","12":"sws-gruppo-iva-iva81-de","14":"first","15":"instock","16":"shipping-taxable","17":"purchasable","18":"product-type-simple"},"_links":{"self":[{"href":"https:\/\/lucacastelli.com\/de\/wp-json\/wp\/v2\/product\/499167","targetHints":{"allow":["GET"]}}],"collection":[{"href":"https:\/\/lucacastelli.com\/de\/wp-json\/wp\/v2\/product"}],"about":[{"href":"https:\/\/lucacastelli.com\/de\/wp-json\/wp\/v2\/types\/product"}],"wp:featuredmedia":[{"embeddable":true,"href":"https:\/\/lucacastelli.com\/de\/wp-json\/wp\/v2\/media\/499166"}],"wp:attachment":[{"href":"https:\/\/lucacastelli.com\/de\/wp-json\/wp\/v2\/media?parent=499167"}],"wp:term":[{"taxonomy":"product_brand","embeddable":true,"href":"https:\/\/lucacastelli.com\/de\/wp-json\/wp\/v2\/product_brand?post=499167"},{"taxonomy":"product_cat","embeddable":true,"href":"https:\/\/lucacastelli.com\/de\/wp-json\/wp\/v2\/product_cat?post=499167"},{"taxonomy":"product_tag","embeddable":true,"href":"https:\/\/lucacastelli.com\/de\/wp-json\/wp\/v2\/product_tag?post=499167"}],"curies":[{"name":"wp","href":"https:\/\/api.w.org\/{rel}","templated":true}]}}