{"id":499134,"date":"2025-07-17T13:57:11","date_gmt":"2025-07-17T11:57:11","guid":{"rendered":"https:\/\/lucacastelli.com\/prodotto\/stihl-verlaengerungsduese-fuer-bga-250-und-bga-160-und-gerade-rundduese-fuer-br-600\/"},"modified":"2025-10-24T10:25:30","modified_gmt":"2025-10-24T08:25:30","slug":"stihl-verlaengerungsduese-fuer-bga-250-und-bga-160-und-gerade-rundduese-fuer-br-600","status":"publish","type":"product","link":"https:\/\/lucacastelli.com\/de\/produkt\/stihl-verlaengerungsduese-fuer-bga-250-und-bga-160-und-gerade-rundduese-fuer-br-600\/","title":{"rendered":"STIHL Verl\u00e4ngerungsd\u00fcse f\u00fcr BGA 250 und BGA 160 und gerade Rundd\u00fcse f\u00fcr BR 600"},"content":{"rendered":"<h2>Gerade Rundd\u00fcse f\u00fcr BR 600 und Verl\u00e4ngerungsd\u00fcse f\u00fcr BGA 250 und BGA 160: f\u00fcr eine gr\u00fcndliche und m\u00fchelose Reinigung von Oberfl\u00e4chen<\/h2>\n<p>Mit der STIHL Rundd\u00fcse k\u00f6nnen Sie <b>Laub, Grasschnitt, Schnittreste oder Ablagerungen effizient und zielgerichtet entfernen<\/b>. Dank der kreisf\u00f6rmigen D\u00fcse k\u00f6nnen Sie mit Ihrem <g id=\"gid_1\"><g id=\"gid_2\">STIHL R\u00fcckengebl\u00e4se BR 600<\/g><\/g> <g id=\"gid_3\"><g id=\"gid_4\">m\u00fchelos Laub entfernen<\/g><\/g> , da der Luftstrom direkt auf die zu reinigende Oberfl\u00e4che geleitet wird. Zus\u00e4tzlich verl\u00e4ngert diese D\u00fcse <g id=\"gid_5\">das Blasrohr bei den<\/g> STIHL Akku-Gebl\u00e4sen BGA 250 und BGA 160 um 10 cm. Das erleichtert die Arbeit vor allem f\u00fcr gro\u00dfe Profis.   <\/p>\n","protected":false},"excerpt":{"rendered":"<p>Gerade Rundd\u00fcse f\u00fcr BR 600 und Verl\u00e4ngerungsd\u00fcse f\u00fcr BGA 250 und BGA 160: f\u00fcr eine gr\u00fcndliche und m\u00fchelose Reinigung von<\/p>\n","protected":false},"featured_media":499120,"template":"","meta":{"_seopress_robots_primary_cat":"none","_seopress_titles_title":"","_seopress_titles_desc":"","_seopress_robots_index":""},"product_brand":[3366],"product_cat":[29,485,490],"product_tag":[],"class_list":{"0":"post-499134","1":"product","2":"type-product","3":"status-publish","4":"has-post-thumbnail","6":"product_brand-stihl","7":"product_cat-macchinari","8":"product_cat-soffiatori-e-aspiratori","9":"product_cat-accessori-e-materiale-di-consumo-soffiatori-e-aspiratori","10":"sws-gruppo-macchinari-de","11":"sws-conto-ricavi-merci-rivendita-macchinari-de","12":"sws-gruppo-iva-iva81-de","14":"first","15":"instock","16":"shipping-taxable","17":"purchasable","18":"product-type-simple"},"_links":{"self":[{"href":"https:\/\/lucacastelli.com\/de\/wp-json\/wp\/v2\/product\/499134","targetHints":{"allow":["GET"]}}],"collection":[{"href":"https:\/\/lucacastelli.com\/de\/wp-json\/wp\/v2\/product"}],"about":[{"href":"https:\/\/lucacastelli.com\/de\/wp-json\/wp\/v2\/types\/product"}],"wp:featuredmedia":[{"embeddable":true,"href":"https:\/\/lucacastelli.com\/de\/wp-json\/wp\/v2\/media\/499120"}],"wp:attachment":[{"href":"https:\/\/lucacastelli.com\/de\/wp-json\/wp\/v2\/media?parent=499134"}],"wp:term":[{"taxonomy":"product_brand","embeddable":true,"href":"https:\/\/lucacastelli.com\/de\/wp-json\/wp\/v2\/product_brand?post=499134"},{"taxonomy":"product_cat","embeddable":true,"href":"https:\/\/lucacastelli.com\/de\/wp-json\/wp\/v2\/product_cat?post=499134"},{"taxonomy":"product_tag","embeddable":true,"href":"https:\/\/lucacastelli.com\/de\/wp-json\/wp\/v2\/product_tag?post=499134"}],"curies":[{"name":"wp","href":"https:\/\/api.w.org\/{rel}","templated":true}]}}