{"id":499103,"date":"2025-07-17T13:56:13","date_gmt":"2025-07-17T11:56:13","guid":{"rendered":"https:\/\/lucacastelli.com\/prodotto\/stihl-motomix-3\/"},"modified":"2026-04-07T14:03:26","modified_gmt":"2026-04-07T12:03:26","slug":"stihl-motomix-3","status":"publish","type":"product","link":"https:\/\/lucacastelli.com\/de\/produkt\/stihl-motomix-3\/","title":{"rendered":"STIHL MOTOMIX"},"content":{"rendered":"<p>Fertiggemisch (1:50) f\u00fcr STIHL 2-Takt-Motoren, optimale Leistung, hervorragende Kaltstarteigenschaften, maximale Z\u00fcndung bei allen Drehzahlen, einwandfreier Betrieb auch bei pl\u00f6tzlicher Erh\u00f6hung\/Verringerung der Drehzahl. Premium-\u00d6l STIHL HP Ultra f\u00fcr hervorragende Motorschmierung und optimale Sauberkeit. Vollsynthetisch und biologisch abbaubar f\u00fcr \u00fcberlegene Leistung und l\u00e4ngere Lebensdauer. Enth\u00e4lt kein Ethanol, nahezu frei von Olefinen und aromatischen Verbindungen. Die reduzierten Emissionen machen es zu einem Produkt, das weder f\u00fcr Mensch noch Motor sch\u00e4dlich ist. Hervorragende Lagerf\u00e4higkeit bis zu 5 Jahren \u2460. Zuverl\u00e4ssige Leistung in einer L\u00f6sung. STIHL 2-Takt-Motoren und STIHL MotoMix sind perfekt aufeinander abgestimmt und wurden in zahlreichen Tests f\u00fcr die unterschiedlichsten Eins\u00e4tze gepr\u00fcft.       <\/p>\n","protected":false},"excerpt":{"rendered":"<p>Fertiggemisch (1:50) f\u00fcr STIHL 2-Takt-Motoren, optimale Leistung, hervorragende Kaltstarteigenschaften, maximale Z\u00fcndung bei allen Drehzahlen, einwandfreier Betrieb auch bei pl\u00f6tzlicher Erh\u00f6hung\/Verringerung<\/p>\n","protected":false},"featured_media":499088,"template":"","meta":{"_seopress_robots_primary_cat":"","_seopress_titles_title":"STIHL Motomix: Bester Preis und sofortige Verf\u00fcgbarkeit | Lucacastelli","_seopress_titles_desc":"","_seopress_robots_index":""},"product_brand":[3554],"product_cat":[1436,1442],"product_tag":[],"class_list":{"0":"post-499103","1":"product","2":"type-product","3":"status-publish","4":"has-post-thumbnail","6":"product_brand-stihl-de","7":"product_cat-kraftstoffe-und-ole","8":"product_cat-kraftstoffe","10":"first","11":"onbackorder","12":"shipping-taxable","13":"purchasable","14":"product-type-variable"},"_links":{"self":[{"href":"https:\/\/lucacastelli.com\/de\/wp-json\/wp\/v2\/product\/499103","targetHints":{"allow":["GET"]}}],"collection":[{"href":"https:\/\/lucacastelli.com\/de\/wp-json\/wp\/v2\/product"}],"about":[{"href":"https:\/\/lucacastelli.com\/de\/wp-json\/wp\/v2\/types\/product"}],"wp:featuredmedia":[{"embeddable":true,"href":"https:\/\/lucacastelli.com\/de\/wp-json\/wp\/v2\/media\/499088"}],"wp:attachment":[{"href":"https:\/\/lucacastelli.com\/de\/wp-json\/wp\/v2\/media?parent=499103"}],"wp:term":[{"taxonomy":"product_brand","embeddable":true,"href":"https:\/\/lucacastelli.com\/de\/wp-json\/wp\/v2\/product_brand?post=499103"},{"taxonomy":"product_cat","embeddable":true,"href":"https:\/\/lucacastelli.com\/de\/wp-json\/wp\/v2\/product_cat?post=499103"},{"taxonomy":"product_tag","embeddable":true,"href":"https:\/\/lucacastelli.com\/de\/wp-json\/wp\/v2\/product_tag?post=499103"}],"curies":[{"name":"wp","href":"https:\/\/api.w.org\/{rel}","templated":true}]}}