{"id":495148,"date":"2025-07-18T09:09:14","date_gmt":"2025-07-18T07:09:14","guid":{"rendered":"https:\/\/lucacastelli.com\/?post_type=product&#038;p=495148"},"modified":"2025-12-30T05:37:59","modified_gmt":"2025-12-30T04:37:59","slug":"milwaukee-prolunghe-2","status":"publish","type":"product","link":"https:\/\/lucacastelli.com\/de\/produkt\/milwaukee-prolunghe-2\/","title":{"rendered":"MILWAUKEE Prolunghe"},"content":{"rendered":"<p>L&#8217;innovativo sistema Drill Connect \u00e8 la soluzione ideale per coloro che necessitano la massima versatilit\u00e0;Versatile: Drill Connect funge da collegamento tra la prolunga e la punta. Il sistema \u00e8 totalmente compatibile con tutte le punte, punte tunnel e punte corona con attacco SDS-Max;Universale: le prolunghe sono disponibili in una gamma di lunghezze per martelli perforatori SDS-Max;Economico: Riduzione dei costi grazie al ricorso a punte di perforazione corte, allungabili mediante Drill Connect e le prolunghe. Consente di ridurre sensibilmente i costi di deposito\/magazzinaggio e gli investimenti. Le punte corte sono pi\u00f9 economiche;Efficace: 100% di trasferimento dell\u2019energia dal martello alla punta;Riduzione del peso: ricorrendo a utensili di perforazione corti e alle estensioni di 18 mm di diametro;E&#8217; consigliato pulire dalla polvere di cemento e ingrassare il Drill Connect dopo l&#8217;utilizzo. Manutenzione costante;L\u2019innovativo e brevettato sistema Drill Connect \u00e8 la soluzione non plus ultra per chi cerca la massima versatilit\u00e0 con utensili di perforazione di grande diametro (oltre diametro 32 mm). Drill Connect funge da collegamento tra la macchina (classe fino a 8 kg) e gli utensili di perforazione<\/p>\n","protected":false},"excerpt":{"rendered":"<p>L&#8217;innovativo sistema Drill Connect \u00e8 la soluzione ideale per coloro che necessitano la massima versatilit\u00e0;Versatile: Drill Connect funge da collegamento<\/p>\n","protected":false},"featured_media":495149,"template":"","meta":{"_seopress_robots_primary_cat":"","_seopress_titles_title":"","_seopress_titles_desc":"","_seopress_robots_index":""},"product_brand":[3407],"product_cat":[29,549,550],"product_tag":[3270],"class_list":{"0":"post-495148","1":"product","2":"type-product","3":"status-publish","4":"has-post-thumbnail","6":"product_brand-milwaukee","7":"product_cat-macchinari","8":"product_cat-trapani-e-avvitatori","9":"product_cat-accessori-per-trapani-ed-avvitatori","10":"product_tag-import-milwau","11":"sws-gruppo-macchinari","12":"sws-conto-ricavi-merci-rivendita-macchinari","13":"sws-gruppo-iva-iva81","15":"first","16":"onbackorder","17":"sale","18":"shipping-taxable","19":"purchasable","20":"product-type-simple"},"_links":{"self":[{"href":"https:\/\/lucacastelli.com\/de\/wp-json\/wp\/v2\/product\/495148","targetHints":{"allow":["GET"]}}],"collection":[{"href":"https:\/\/lucacastelli.com\/de\/wp-json\/wp\/v2\/product"}],"about":[{"href":"https:\/\/lucacastelli.com\/de\/wp-json\/wp\/v2\/types\/product"}],"wp:featuredmedia":[{"embeddable":true,"href":"https:\/\/lucacastelli.com\/de\/wp-json\/wp\/v2\/media\/495149"}],"wp:attachment":[{"href":"https:\/\/lucacastelli.com\/de\/wp-json\/wp\/v2\/media?parent=495148"}],"wp:term":[{"taxonomy":"product_brand","embeddable":true,"href":"https:\/\/lucacastelli.com\/de\/wp-json\/wp\/v2\/product_brand?post=495148"},{"taxonomy":"product_cat","embeddable":true,"href":"https:\/\/lucacastelli.com\/de\/wp-json\/wp\/v2\/product_cat?post=495148"},{"taxonomy":"product_tag","embeddable":true,"href":"https:\/\/lucacastelli.com\/de\/wp-json\/wp\/v2\/product_tag?post=495148"}],"curies":[{"name":"wp","href":"https:\/\/api.w.org\/{rel}","templated":true}]}}