{"id":491132,"date":"2025-07-18T16:23:36","date_gmt":"2025-07-18T14:23:36","guid":{"rendered":"https:\/\/lucacastelli.com\/?post_type=product&#038;p=491132"},"modified":"2025-07-18T16:23:59","modified_gmt":"2025-07-18T14:23:59","slug":"milwaukee-frese-in-hss-71","status":"publish","type":"product","link":"https:\/\/lucacastelli.com\/de\/produkt\/milwaukee-frese-in-hss-71\/","title":{"rendered":"MILWAUKEE Frese in HSS"},"content":{"rendered":"<p>100% pi\u00f9 veloce Grazie alla presenza di pi\u00f9 taglienti, il foro con le frese risulta nettamente pi\u00f9 veloce;Maggior durata. La fresa subisce minor attrito durante il foro, rispetto alla classica punta in metallo. Questa caratteristica insieme allo spessore di 6 mm, consente di ridurre al minimo il rischio di rottura della punta stessa;Frese HSS con pareti di spessore elevato per una maggiore durate e vita utile;Frese per metallo in HSS con attacco Weldon da 19 mm<\/p>\n","protected":false},"excerpt":{"rendered":"<p>100% pi\u00f9 veloce Grazie alla presenza di pi\u00f9 taglienti, il foro con le frese risulta nettamente pi\u00f9 veloce;Maggior durata. La<\/p>\n","protected":false},"featured_media":486380,"template":"","meta":{"_seopress_robots_primary_cat":"","_seopress_titles_title":"","_seopress_titles_desc":"","_seopress_robots_index":""},"product_brand":[3407],"product_cat":[29,549,550],"product_tag":[3270],"class_list":{"0":"post-491132","1":"product","2":"type-product","3":"status-publish","4":"has-post-thumbnail","6":"product_brand-milwaukee","7":"product_cat-macchinari","8":"product_cat-trapani-e-avvitatori","9":"product_cat-accessori-per-trapani-ed-avvitatori","10":"product_tag-import-milwau","11":"sws-gruppo-macchinari-de","12":"sws-conto-ricavi-merci-rivendita-macchinari-de","13":"sws-gruppo-iva-iva81-de","15":"first","16":"onbackorder","17":"sale","18":"shipping-taxable","19":"purchasable","20":"product-type-simple"},"_links":{"self":[{"href":"https:\/\/lucacastelli.com\/de\/wp-json\/wp\/v2\/product\/491132","targetHints":{"allow":["GET"]}}],"collection":[{"href":"https:\/\/lucacastelli.com\/de\/wp-json\/wp\/v2\/product"}],"about":[{"href":"https:\/\/lucacastelli.com\/de\/wp-json\/wp\/v2\/types\/product"}],"wp:featuredmedia":[{"embeddable":true,"href":"https:\/\/lucacastelli.com\/de\/wp-json\/wp\/v2\/media\/486380"}],"wp:attachment":[{"href":"https:\/\/lucacastelli.com\/de\/wp-json\/wp\/v2\/media?parent=491132"}],"wp:term":[{"taxonomy":"product_brand","embeddable":true,"href":"https:\/\/lucacastelli.com\/de\/wp-json\/wp\/v2\/product_brand?post=491132"},{"taxonomy":"product_cat","embeddable":true,"href":"https:\/\/lucacastelli.com\/de\/wp-json\/wp\/v2\/product_cat?post=491132"},{"taxonomy":"product_tag","embeddable":true,"href":"https:\/\/lucacastelli.com\/de\/wp-json\/wp\/v2\/product_tag?post=491132"}],"curies":[{"name":"wp","href":"https:\/\/api.w.org\/{rel}","templated":true}]}}